{"id":31408,"date":"2024-04-08T17:31:09","date_gmt":"2024-04-08T17:31:09","guid":{"rendered":"https:\/\/store.handsomecake.com\/product\/world-of-warcraft-sylvanas-windrunner-14-resin-statue-von-bus-studio\/"},"modified":"2025-01-09T17:46:24","modified_gmt":"2025-01-09T17:46:24","slug":"world-of-warcraft-sylvanas-windrunner-14-resin-statue-von-bus-studio","status":"publish","type":"product","link":"https:\/\/store.handsomecake.com\/en\/product\/world-of-warcraft-sylvanas-windrunner-14-resin-statue-von-bus-studio\/","title":{"rendered":"World of Warcraft &#8211; Sylvanas Windrunner | 1:4 Resin Statue | von BUS Studio"},"content":{"rendered":"<p><strong>World of Warcraft &#8211; Sylvanas Windrunner | 1:4 Resin Statue | von BUS Studio<\/strong><\/p>\n<p>I do ship EU-wide, please contact me, should questions arise.<\/p>\n<p><span style=\"color: #ffffff;\"><em><span style=\"background-color: #2c3e50;\">\u00a0&#8220;\u00a0\u00a0\u00a0\u00a0\u00a0\u00a0 Icecrown&#8230; a monument to our suffering. The veil between life and death. Where a usurper sits on a Frozen Throne. But no king rules forever.\u00a0\u00a0\u00a0\u00a0\u00a0\u00a0 &#8220;\u00a0 <\/span><\/em><\/span><\/p>\n<p>Tolle Statue der gef\u00fcrchteten Bansheek\u00f6nigin und Anf\u00fchrerin der Untoten.<br \/>\nWunderbar verarbeitete und sehr detaillierte Sylvanas Statue aus Polystone &#8211; k\u00fcnstlichem Stein-Harz-Gemisch.<\/p>\n<p><strong>Besonderheiten:<\/strong><\/p>\n<ul>\n<li>weltweit 297 St\u00fcck verf\u00fcgbar<\/li>\n<li>Versionen A, B, C, EX-A, EX-B sind in zwei Farben verf\u00fcgbar: High Elf und Forsaken<\/li>\n<li>Version A: Stehende Pose.<\/li>\n<li>Version A Exclusive: Enth\u00e4lt Version A + austauschbarer unbekleideter Oberk\u00f6rper und austauschbare unbekleidete Unterk\u00f6rper.<\/li>\n<li>Version B (aus PU hergestellt): Sitzende Pose mit austauschbaren K\u00f6pfen (aloof\/climactic), austauschbaren Armen und austauschbaren Beinen (normal\/Seidenstr\u00fcmpfe)<\/li>\n<li>Version B Exclusive: Enth\u00e4lt Version B + Sockel + zweiter K\u00f6rper(beide K\u00f6rper auf einem Sockel)<\/li>\n<li>Version C: Wie Version B (aber aus Silikagel gefertigt), inklusive Sockel und abnehmbarem Kleid.<\/li>\n<\/ul>\n<p><strong>Release-Status:<\/strong><\/p>\n<ul>\n<li>Preorder. Statue wird sch\u00e4tzungsweise Ende Q4 2024 fertiggestellt und wir erwarten sie bei uns im Lager gegen Ende Februar 2025.<\/li>\n<li>Diese Angabe ist ohne Gew\u00e4hr! Wir leiten nur die Sch\u00e4tzung vom Hersteller weiter.<\/li>\n<li>Falls das Datum \u00fcberschritten wurde und hier immer noch eine Sch\u00e4tzung aus der Vergangenheit steht, dann bedeutet das NICHT, dass die Figur bereits im Lager in Deutschland ist. Sie ist NUR dann auf Lager in Deutschland, wenn der Text dies entsprechend sagt und\/oder die Kategorie weiter oben &#8222;Lagernd vor Ort&#8220; hei\u00dft.<\/li>\n<\/ul>\n<p>Wie immer bei meinen Aktionen &#8211; s\u00e4mtliche Geb\u00fchren sind, im Gegensatz zu anderen Angeboten, bereits inkludiert. Versand erfolgt ausschlie\u00dflich aus Deutschland, es fallen keine Zoll- und Importgeb\u00fchren an. Ihr kauft keine Katze im Sack \ud83d\ude42<\/p>\n<p><strong>Ma\u00dfe der Statue:<\/strong><\/p>\n<ul>\n<li>Gr\u00f6\u00dfe (A) : ca. H65cm x W50cm x D30cm<\/li>\n<li>Gr\u00f6\u00dfe (B\/C) : ca. H25cm x W22cm x D25cm<\/li>\n<li>Gewicht: TBA, gesch\u00e4tzt: ca. 12kg<\/li>\n<\/ul>\n<p>You are not prepared! \ud83d\ude42<\/p>","protected":false},"excerpt":{"rendered":"<p>World of Warcraft &#8211; Sylvanas Windrunner | 1:4 Resin Statue | von BUS Studio I do ship EU-wide, please contact me, should questions arise. \u00a0&#8220;\u00a0\u00a0\u00a0\u00a0\u00a0\u00a0 Icecrown&#8230; a monument to our suffering. The veil between life and death. Where a usurper sits on a Frozen Throne. But no king rules forever.\u00a0\u00a0\u00a0\u00a0\u00a0\u00a0 &#8220;\u00a0 Tolle Statue der gef\u00fcrchteten [&hellip;]<\/p>\n","protected":false},"featured_media":31427,"comment_status":"closed","ping_status":"closed","template":"","meta":[],"product_brand":[],"product_cat":[24,568,81,85],"product_tag":[479,147,251,795,154,255,136,137,379,381,552,665,380,382,547,1170,1171,1172,358,718,224,104,239,103],"class_list":{"0":"post-31408","1":"product","2":"type-product","3":"status-publish","4":"has-post-thumbnail","6":"product_cat-action-figuren","7":"product_cat-preorder","8":"product_cat-statuen-computerspieluniversum","9":"product_cat-warcraft","10":"product_tag-collectible","11":"product_tag-collectibles","12":"product_tag-collectibles-kaufen","13":"product_tag-handsomecake","14":"product_tag-resin-collectibles","15":"product_tag-resin-collectibles-kaufen","16":"product_tag-resin-statuen","17":"product_tag-resin-statuen-kaufen","18":"product_tag-statue-collectible","19":"product_tag-statue-collectibles","20":"product_tag-statue-collector","21":"product_tag-statuen-shop","22":"product_tag-statues-collectible","23":"product_tag-statues-collectibles","24":"product_tag-statues-collector","25":"product_tag-sylvanas","26":"product_tag-sylvanas-collectible","27":"product_tag-sylvanas-statue","28":"product_tag-sylvanas-windrunner","29":"product_tag-toys","30":"product_tag-world-of-warcraft-collectibles","31":"product_tag-world-of-warcraft-statuen","32":"product_tag-wow-collectibles","33":"product_tag-wow-statuen","34":"pa_brand-bus-studio","35":"pa_scale-1_to_4","37":"first","38":"instock","39":"sold-individually","40":"taxable","41":"shipping-taxable","42":"product-type-variable"},"_links":{"self":[{"href":"https:\/\/store.handsomecake.com\/en\/wp-json\/wp\/v2\/product\/31408","targetHints":{"allow":["GET"]}}],"collection":[{"href":"https:\/\/store.handsomecake.com\/en\/wp-json\/wp\/v2\/product"}],"about":[{"href":"https:\/\/store.handsomecake.com\/en\/wp-json\/wp\/v2\/types\/product"}],"replies":[{"embeddable":true,"href":"https:\/\/store.handsomecake.com\/en\/wp-json\/wp\/v2\/comments?post=31408"}],"wp:featuredmedia":[{"embeddable":true,"href":"https:\/\/store.handsomecake.com\/en\/wp-json\/wp\/v2\/media\/31427"}],"wp:attachment":[{"href":"https:\/\/store.handsomecake.com\/en\/wp-json\/wp\/v2\/media?parent=31408"}],"wp:term":[{"taxonomy":"product_brand","embeddable":true,"href":"https:\/\/store.handsomecake.com\/en\/wp-json\/wp\/v2\/product_brand?post=31408"},{"taxonomy":"product_cat","embeddable":true,"href":"https:\/\/store.handsomecake.com\/en\/wp-json\/wp\/v2\/product_cat?post=31408"},{"taxonomy":"product_tag","embeddable":true,"href":"https:\/\/store.handsomecake.com\/en\/wp-json\/wp\/v2\/product_tag?post=31408"}],"curies":[{"name":"wp","href":"https:\/\/api.w.org\/{rel}","templated":true}]}}