{"id":31395,"date":"2024-04-08T17:27:40","date_gmt":"2024-04-08T17:27:40","guid":{"rendered":"https:\/\/store.handsomecake.com\/product\/nier-automata-yorha-no-2-type-b-14-resin-statue-von-coolbear-studio\/"},"modified":"2024-09-26T09:32:35","modified_gmt":"2024-09-26T09:32:35","slug":"nier-automata-yorha-no-2-type-b-14-resin-statue-von-coolbear-studio","status":"publish","type":"product","link":"https:\/\/store.handsomecake.com\/en\/product\/nier-automata-yorha-no-2-type-b-14-resin-statue-von-coolbear-studio\/","title":{"rendered":"Nier Automata &#8211; YoRHa No.2 Type B | 1:4 Resin Statue | von Coolbear Studio"},"content":{"rendered":"<p><strong>Nier Automata &#8211; YoRHa No.2 Type B | 1:4 Resin Statue | von Coolbear Studio<\/strong><\/p>\n<p>EU Taxfree! I do ship EU-wide, please contact me, should questions arise.<\/p>\n<p>Tolle Statue unserer geliebten Androidk\u00e4mpferin.<br \/>\nWunderbar verarbeitete und sehr detaillierte Statue von YoRHa No.2 Type B aus Polystone &#8211; k\u00fcnstlichem Stein-Harz-Gemisch.<\/p>\n<p><strong>Besonderheiten:<\/strong><\/p>\n<ul>\n<li>EX Version (mit LED, Oberk\u00f6rper Kleidung abnehmbar)<\/li>\n<li>Regular(Oberk\u00f6rper Kleidung abnehmbar) und Bikini (Bikini abnehmbar) Versionen verf\u00fcgbar<\/li>\n<li>auch folgende Kombinationen von verschiedenen Versionen erh\u00e4ltlich:<\/li>\n<\/ul>\n<p style=\"margin-left: 40px;\">&#8211; EX(wei\u00df) + Bikini<\/p>\n<p style=\"margin-left: 40px;\">&#8211; EX(schwarz) + Bikini<\/p>\n<p style=\"margin-left: 40px;\">&#8211; Regular(wei\u00df) + Bikini<\/p>\n<p style=\"margin-left: 40px;\">&#8211; Regular(schwarz) + Bikini<\/p>\n<ul>\n<li>Regul\u00e4re, EX und Kombination Versionen beinhalten einen Kopf mit Augenbinde<\/li>\n<li>&#8222;Show Gesicht&#8220; Kopf ist bei allen Versionen zusammen mit einem Basissockel verf\u00fcgbar<\/li>\n<li>die Farbe der Unterw\u00e4sche wird \u00fcberarbeitet<\/li>\n<\/ul>\n<p><strong>Release-Status:<\/strong><\/p>\n<ul>\n<li>Preorder. Voraussichtliches Release-Datum: Q1 2025. Wir erwarten die Statue bei uns im Lager sch\u00e4tzungsweise Ende Mai 2025.<\/li>\n<li>Diese Angabe ist ohne Gew\u00e4hr! Wir leiten nur die Sch\u00e4tzung vom Hersteller weiter.<\/li>\n<li>Falls das Datum \u00fcberschritten wurde und hier immer noch eine Sch\u00e4tzung aus der Vergangenheit steht, dann bedeutet das NICHT, dass die Figur bereits im Lager in Deutschland ist. Sie ist NUR dann auf Lager in Deutschland, wenn der Text dies entsprechend sagt und\/oder die Kategorie weiter oben &#8222;Lagernd vor Ort&#8220; hei\u00dft.<\/li>\n<\/ul>\n<p>Wie immer bei meinen Aktionen &#8211; s\u00e4mtliche Geb\u00fchren sind, im Gegensatz zu anderen Angeboten, bereits inkludiert. Versand erfolgt ausschlie\u00dflich aus Deutschland, es fallen keine Zoll- und Importgeb\u00fchren an. Ihr kauft keine Katze im Sack \ud83d\ude42<\/p>\n<p><strong>Ma\u00dfe der Statue:<\/strong><\/p>\n<ul>\n<li>Gr\u00f6\u00dfe (Regular) : H55cm x W45cm x D30cm<\/li>\n<li>Gr\u00f6\u00dfe (Exclusive) : H53cm x W40cm x D22cm<\/li>\n<li>Gr\u00f6\u00dfe (Bikini) : H61cm x W46cm x D42cm<\/li>\n<li>Gewicht: TBA, gesch\u00e4tzt ca. 16 kg<\/li>\n<\/ul>\n<p>You are not prepared! \ud83d\ude42<\/p>","protected":false},"excerpt":{"rendered":"<p>Nier Automata &#8211; YoRHa No.2 Type B | 1:4 Resin Statue | von Coolbear Studio EU Taxfree! I do ship EU-wide, please contact me, should questions arise. Tolle Statue unserer geliebten Androidk\u00e4mpferin. Wunderbar verarbeitete und sehr detaillierte Statue von YoRHa No.2 Type B aus Polystone &#8211; k\u00fcnstlichem Stein-Harz-Gemisch. Besonderheiten: EX Version (mit LED, Oberk\u00f6rper Kleidung [&hellip;]<\/p>\n","protected":false},"featured_media":31429,"comment_status":"closed","ping_status":"closed","template":"","meta":[],"product_brand":[],"product_cat":[24,641,81,567],"product_tag":[666,717,640,658,479,147,251,795,763,252,253,254,765,154,255,136,137,379,381,552,380,382,547,718,768,770,771,767,769,766],"class_list":{"0":"post-31395","1":"product","2":"type-product","3":"status-publish","4":"has-post-thumbnail","6":"product_cat-action-figuren","7":"product_cat-nier-automata","8":"product_cat-statuen-computerspieluniversum","9":"product_cat-in_stock_warehouse_china","10":"product_tag-anime-figuren-shop","11":"product_tag-anime-shop","12":"product_tag-anime-statuen","13":"product_tag-anime-toys","14":"product_tag-collectible","15":"product_tag-collectibles","16":"product_tag-collectibles-kaufen","17":"product_tag-handsomecake","18":"product_tag-nier","19":"product_tag-nier-automata","20":"product_tag-nier-automata-collectibles","21":"product_tag-nier-automata-statuen","22":"product_tag-nier-automata-statuen-kaufen","23":"product_tag-resin-collectibles","24":"product_tag-resin-collectibles-kaufen","25":"product_tag-resin-statuen","26":"product_tag-resin-statuen-kaufen","27":"product_tag-statue-collectible","28":"product_tag-statue-collectibles","29":"product_tag-statue-collector","30":"product_tag-statues-collectible","31":"product_tag-statues-collectibles","32":"product_tag-statues-collector","33":"product_tag-toys","34":"product_tag-yorha-collectible","35":"product_tag-yorha-figure","36":"product_tag-yorha-figurine","37":"product_tag-yorha-statue","38":"product_tag-yorha-toy","39":"product_tag-yorha-type-b","40":"pa_brand-coolbear-studio","41":"pa_scale-1_to_4","43":"first","44":"instock","45":"taxable","46":"shipping-taxable","47":"product-type-variable"},"_links":{"self":[{"href":"https:\/\/store.handsomecake.com\/en\/wp-json\/wp\/v2\/product\/31395","targetHints":{"allow":["GET"]}}],"collection":[{"href":"https:\/\/store.handsomecake.com\/en\/wp-json\/wp\/v2\/product"}],"about":[{"href":"https:\/\/store.handsomecake.com\/en\/wp-json\/wp\/v2\/types\/product"}],"replies":[{"embeddable":true,"href":"https:\/\/store.handsomecake.com\/en\/wp-json\/wp\/v2\/comments?post=31395"}],"wp:featuredmedia":[{"embeddable":true,"href":"https:\/\/store.handsomecake.com\/en\/wp-json\/wp\/v2\/media\/31429"}],"wp:attachment":[{"href":"https:\/\/store.handsomecake.com\/en\/wp-json\/wp\/v2\/media?parent=31395"}],"wp:term":[{"taxonomy":"product_brand","embeddable":true,"href":"https:\/\/store.handsomecake.com\/en\/wp-json\/wp\/v2\/product_brand?post=31395"},{"taxonomy":"product_cat","embeddable":true,"href":"https:\/\/store.handsomecake.com\/en\/wp-json\/wp\/v2\/product_cat?post=31395"},{"taxonomy":"product_tag","embeddable":true,"href":"https:\/\/store.handsomecake.com\/en\/wp-json\/wp\/v2\/product_tag?post=31395"}],"curies":[{"name":"wp","href":"https:\/\/api.w.org\/{rel}","templated":true}]}}