{"id":31384,"date":"2024-04-08T17:25:21","date_gmt":"2024-04-08T17:25:21","guid":{"rendered":"https:\/\/store.handsomecake.com\/product\/naruto-tsunade-16-resin-statue-von-yomi-studio\/"},"modified":"2024-06-12T16:36:49","modified_gmt":"2024-06-12T16:36:49","slug":"naruto-tsunade-16-resin-statue-von-yomi-studio","status":"publish","type":"product","link":"https:\/\/store.handsomecake.com\/en\/product\/naruto-tsunade-16-resin-statue-von-yomi-studio\/","title":{"rendered":"Naruto &#8211; Tsunade | 1:6 Resin Statue | von Yomi Studio"},"content":{"rendered":"<p><strong>Naruto &#8211; Tsunade | 1:6 Resin Statue | von Yomi Studio<\/strong><\/p>\n<p>EU Taxfree! I do ship EU-wide, please contact me, should questions arise.<\/p>\n<p>Tolle Statue einer der drei legend\u00e4ren Sannin.<br \/>\nWunderbar verarbeitete und sehr detaillierte Statue von Tsunade aus Polystone &#8211; k\u00fcnstlichem Stein-Harz-Gemisch.<\/p>\n<p><strong>Besonderheiten:<\/strong><\/p>\n<ul>\n<li>weltweit nur 288 St\u00fcck<\/li>\n<li>Kleidung abnehmar<\/li>\n<\/ul>\n<p><strong>Release-Status:<\/strong><\/p>\n<ul>\n<li>Preorder. Statue wird voraussichtlich Q4 2024 erscheinen und wir erwarten sie voraussichtlich Ende Februar 2025 im Warenlager.<\/li>\n<li>Diese Angabe ist ohne Gew\u00e4hr! Wir leiten nur die Sch\u00e4tzung vom Hersteller weiter.<\/li>\n<li>Falls das Datum \u00fcberschritten wurde und hier immer noch eine Sch\u00e4tzung aus der Vergangenheit steht, dann bedeutet das NICHT, dass die Figur bereits im Lager in Deutschland ist. Sie ist NUR dann auf Lager in Deutschland, wenn der Text dies entsprechend sagt und\/oder die Kategorie weiter oben &#8222;Lagernd vor Ort&#8220; hei\u00dft.<\/li>\n<\/ul>\n<p>Wie immer bei meinen Artikeln &#8211; s\u00e4mtliche Geb\u00fchren sind, im Gegensatz zu anderen Angeboten, bereits inkludiert. Versand erfolgt ausschlie\u00dflich aus Deutschland, es fallen keine Zoll- und Importgeb\u00fchren an. Ihr kauft keine Katze im Sack \ud83d\ude42<\/p>\n<p><strong>Ma\u00dfe der Statue:<\/strong><\/p>\n<ul>\n<li>Gr\u00f6\u00dfe: ca. H34cm x cm x cm<\/li>\n<li>Gewicht: TBA, ca. 9kg (gesch\u00e4tzt)<\/li>\n<\/ul>\n<p>You are not prepared! \ud83d\ude42<\/p>","protected":false},"excerpt":{"rendered":"<p>Naruto &#8211; Tsunade | 1:6 Resin Statue | von Yomi Studio EU Taxfree! I do ship EU-wide, please contact me, should questions arise. Tolle Statue einer der drei legend\u00e4ren Sannin. Wunderbar verarbeitete und sehr detaillierte Statue von Tsunade aus Polystone &#8211; k\u00fcnstlichem Stein-Harz-Gemisch. Besonderheiten: weltweit nur 288 St\u00fcck Kleidung abnehmar Release-Status: Preorder. Statue wird voraussichtlich [&hellip;]<\/p>\n","protected":false},"featured_media":31430,"comment_status":"closed","ping_status":"closed","template":"","meta":[],"product_brand":[],"product_cat":[24,88,568,84],"product_tag":[656,659,660,657,640,658,147,251,168,296,1626,169,170,154,136,137,3276,3277,3278],"class_list":{"0":"post-31384","1":"product","2":"type-product","3":"status-publish","4":"has-post-thumbnail","6":"product_cat-action-figuren","7":"product_cat-naruto","8":"product_cat-preorder","9":"product_cat-statuen-anime-comic-universum","10":"product_tag-anime-collectibles","11":"product_tag-anime-figuren","12":"product_tag-anime-figuren-naruto","13":"product_tag-anime-figures","14":"product_tag-anime-statuen","15":"product_tag-anime-toys","16":"product_tag-collectibles","17":"product_tag-collectibles-kaufen","18":"product_tag-naruto-collectibles","19":"product_tag-naruto-collectibles-kaufen","20":"product_tag-naruto-shippuden","21":"product_tag-naruto-statuen","22":"product_tag-naruto-statuen-kaufen","23":"product_tag-resin-collectibles","24":"product_tag-resin-statuen","25":"product_tag-resin-statuen-kaufen","26":"product_tag-tsunade","27":"product_tag-tsunade-collectible","28":"product_tag-tsunade-statue","29":"pa_brand-yomi-studio","30":"pa_scale-1_to_6","32":"first","33":"instock","34":"taxable","35":"shipping-taxable","36":"product-type-simple"},"_links":{"self":[{"href":"https:\/\/store.handsomecake.com\/en\/wp-json\/wp\/v2\/product\/31384","targetHints":{"allow":["GET"]}}],"collection":[{"href":"https:\/\/store.handsomecake.com\/en\/wp-json\/wp\/v2\/product"}],"about":[{"href":"https:\/\/store.handsomecake.com\/en\/wp-json\/wp\/v2\/types\/product"}],"replies":[{"embeddable":true,"href":"https:\/\/store.handsomecake.com\/en\/wp-json\/wp\/v2\/comments?post=31384"}],"wp:featuredmedia":[{"embeddable":true,"href":"https:\/\/store.handsomecake.com\/en\/wp-json\/wp\/v2\/media\/31430"}],"wp:attachment":[{"href":"https:\/\/store.handsomecake.com\/en\/wp-json\/wp\/v2\/media?parent=31384"}],"wp:term":[{"taxonomy":"product_brand","embeddable":true,"href":"https:\/\/store.handsomecake.com\/en\/wp-json\/wp\/v2\/product_brand?post=31384"},{"taxonomy":"product_cat","embeddable":true,"href":"https:\/\/store.handsomecake.com\/en\/wp-json\/wp\/v2\/product_cat?post=31384"},{"taxonomy":"product_tag","embeddable":true,"href":"https:\/\/store.handsomecake.com\/en\/wp-json\/wp\/v2\/product_tag?post=31384"}],"curies":[{"name":"wp","href":"https:\/\/api.w.org\/{rel}","templated":true}]}}