{"id":31249,"date":"2024-04-04T01:19:13","date_gmt":"2024-04-04T01:19:13","guid":{"rendered":"https:\/\/store.handsomecake.com\/product\/xenoblade-chronicles-2-pyra-14-resin-statue-von-fallen-angel-studio\/"},"modified":"2024-06-12T16:36:46","modified_gmt":"2024-06-12T16:36:46","slug":"xenoblade-chronicles-2-pyra-14-resin-statue-von-fallen-angel-studio","status":"publish","type":"product","link":"https:\/\/store.handsomecake.com\/en\/product\/xenoblade-chronicles-2-pyra-14-resin-statue-von-fallen-angel-studio\/","title":{"rendered":"Xenoblade Chronicles 2 &#8211; Pyra | 1:4 Resin Statue | von Fallen Angel Studio"},"content":{"rendered":"<p><strong>Xenoblade Chronicles 2 &#8211; Pyra | 1:4 Resin Statue | von Fallen Angel Studio<\/strong><\/p>\n<p>EU Taxfree! I do ship EU-wide, please contact me, should questions arise.<\/p>\n<p><em><span style=\"color: #ffffff;\"><span style=\"background-color: #2c3e50;\">\u00a0&#8220; I have a request. Can you&#8230;take me to Elysium? &#8220;\u00a0 <\/span><\/span><\/em><\/p>\n<p>Tolle Statue von Homura.<br \/>\nWunderbar verarbeitete und sehr detaillierte Pyra Statue aus Polystone &#8211; k\u00fcnstlichem Stein-Harz-Gemisch.<\/p>\n<p><strong>Besonderheiten:<\/strong><\/p>\n<ul>\n<li>weltweit 199 St\u00fcck<\/li>\n<li>Exclusive Version ( Anzug Version + Bikini Version)<\/li>\n<li>Anzug Version und Bikini Version sind auch separat erh\u00e4ltlich<\/li>\n<li>Kleidung abnehmbar<\/li>\n<li>austauschbarer CG Kopf<\/li>\n<\/ul>\n<p><strong>Release-Status:<\/strong><\/p>\n<ul>\n<li>Preorder. Statue wird voraussichtlich Q1 2025 released und wir erwarten sie sch\u00e4tzungsweise Ende Mai 2025 im Lager.<\/li>\n<li>Diese Angabe ist ohne Gew\u00e4hr! Wir leiten nur die Sch\u00e4tzung vom Hersteller weiter.<\/li>\n<li>Falls das Datum \u00fcberschritten wurde und hier immer noch eine Sch\u00e4tzung aus der Vergangenheit steht, dann bedeutet das NICHT, dass die Figur bereits im Lager in Deutschland ist. Sie ist NUR dann auf Lager in Deutschland, wenn der Text dies entsprechend sagt und\/oder die Kategorie weiter oben &#8222;Lagernd vor Ort&#8220; hei\u00dft.<\/li>\n<\/ul>\n<p>Wie immer bei meinen Aktionen &#8211; s\u00e4mtliche Geb\u00fchren sind, im Gegensatz zu anderen Angeboten, bereits inkludiert. Versand erfolgt ausschlie\u00dflich aus Deutschland, es fallen keine Zoll- und Importgeb\u00fchren an. Ihr kauft keine Katze im Sack \ud83d\ude42<\/p>\n<p><strong>Ma\u00dfe der Statue:<\/strong><\/p>\n<ul>\n<li>Gr\u00f6\u00dfe ( Anzug-Version ): ca. H76cm x D39cm x W39cm<\/li>\n<li>Gr\u00f6\u00dfe ( Bikini ): ca. H54cm x D15cm x W15cm<\/li>\n<li>Gewicht: TBA, gesch\u00e4tzt: ca. 20 kg<\/li>\n<\/ul>\n<p>You are not prepared! \ud83d\ude42<\/p>","protected":false},"excerpt":{"rendered":"<p>Xenoblade Chronicles 2 &#8211; Pyra | 1:4 Resin Statue | von Fallen Angel Studio EU Taxfree! I do ship EU-wide, please contact me, should questions arise. \u00a0&#8220; I have a request. Can you&#8230;take me to Elysium? &#8220;\u00a0 Tolle Statue von Homura. Wunderbar verarbeitete und sehr detaillierte Pyra Statue aus Polystone &#8211; k\u00fcnstlichem Stein-Harz-Gemisch. Besonderheiten: weltweit [&hellip;]<\/p>\n","protected":false},"featured_media":31259,"comment_status":"closed","ping_status":"closed","template":"","meta":[],"product_brand":[],"product_cat":[24,568,81],"product_tag":[147,383,3264,3265,3266,154,255,136,137,379,381,380,382,547,3186,3187,3188,3267,3190],"class_list":{"0":"post-31249","1":"product","2":"type-product","3":"status-publish","4":"has-post-thumbnail","6":"product_cat-action-figuren","7":"product_cat-preorder","8":"product_cat-statuen-computerspieluniversum","9":"product_tag-collectibles","10":"product_tag-collector","11":"product_tag-pyra","12":"product_tag-pyra-figure","13":"product_tag-pyra-statue","14":"product_tag-resin-collectibles","15":"product_tag-resin-collectibles-kaufen","16":"product_tag-resin-statuen","17":"product_tag-resin-statuen-kaufen","18":"product_tag-statue-collectible","19":"product_tag-statue-collectibles","20":"product_tag-statues-collectible","21":"product_tag-statues-collectibles","22":"product_tag-statues-collector","23":"product_tag-xenoblade","24":"product_tag-xenoblade-collectibles","25":"product_tag-xenoblade-figures","26":"product_tag-xenoblade-pyra","27":"product_tag-xenoblade-resin","28":"pa_brand-fallen-angel-studio","29":"pa_scale-1_to_4","31":"first","32":"instock","33":"taxable","34":"shipping-taxable","35":"product-type-variable"},"_links":{"self":[{"href":"https:\/\/store.handsomecake.com\/en\/wp-json\/wp\/v2\/product\/31249","targetHints":{"allow":["GET"]}}],"collection":[{"href":"https:\/\/store.handsomecake.com\/en\/wp-json\/wp\/v2\/product"}],"about":[{"href":"https:\/\/store.handsomecake.com\/en\/wp-json\/wp\/v2\/types\/product"}],"replies":[{"embeddable":true,"href":"https:\/\/store.handsomecake.com\/en\/wp-json\/wp\/v2\/comments?post=31249"}],"wp:featuredmedia":[{"embeddable":true,"href":"https:\/\/store.handsomecake.com\/en\/wp-json\/wp\/v2\/media\/31259"}],"wp:attachment":[{"href":"https:\/\/store.handsomecake.com\/en\/wp-json\/wp\/v2\/media?parent=31249"}],"wp:term":[{"taxonomy":"product_brand","embeddable":true,"href":"https:\/\/store.handsomecake.com\/en\/wp-json\/wp\/v2\/product_brand?post=31249"},{"taxonomy":"product_cat","embeddable":true,"href":"https:\/\/store.handsomecake.com\/en\/wp-json\/wp\/v2\/product_cat?post=31249"},{"taxonomy":"product_tag","embeddable":true,"href":"https:\/\/store.handsomecake.com\/en\/wp-json\/wp\/v2\/product_tag?post=31249"}],"curies":[{"name":"wp","href":"https:\/\/api.w.org\/{rel}","templated":true}]}}