{"id":31237,"date":"2024-04-04T01:17:14","date_gmt":"2024-04-04T01:17:14","guid":{"rendered":"https:\/\/store.handsomecake.com\/product\/final-fantasy-x-jecht-14-resin-statue-von-joy-station\/"},"modified":"2024-06-12T16:36:32","modified_gmt":"2024-06-12T16:36:32","slug":"final-fantasy-x-jecht-14-resin-statue-von-joy-station","status":"publish","type":"product","link":"https:\/\/store.handsomecake.com\/en\/product\/final-fantasy-x-jecht-14-resin-statue-von-joy-station\/","title":{"rendered":"Final Fantasy X &#8211; Jecht | 1:4 Resin Statue | von JOY STATION"},"content":{"rendered":"<p><strong>Final Fantasy X &#8211; Jecht | 1:4 Resin Statue | von JOY STATION<\/strong><\/p>\n<p>EU Taxfree! I do ship EU-wide, please contact me, should questions arise.<br \/>\n<span style=\"color: #ffffff;\"><span style=\"background-color: #2c3e50;\">\u00a0&#8220; I ain&#8217;t gettin&#8216; any younger, so I might as well make myself useful. &#8220;\u00a0 <\/span><\/span><\/p>\n<p>Tolle Statue von einem der Leibgarden des Hohen Mediums Braska.<br \/>\nWunderbar verarbeitete und sehr detaillierte Jecht Statue aus Polystone &#8211; k\u00fcnstlichem Stein-Harz-Gemisch.<\/p>\n<p><strong>Besonderheiten:<\/strong><\/p>\n<ul>\n<li>weltweit auf nur 88 St\u00fcck begrenzt<\/li>\n<li>mit LED<\/li>\n<li>Bonus: gro\u00dfes Schwert mit Sockel, kleine Tidus-Figur.<\/li>\n<\/ul>\n<p><strong>Release-Status:<\/strong><\/p>\n<ul>\n<li>Preorder. Statue wird voraussichtlich Ende Q4 2024 released und wir erwarten sie sch\u00e4tzungsweise Ende Februar 2025 bei uns im Lager.<\/li>\n<li>Diese Angabe ist ohne Gew\u00e4hr! Wir leiten nur die Sch\u00e4tzung vom Hersteller weiter.<\/li>\n<li>Falls das Datum \u00fcberschritten wurde und hier immer noch eine Sch\u00e4tzung aus der Vergangenheit steht, dann bedeutet das NICHT, dass die Figur bereits im Lager in Deutschland ist. Sie ist NUR dann auf Lager in Deutschland, wenn der Text dies entsprechend sagt und\/oder die Kategorie weiter oben &#8222;Lagernd vor Ort&#8220; hei\u00dft.<\/li>\n<\/ul>\n<p>Wie immer bei meinen Aktionen &#8211; s\u00e4mtliche Geb\u00fchren sind, im Gegensatz zu anderen Angeboten, bereits inkludiert. Versand erfolgt ausschlie\u00dflich aus Deutschland, es fallen keine Zoll- und Importgeb\u00fchren an. Ihr kauft keine Katze im Sack \ud83d\ude42<\/p>\n<p><strong>Ma\u00dfe der Statue:<\/strong><\/p>\n<ul>\n<li>Gr\u00f6\u00dfe: H60cm x W25cm x L22cm<\/li>\n<li>Gewicht: ca. 12 kg<\/li>\n<\/ul>\n<p>You are not prepared! \ud83d\ude42<\/p>","protected":false},"excerpt":{"rendered":"<p>Final Fantasy X &#8211; Jecht | 1:4 Resin Statue | von JOY STATION EU Taxfree! I do ship EU-wide, please contact me, should questions arise. \u00a0&#8220; I ain&#8217;t gettin&#8216; any younger, so I might as well make myself useful. &#8220;\u00a0 Tolle Statue von einem der Leibgarden des Hohen Mediums Braska. Wunderbar verarbeitete und sehr detaillierte [&hellip;]<\/p>\n","protected":false},"featured_media":31258,"comment_status":"closed","ping_status":"closed","template":"","meta":[],"product_brand":[],"product_cat":[24,197,568,81],"product_tag":[612,666,717,794,662,640,658,147,251,198,1148,199,3268,3269,822,200,795,3270,3271,154,255,136,137,379,381,552,665,380,382,547],"class_list":{"0":"post-31237","1":"product","2":"type-product","3":"status-publish","4":"has-post-thumbnail","6":"product_cat-action-figuren","7":"product_cat-final-fantasy","8":"product_cat-preorder","9":"product_cat-statuen-computerspieluniversum","10":"product_tag-anime","11":"product_tag-anime-figuren-shop","12":"product_tag-anime-shop","13":"product_tag-anime-statue","14":"product_tag-anime-statue-shop","15":"product_tag-anime-statuen","16":"product_tag-anime-toys","17":"product_tag-collectibles","18":"product_tag-collectibles-kaufen","19":"product_tag-final-fantasy","20":"product_tag-final-fantasy-10","21":"product_tag-final-fantasy-collectibles","22":"product_tag-final-fantasy-jecht","23":"product_tag-final-fantasy-jecht-statue","24":"product_tag-final-fantasy-resin","25":"product_tag-final-fantasy-statuen","26":"product_tag-handsomecake","27":"product_tag-jecht-collectible","28":"product_tag-jecht-statue","29":"product_tag-resin-collectibles","30":"product_tag-resin-collectibles-kaufen","31":"product_tag-resin-statuen","32":"product_tag-resin-statuen-kaufen","33":"product_tag-statue-collectible","34":"product_tag-statue-collectibles","35":"product_tag-statue-collector","36":"product_tag-statuen-shop","37":"product_tag-statues-collectible","38":"product_tag-statues-collectibles","39":"product_tag-statues-collector","40":"pa_brand-joy-station-collectibles","41":"pa_scale-1_to_4","43":"first","44":"instock","45":"taxable","46":"shipping-taxable","47":"product-type-simple"},"_links":{"self":[{"href":"https:\/\/store.handsomecake.com\/en\/wp-json\/wp\/v2\/product\/31237","targetHints":{"allow":["GET"]}}],"collection":[{"href":"https:\/\/store.handsomecake.com\/en\/wp-json\/wp\/v2\/product"}],"about":[{"href":"https:\/\/store.handsomecake.com\/en\/wp-json\/wp\/v2\/types\/product"}],"replies":[{"embeddable":true,"href":"https:\/\/store.handsomecake.com\/en\/wp-json\/wp\/v2\/comments?post=31237"}],"wp:featuredmedia":[{"embeddable":true,"href":"https:\/\/store.handsomecake.com\/en\/wp-json\/wp\/v2\/media\/31258"}],"wp:attachment":[{"href":"https:\/\/store.handsomecake.com\/en\/wp-json\/wp\/v2\/media?parent=31237"}],"wp:term":[{"taxonomy":"product_brand","embeddable":true,"href":"https:\/\/store.handsomecake.com\/en\/wp-json\/wp\/v2\/product_brand?post=31237"},{"taxonomy":"product_cat","embeddable":true,"href":"https:\/\/store.handsomecake.com\/en\/wp-json\/wp\/v2\/product_cat?post=31237"},{"taxonomy":"product_tag","embeddable":true,"href":"https:\/\/store.handsomecake.com\/en\/wp-json\/wp\/v2\/product_tag?post=31237"}],"curies":[{"name":"wp","href":"https:\/\/api.w.org\/{rel}","templated":true}]}}