{"id":31235,"date":"2024-04-04T01:15:36","date_gmt":"2024-04-04T01:15:36","guid":{"rendered":"https:\/\/store.handsomecake.com\/product\/final-fantasy-tifa-lockhart-aerith-gainsborough-14-resin-statue-von-light-and-dust-studio\/"},"modified":"2025-12-05T13:11:03","modified_gmt":"2025-12-05T13:11:03","slug":"final-fantasy-tifa-lockhart-aerith-gainsborough-14-resin-statue-von-light-and-dust-studio","status":"publish","type":"product","link":"https:\/\/store.handsomecake.com\/en\/product\/final-fantasy-tifa-lockhart-aerith-gainsborough-14-resin-statue-von-light-and-dust-studio\/","title":{"rendered":"Final Fantasy &#8211; Tifa Lockhart &amp; Aerith Gainsborough | 1:4 Resin Statue | von Light and Dust Studio"},"content":{"rendered":"<p><strong>Final Fantasy &#8211; Tifa Lockhart &amp; Aerith Gainsborough | 1:4 Resin Statue | von Light and Dust Studio<\/strong><\/p>\n<p>EU Taxfree! I do ship EU-wide, please contact me, should questions arise.<\/p>\n<p>Tolle Statue, die die kampferprobte Barbesitzerin und die herzliche Blumenverk\u00e4uferin aus einem legend\u00e4ren Rollenspiel darstellt.<br \/>\nWunderbar verarbeitete und sehr detaillierte Tifa &amp; Aerith Statue aus Polystone &#8211; k\u00fcnstlichem Stein-Harz-Gemisch.<\/p>\n<p><strong>Besonderheiten:<\/strong><\/p>\n<ul>\n<li>weltweit auf 199 St\u00fcck begrenzt<\/li>\n<\/ul>\n<p><strong>Release-Status:<\/strong><\/p>\n<ul>\n<li>Preorder. Statue wird voraussichtlich Q4 2024 released. Wir erwarten sie bei uns gegen Ende Februar 2025.<\/li>\n<li>Diese Angabe ist ohne Gew\u00e4hr! Wir leiten nur die Sch\u00e4tzung vom Hersteller weiter.<\/li>\n<li>Falls das Datum \u00fcberschritten wurde und hier immer noch eine Sch\u00e4tzung aus der Vergangenheit steht, dann bedeutet das NICHT, dass die Figur bereits im Lager in Deutschland ist. Sie ist NUR dann auf Lager in Deutschland, wenn der Text dies entsprechend sagt und\/oder die Kategorie weiter oben &#8222;Lagernd vor Ort&#8220; hei\u00dft.<\/li>\n<\/ul>\n<p>Wie immer bei meinen Aktionen &#8211; s\u00e4mtliche Geb\u00fchren sind, im Gegensatz zu anderen Angeboten, bereits inkludiert. Versand erfolgt ausschlie\u00dflich aus Deutschland, es fallen keine Zoll- und Importgeb\u00fchren an. Ihr kauft keine Katze im Sack \ud83d\ude42<\/p>\n<p><strong>Ma\u00dfe der Statue:<\/strong><\/p>\n<ul>\n<li>Gr\u00f6\u00dfe: H32.7cm x W42.6cm x D28.5cm<\/li>\n<li>Gewicht: TBA, gesch\u00e4tzt: ca. 12 kg<\/li>\n<\/ul>\n<p>You are not prepared! \ud83d\ude42<\/p>","protected":false},"excerpt":{"rendered":"<p>Final Fantasy &#8211; Tifa Lockhart &amp; Aerith Gainsborough | 1:4 Resin Statue | von Light and Dust Studio EU Taxfree! I do ship EU-wide, please contact me, should questions arise. Tolle Statue, die die kampferprobte Barbesitzerin und die herzliche Blumenverk\u00e4uferin aus einem legend\u00e4ren Rollenspiel darstellt. Wunderbar verarbeitete und sehr detaillierte Tifa &amp; Aerith Statue aus [&hellip;]<\/p>\n","protected":false},"featured_media":31257,"comment_status":"closed","ping_status":"closed","template":"","meta":[],"product_brand":[],"product_cat":[24,197,568,81],"product_tag":[1910,1909,1911,612,666,717,794,662,640,658,147,251,198,201,199,822,200,1109,1110,795,154,255,136,137,379,381,552,665,380,382,547,1111,257,258,1112,1113,718],"class_list":{"0":"post-31235","1":"product","2":"type-product","3":"status-publish","4":"has-post-thumbnail","6":"product_cat-action-figuren","7":"product_cat-final-fantasy","8":"product_cat-preorder","9":"product_cat-statuen-computerspieluniversum","10":"product_tag-aerith-ainsborough","11":"product_tag-aerith-collectible","12":"product_tag-aerith-gainsborough-collectible","13":"product_tag-anime","14":"product_tag-anime-figuren-shop","15":"product_tag-anime-shop","16":"product_tag-anime-statue","17":"product_tag-anime-statue-shop","18":"product_tag-anime-statuen","19":"product_tag-anime-toys","20":"product_tag-collectibles","21":"product_tag-collectibles-kaufen","22":"product_tag-final-fantasy","23":"product_tag-final-fantasy-7-remake","24":"product_tag-final-fantasy-collectibles","25":"product_tag-final-fantasy-resin","26":"product_tag-final-fantasy-statuen","27":"product_tag-final-fantasy-tifa","28":"product_tag-final-fantasy-tifa-toy","29":"product_tag-handsomecake","30":"product_tag-resin-collectibles","31":"product_tag-resin-collectibles-kaufen","32":"product_tag-resin-statuen","33":"product_tag-resin-statuen-kaufen","34":"product_tag-statue-collectible","35":"product_tag-statue-collectibles","36":"product_tag-statue-collector","37":"product_tag-statuen-shop","38":"product_tag-statues-collectible","39":"product_tag-statues-collectibles","40":"product_tag-statues-collector","41":"product_tag-tifa-collectible","42":"product_tag-tifa-lockhart","43":"product_tag-tifa-lockhart-collectible","44":"product_tag-tifa-statue","45":"product_tag-tifa-toys","46":"product_tag-toys","47":"pa_brand-light-and-dust-studio","48":"pa_scale-1_to_4","50":"first","51":"outofstock","52":"taxable","53":"shipping-taxable","54":"product-type-simple"},"_links":{"self":[{"href":"https:\/\/store.handsomecake.com\/en\/wp-json\/wp\/v2\/product\/31235","targetHints":{"allow":["GET"]}}],"collection":[{"href":"https:\/\/store.handsomecake.com\/en\/wp-json\/wp\/v2\/product"}],"about":[{"href":"https:\/\/store.handsomecake.com\/en\/wp-json\/wp\/v2\/types\/product"}],"replies":[{"embeddable":true,"href":"https:\/\/store.handsomecake.com\/en\/wp-json\/wp\/v2\/comments?post=31235"}],"wp:featuredmedia":[{"embeddable":true,"href":"https:\/\/store.handsomecake.com\/en\/wp-json\/wp\/v2\/media\/31257"}],"wp:attachment":[{"href":"https:\/\/store.handsomecake.com\/en\/wp-json\/wp\/v2\/media?parent=31235"}],"wp:term":[{"taxonomy":"product_brand","embeddable":true,"href":"https:\/\/store.handsomecake.com\/en\/wp-json\/wp\/v2\/product_brand?post=31235"},{"taxonomy":"product_cat","embeddable":true,"href":"https:\/\/store.handsomecake.com\/en\/wp-json\/wp\/v2\/product_cat?post=31235"},{"taxonomy":"product_tag","embeddable":true,"href":"https:\/\/store.handsomecake.com\/en\/wp-json\/wp\/v2\/product_tag?post=31235"}],"curies":[{"name":"wp","href":"https:\/\/api.w.org\/{rel}","templated":true}]}}