{"id":31177,"date":"2024-04-01T15:32:02","date_gmt":"2024-04-01T15:32:02","guid":{"rendered":"https:\/\/store.handsomecake.com\/product\/top-cow-witchblade-14-resin-statue-von-xm-studios\/"},"modified":"2024-06-12T16:36:07","modified_gmt":"2024-06-12T16:36:07","slug":"top-cow-witchblade-14-resin-statue-von-xm-studios","status":"publish","type":"product","link":"https:\/\/store.handsomecake.com\/en\/product\/top-cow-witchblade-14-resin-statue-von-xm-studios\/","title":{"rendered":"Top Cow &#8211; Witchblade | 1:4 Resin Statue | von XM Studios"},"content":{"rendered":"<p><strong>Top Cow &#8211; Witchblade | 1:4 Resin Statue | von XM Studios<\/strong><\/p>\n<p>Tolle Statue von Sara Pezzini. (Witchblade # 10 Darkness #0 Variant)<br \/>\nWunderbar verarbeitete und sehr detaillierte Witchblade Statue aus Polystone &#8211; k\u00fcnstlichem Stein-Harz-Gemisch.<\/p>\n<p><strong>Besonderheiten<\/strong>:<\/p>\n<ul>\n<li>keine<\/li>\n<\/ul>\n<p><strong>Release-Status:<\/strong><\/p>\n<ul>\n<li>Preorder. Voraussichtliches Release-Datum: Q2 2024. Wir erwarten die Statue bei uns im Lager: August 2024<\/li>\n<li>Diese Angabe ist ohne Gew\u00e4hr! Wir leiten nur die Sch\u00e4tzung vom Hersteller weiter.<\/li>\n<li>Falls das Datum \u00fcberschritten wurde und hier immer noch eine Sch\u00e4tzung aus der Vergangenheit steht, dann bedeutet das _NICHT_, dass die Figur bereits im Lager in Deutschland ist. Sie ist _NUR_ dann auf Lager in Deutschland, wenn der Text dies entsprechend sagt und\/oder die Kategorie weiter oben &#8222;Lagernd vor Ort&#8220; hei\u00dft.<\/li>\n<\/ul>\n<p>Wie immer bei meinen Aktionen &#8211; s\u00e4mtliche Geb\u00fchren sind, im Gegensatz zu anderen Angeboten, bereits inkludiert. Versand erfolgt ausschlie\u00dflich aus Deutschland, es fallen keine Zoll- und Importgeb\u00fchren an. Ihr kauft keine Katze im Sack \ud83d\ude42<\/p>\n<p><strong>Ma\u00dfe der Statue:<\/strong><\/p>\n<ul>\n<li>Gr\u00f6\u00dfe: 40cm x 30cm x 58cm<\/li>\n<li>Gewicht: ca. 7kg<\/li>\n<\/ul>\n<p>You are not prepared! \ud83d\ude42<\/p>","protected":false},"excerpt":{"rendered":"<p>Top Cow &#8211; Witchblade | 1:4 Resin Statue | von XM Studios Tolle Statue von Sara Pezzini. (Witchblade # 10 Darkness #0 Variant) Wunderbar verarbeitete und sehr detaillierte Witchblade Statue aus Polystone &#8211; k\u00fcnstlichem Stein-Harz-Gemisch. Besonderheiten: keine Release-Status: Preorder. Voraussichtliches Release-Datum: Q2 2024. Wir erwarten die Statue bei uns im Lager: August 2024 Diese Angabe [&hellip;]<\/p>\n","protected":false},"featured_media":31214,"comment_status":"closed","ping_status":"closed","template":"","meta":[],"product_brand":[],"product_cat":[24,568,84],"product_tag":[658,147,251,795,154,136,137,379,381,665,380,382,718,3257,3258,3259,3260,3261,3262,3263],"class_list":{"0":"post-31177","1":"product","2":"type-product","3":"status-publish","4":"has-post-thumbnail","6":"product_cat-action-figuren","7":"product_cat-preorder","8":"product_cat-statuen-anime-comic-universum","9":"product_tag-anime-toys","10":"product_tag-collectibles","11":"product_tag-collectibles-kaufen","12":"product_tag-handsomecake","13":"product_tag-resin-collectibles","14":"product_tag-resin-statuen","15":"product_tag-resin-statuen-kaufen","16":"product_tag-statue-collectible","17":"product_tag-statue-collectibles","18":"product_tag-statuen-shop","19":"product_tag-statues-collectible","20":"product_tag-statues-collectibles","21":"product_tag-toys","22":"product_tag-witchblade","23":"product_tag-witchblade-collectibles","24":"product_tag-witchblade-figur","25":"product_tag-witchblade-resin","26":"product_tag-witchblade-resin-statue","27":"product_tag-witchblade-statue","28":"product_tag-witchblade-statuen","29":"pa_brand-xm-studios","30":"pa_scale-1_to_4","32":"first","33":"instock","34":"taxable","35":"shipping-taxable","36":"product-type-simple"},"_links":{"self":[{"href":"https:\/\/store.handsomecake.com\/en\/wp-json\/wp\/v2\/product\/31177","targetHints":{"allow":["GET"]}}],"collection":[{"href":"https:\/\/store.handsomecake.com\/en\/wp-json\/wp\/v2\/product"}],"about":[{"href":"https:\/\/store.handsomecake.com\/en\/wp-json\/wp\/v2\/types\/product"}],"replies":[{"embeddable":true,"href":"https:\/\/store.handsomecake.com\/en\/wp-json\/wp\/v2\/comments?post=31177"}],"wp:featuredmedia":[{"embeddable":true,"href":"https:\/\/store.handsomecake.com\/en\/wp-json\/wp\/v2\/media\/31214"}],"wp:attachment":[{"href":"https:\/\/store.handsomecake.com\/en\/wp-json\/wp\/v2\/media?parent=31177"}],"wp:term":[{"taxonomy":"product_brand","embeddable":true,"href":"https:\/\/store.handsomecake.com\/en\/wp-json\/wp\/v2\/product_brand?post=31177"},{"taxonomy":"product_cat","embeddable":true,"href":"https:\/\/store.handsomecake.com\/en\/wp-json\/wp\/v2\/product_cat?post=31177"},{"taxonomy":"product_tag","embeddable":true,"href":"https:\/\/store.handsomecake.com\/en\/wp-json\/wp\/v2\/product_tag?post=31177"}],"curies":[{"name":"wp","href":"https:\/\/api.w.org\/{rel}","templated":true}]}}