{"id":31122,"date":"2024-03-29T12:05:40","date_gmt":"2024-03-29T12:05:40","guid":{"rendered":"https:\/\/store.handsomecake.com\/product\/my-hero-academia-dabi-15-resin-statue-von-weare-a-design-studio\/"},"modified":"2025-12-05T20:56:59","modified_gmt":"2025-12-05T20:56:59","slug":"my-hero-academia-dabi-15-resin-statue-von-weare-a-design-studio","status":"publish","type":"product","link":"https:\/\/store.handsomecake.com\/en\/product\/my-hero-academia-dabi-15-resin-statue-von-weare-a-design-studio\/","title":{"rendered":"My Hero Academia \u2013 Dabi | 1:5 Resin Statue | von Weare A Design Studio"},"content":{"rendered":"<p><strong>My Hero Academia \u2013 Dabi | 1:5 Resin Statue | von Weare A Design Studio<\/strong><\/p>\n<p>EU Taxfree! I do ship EU-wide, please contact me, should questions arise.<\/p>\n<p>Tolle Statue von Toya Todoroki.<br \/>\nWunderbar verarbeitete und sehr detaillierte Dabi Statue in seiner Berserkerr\u00fcstung aus Polystone &#8211; k\u00fcnstlichem Stein-Harz-Gemisch.<\/p>\n<p><strong>Besonderheiten:<\/strong><\/p>\n<ul>\n<li>Exclusive Version : austauschbarer nackter K\u00f6rper ( mit 2 austauschbaren Intimteilen) + Regular Version ( mit 2 austauschbaren K\u00f6pfen )<\/li>\n<li>Regular Version auch separat erh\u00e4ltlich<\/li>\n<li>weltweit 199 St\u00fcck<\/li>\n<\/ul>\n<p><strong>Release-Status:<\/strong><\/p>\n<ul>\n<li>Preorder. Statue wird voraussichtlich Q1 2025 erscheinen und wir erwarten sie voraussichtlich Ende Mai 2025 im Warenlager.<\/li>\n<li>Diese Angabe ist ohne Gew\u00e4hr! Wir leiten nur die Sch\u00e4tzung vom Hersteller weiter.<\/li>\n<li>Falls das Datum \u00fcberschritten wurde und hier immer noch eine Sch\u00e4tzung aus der Vergangenheit steht, dann bedeutet das _NICHT_, dass die Figur bereits im Lager in Deutschland ist. Sie ist _NUR_ dann auf Lager in Deutschland, wenn der Text dies entsprechend sagt und\/oder die Kategorie weiter oben &#8222;Lagernd vor Ort&#8220; hei\u00dft.<\/li>\n<\/ul>\n<p>Wie immer bei meinen Artikeln &#8211; s\u00e4mtliche Geb\u00fchren sind, im Gegensatz zu anderen Angeboten, bereits inkludiert. Versand erfolgt ausschlie\u00dflich aus Deutschland, es fallen keine Zoll- und Importgeb\u00fchren an. Ihr kauft keine Katze im Sack \ud83d\ude42<\/p>\n<p><strong>Ma\u00dfe der Statue:<\/strong><\/p>\n<ul>\n<li>Gr\u00f6\u00dfe: ca. H42cm x W30cm x D30cm<\/li>\n<li>Gewicht: ca. 12kg (gesch\u00e4tzt)<\/li>\n<\/ul>\n<p>You are not prepared! \ud83d\ude42<\/p>","protected":false},"excerpt":{"rendered":"<p>My Hero Academia \u2013 Dabi | 1:5 Resin Statue | von Weare A Design Studio EU Taxfree! I do ship EU-wide, please contact me, should questions arise. Tolle Statue von Toya Todoroki. Wunderbar verarbeitete und sehr detaillierte Dabi Statue in seiner Berserkerr\u00fcstung aus Polystone &#8211; k\u00fcnstlichem Stein-Harz-Gemisch. Besonderheiten: Exclusive Version : austauschbarer nackter K\u00f6rper ( [&hellip;]<\/p>\n","protected":false},"featured_media":31127,"comment_status":"closed","ping_status":"closed","template":"","meta":[],"product_brand":[],"product_cat":[24,568,84],"product_tag":[612,659,666,658,147,251,383,2354,553,795,3181,2055,2056,2057,2058,2059,2060,154,136,554,379,381,552,547],"class_list":{"0":"post-31122","1":"product","2":"type-product","3":"status-publish","4":"has-post-thumbnail","6":"product_cat-action-figuren","7":"product_cat-preorder","8":"product_cat-statuen-anime-comic-universum","9":"product_tag-anime","10":"product_tag-anime-figuren","11":"product_tag-anime-figuren-shop","12":"product_tag-anime-toys","13":"product_tag-collectibles","14":"product_tag-collectibles-kaufen","15":"product_tag-collector","16":"product_tag-dabi","17":"product_tag-figure-collector","18":"product_tag-handsomecake","19":"product_tag-izuku-midoriya","20":"product_tag-my-hero-academia","21":"product_tag-my-hero-academia-collectibles","22":"product_tag-my-hero-academia-resin","23":"product_tag-my-hero-academia-statue","24":"product_tag-my-hero-academia-statues","25":"product_tag-my-hero-academia-toys","26":"product_tag-resin-collectibles","27":"product_tag-resin-statuen","28":"product_tag-resin-statues","29":"product_tag-statue-collectible","30":"product_tag-statue-collectibles","31":"product_tag-statue-collector","32":"product_tag-statues-collector","33":"pa_brand-weare-a-design-studio","34":"pa_scale-1_to_5","36":"first","37":"instock","38":"taxable","39":"shipping-taxable","40":"product-type-variable"},"_links":{"self":[{"href":"https:\/\/store.handsomecake.com\/en\/wp-json\/wp\/v2\/product\/31122","targetHints":{"allow":["GET"]}}],"collection":[{"href":"https:\/\/store.handsomecake.com\/en\/wp-json\/wp\/v2\/product"}],"about":[{"href":"https:\/\/store.handsomecake.com\/en\/wp-json\/wp\/v2\/types\/product"}],"replies":[{"embeddable":true,"href":"https:\/\/store.handsomecake.com\/en\/wp-json\/wp\/v2\/comments?post=31122"}],"wp:featuredmedia":[{"embeddable":true,"href":"https:\/\/store.handsomecake.com\/en\/wp-json\/wp\/v2\/media\/31127"}],"wp:attachment":[{"href":"https:\/\/store.handsomecake.com\/en\/wp-json\/wp\/v2\/media?parent=31122"}],"wp:term":[{"taxonomy":"product_brand","embeddable":true,"href":"https:\/\/store.handsomecake.com\/en\/wp-json\/wp\/v2\/product_brand?post=31122"},{"taxonomy":"product_cat","embeddable":true,"href":"https:\/\/store.handsomecake.com\/en\/wp-json\/wp\/v2\/product_cat?post=31122"},{"taxonomy":"product_tag","embeddable":true,"href":"https:\/\/store.handsomecake.com\/en\/wp-json\/wp\/v2\/product_tag?post=31122"}],"curies":[{"name":"wp","href":"https:\/\/api.w.org\/{rel}","templated":true}]}}