{"id":31115,"date":"2024-03-29T12:01:47","date_gmt":"2024-03-29T12:01:47","guid":{"rendered":"https:\/\/store.handsomecake.com\/product\/jujutsu-kaisen-choso-16-resin-statue-von-karasu-collectibles\/"},"modified":"2025-06-19T19:09:51","modified_gmt":"2025-06-19T19:09:51","slug":"jujutsu-kaisen-choso-16-resin-statue-von-karasu-collectibles","status":"publish","type":"product","link":"https:\/\/store.handsomecake.com\/en\/product\/jujutsu-kaisen-choso-16-resin-statue-von-karasu-collectibles\/","title":{"rendered":"Jujutsu Kaisen &#8211; Choso | 1:6 Resin Statue | von Karasu Collectibles"},"content":{"rendered":"<p><strong>Jujutsu Kaisen &#8211; Choso | 1:6 Resin Statue | von Karasu Collectibles<\/strong><\/p>\n<p>I do ship EU-wide, please contact me, should questions arise.<\/p>\n<p>Tolle Statue von einem der &#8222;Todesmal-Fl\u00fcche&#8220;<br \/>\nWunderbar verarbeitete und sehr detaillierte Choso Statue aus Polystone &#8211; k\u00fcnstlichem Stein-Harz-Gemisch.<\/p>\n<p><strong>Besonderheiten:<\/strong><\/p>\n<ul>\n<li>Exclusive Version : A + B ( weltweit 200 St\u00fcck)<\/li>\n<li>Versionen A und B auch separat erh\u00e4ltlich<\/li>\n<\/ul>\n<p><strong>Release-Status:<\/strong><\/p>\n<ul>\n<li>Preorder. Statue wird voraussichtlich in Q1 2025 released und wir erwarten sie sch\u00e4tzungsweise Ende Mai 2025 bei uns im Warenlager.<\/li>\n<li>Diese Angabe ist ohne Gew\u00e4hr! Wir leiten nur die Sch\u00e4tzung vom Hersteller weiter.<\/li>\n<li>Falls das Datum \u00fcberschritten wurde und hier immer noch eine Sch\u00e4tzung aus der Vergangenheit steht, dann bedeutet das NICHT, dass die Figur bereits im Lager in Deutschland ist. Sie ist NUR dann auf Lager in Deutschland, wenn der Text dies entsprechend sagt und\/oder die Kategorie weiter oben &#8222;Lagernd vor Ort&#8220; hei\u00dft.<\/li>\n<\/ul>\n<p>Wie immer bei meinen Aktionen &#8211; s\u00e4mtliche Geb\u00fchren sind, im Gegensatz zu anderen Angeboten, bereits inkludiert. Versand erfolgt ausschlie\u00dflich aus Deutschland, es fallen keine Zoll- und Importgeb\u00fchren an. Ihr kauft keine Katze im Sack \ud83d\ude42<\/p>\n<p><strong>Ma\u00dfe der Statue:<\/strong><\/p>\n<ul>\n<li>Gr\u00f6\u00dfe : ca. H30cm x cm x cm<\/li>\n<li>Gewicht: TBA, ca. 11kg (gesch\u00e4tzt)<\/li>\n<\/ul>\n<p>You are not prepared! \ud83d\ude42<\/p>","protected":false},"excerpt":{"rendered":"<p>Jujutsu Kaisen &#8211; Choso | 1:6 Resin Statue | von Karasu Collectibles I do ship EU-wide, please contact me, should questions arise. Tolle Statue von einem der &#8222;Todesmal-Fl\u00fcche&#8220; Wunderbar verarbeitete und sehr detaillierte Choso Statue aus Polystone &#8211; k\u00fcnstlichem Stein-Harz-Gemisch. Besonderheiten: Exclusive Version : A + B ( weltweit 200 St\u00fcck) Versionen A und B [&hellip;]<\/p>\n","protected":false},"featured_media":31128,"comment_status":"closed","ping_status":"closed","template":"","meta":[],"product_brand":[],"product_cat":[24,1237,568,84],"product_tag":[612,659,666,658,3245,3246,3248,3249,3250,3247,147,251,383,553,1371,795,1369,1372,1374,154,136,554,379,381,552,547],"class_list":{"0":"post-31115","1":"product","2":"type-product","3":"status-publish","4":"has-post-thumbnail","6":"product_cat-action-figuren","7":"product_cat-jujutsu-kaisen","8":"product_cat-preorder","9":"product_cat-statuen-anime-comic-universum","10":"product_tag-anime","11":"product_tag-anime-figuren","12":"product_tag-anime-figuren-shop","13":"product_tag-anime-toys","14":"product_tag-choso","15":"product_tag-choso-collectibles","16":"product_tag-choso-kamo","17":"product_tag-choso-resin","18":"product_tag-choso-statue","19":"product_tag-choso-toys","20":"product_tag-collectibles","21":"product_tag-collectibles-kaufen","22":"product_tag-collector","23":"product_tag-figure-collector","24":"product_tag-fushiguro-resin","25":"product_tag-handsomecake","26":"product_tag-jujutsu-kaisen","27":"product_tag-jujutsu-kaisen-statue","28":"product_tag-jujutsu-kaisen-toys","29":"product_tag-resin-collectibles","30":"product_tag-resin-statuen","31":"product_tag-resin-statues","32":"product_tag-statue-collectible","33":"product_tag-statue-collectibles","34":"product_tag-statue-collector","35":"product_tag-statues-collector","36":"pa_brand-karasu-collectibles","37":"pa_scale-1_to_6","39":"first","40":"instock","41":"taxable","42":"shipping-taxable","43":"product-type-variable"},"_links":{"self":[{"href":"https:\/\/store.handsomecake.com\/en\/wp-json\/wp\/v2\/product\/31115","targetHints":{"allow":["GET"]}}],"collection":[{"href":"https:\/\/store.handsomecake.com\/en\/wp-json\/wp\/v2\/product"}],"about":[{"href":"https:\/\/store.handsomecake.com\/en\/wp-json\/wp\/v2\/types\/product"}],"replies":[{"embeddable":true,"href":"https:\/\/store.handsomecake.com\/en\/wp-json\/wp\/v2\/comments?post=31115"}],"wp:featuredmedia":[{"embeddable":true,"href":"https:\/\/store.handsomecake.com\/en\/wp-json\/wp\/v2\/media\/31128"}],"wp:attachment":[{"href":"https:\/\/store.handsomecake.com\/en\/wp-json\/wp\/v2\/media?parent=31115"}],"wp:term":[{"taxonomy":"product_brand","embeddable":true,"href":"https:\/\/store.handsomecake.com\/en\/wp-json\/wp\/v2\/product_brand?post=31115"},{"taxonomy":"product_cat","embeddable":true,"href":"https:\/\/store.handsomecake.com\/en\/wp-json\/wp\/v2\/product_cat?post=31115"},{"taxonomy":"product_tag","embeddable":true,"href":"https:\/\/store.handsomecake.com\/en\/wp-json\/wp\/v2\/product_tag?post=31115"}],"curies":[{"name":"wp","href":"https:\/\/api.w.org\/{rel}","templated":true}]}}