{"id":31063,"date":"2024-03-26T13:04:46","date_gmt":"2024-03-26T13:04:46","guid":{"rendered":"https:\/\/store.handsomecake.com\/product\/honkai-star-rail-sparkle-16-resin-statue-von-absinthe-studio\/"},"modified":"2024-06-12T16:34:43","modified_gmt":"2024-06-12T16:34:43","slug":"honkai-star-rail-sparkle-16-resin-statue-von-absinthe-studio","status":"publish","type":"product","link":"https:\/\/store.handsomecake.com\/en\/product\/honkai-star-rail-sparkle-16-resin-statue-von-absinthe-studio\/","title":{"rendered":"Honkai: Star Rail &#8211; Sparkle | 1:6 Resin Statue | von ABsinthe Studio"},"content":{"rendered":"<p><strong>Honkai: Star Rail &#8211; Sparkle | 1:6 Resin Statue | von ABsinthe Studio<\/strong><\/p>\n<p>I do ship EU-wide, please contact me, should questions arise.<\/p>\n<p>Tolle Statue von einem Mitglied der Maskierten Narren.<br \/>\nWunderbar verarbeitete und sehr detaillierte Sparkle Statue aus Polystone &#8211; k\u00fcnstlichem Stein-Harz-Gemisch.<\/p>\n<p><strong>Besonderheiten:<\/strong><\/p>\n<ul>\n<li>weltweit 198 St\u00fcck<\/li>\n<li>EX Version (2 asutauschbare K\u00f6pfe + austauschbarer nackter K\u00f6rper + zus\u00e4tzlicher einfacher Sockel)<\/li>\n<\/ul>\n<p><strong>Release-Status:<\/strong><\/p>\n<ul>\n<li>Preorder. Statue wird voraussichtlich Q1 2025 erscheinen und wir erwarten sie voraussichtlich Ende Mai 2025 im Warenlager.<\/li>\n<li>Diese Angabe ist ohne Gew\u00e4hr! Wir leiten nur die Sch\u00e4tzung vom Hersteller weiter.<\/li>\n<li>Falls das Datum \u00fcberschritten wurde und hier immer noch eine Sch\u00e4tzung aus der Vergangenheit steht, dann bedeutet das NICHT, dass die Figur bereits im Lager in Deutschland ist. Sie ist NUR dann auf Lager in Deutschland, wenn der Text dies entsprechend sagt und\/oder die Kategorie weiter oben &#8222;Lagernd vor Ort&#8220; hei\u00dft.<\/li>\n<\/ul>\n<p>Wie immer bei meinen Aktionen &#8211; s\u00e4mtliche Geb\u00fchren sind, im Gegensatz zu anderen Angeboten, bereits inkludiert. Versand erfolgt ausschlie\u00dflich aus Deutschland, es fallen keine Zoll- und Importgeb\u00fchren an. Ihr kauft keine Katze im Sack \ud83d\ude42<\/p>\n<p><strong>Ma\u00dfe der Statue:<\/strong><\/p>\n<ul>\n<li>Gr\u00f6\u00dfe : H35cm x W26cm x D17cm<\/li>\n<li>Gewicht: TBA, ca. 8kg (gesch\u00e4tzt)<\/li>\n<\/ul>\n<p>You are not prepared! \ud83d\ude42<\/p>","protected":false},"excerpt":{"rendered":"<p>Honkai: Star Rail &#8211; Sparkle | 1:6 Resin Statue | von ABsinthe Studio I do ship EU-wide, please contact me, should questions arise. Tolle Statue von einem Mitglied der Maskierten Narren. Wunderbar verarbeitete und sehr detaillierte Sparkle Statue aus Polystone &#8211; k\u00fcnstlichem Stein-Harz-Gemisch. Besonderheiten: weltweit 198 St\u00fcck EX Version (2 asutauschbare K\u00f6pfe + austauschbarer nackter [&hellip;]<\/p>\n","protected":false},"featured_media":31083,"comment_status":"closed","ping_status":"closed","template":"","meta":[],"product_brand":[],"product_cat":[24,568,81],"product_tag":[666,708,795,3204,3227,3228,3229,3230,3231,379,381,665,380,382,547],"class_list":{"0":"post-31063","1":"product","2":"type-product","3":"status-publish","4":"has-post-thumbnail","6":"product_cat-action-figuren","7":"product_cat-preorder","8":"product_cat-statuen-computerspieluniversum","9":"product_tag-anime-figuren-shop","10":"product_tag-anime-statuen-shop","11":"product_tag-handsomecake","12":"product_tag-honkai-impact-3rd","13":"product_tag-honkai-impact-3rd-sparkle","14":"product_tag-honkai-sparkle","15":"product_tag-sparkle","16":"product_tag-sparkle-figure","17":"product_tag-sparkle-statue","18":"product_tag-statue-collectible","19":"product_tag-statue-collectibles","20":"product_tag-statuen-shop","21":"product_tag-statues-collectible","22":"product_tag-statues-collectibles","23":"product_tag-statues-collector","24":"pa_brand-absinthe-studio","25":"pa_scale-1_to_6","27":"first","28":"instock","29":"taxable","30":"shipping-taxable","31":"product-type-variable"},"_links":{"self":[{"href":"https:\/\/store.handsomecake.com\/en\/wp-json\/wp\/v2\/product\/31063","targetHints":{"allow":["GET"]}}],"collection":[{"href":"https:\/\/store.handsomecake.com\/en\/wp-json\/wp\/v2\/product"}],"about":[{"href":"https:\/\/store.handsomecake.com\/en\/wp-json\/wp\/v2\/types\/product"}],"replies":[{"embeddable":true,"href":"https:\/\/store.handsomecake.com\/en\/wp-json\/wp\/v2\/comments?post=31063"}],"wp:featuredmedia":[{"embeddable":true,"href":"https:\/\/store.handsomecake.com\/en\/wp-json\/wp\/v2\/media\/31083"}],"wp:attachment":[{"href":"https:\/\/store.handsomecake.com\/en\/wp-json\/wp\/v2\/media?parent=31063"}],"wp:term":[{"taxonomy":"product_brand","embeddable":true,"href":"https:\/\/store.handsomecake.com\/en\/wp-json\/wp\/v2\/product_brand?post=31063"},{"taxonomy":"product_cat","embeddable":true,"href":"https:\/\/store.handsomecake.com\/en\/wp-json\/wp\/v2\/product_cat?post=31063"},{"taxonomy":"product_tag","embeddable":true,"href":"https:\/\/store.handsomecake.com\/en\/wp-json\/wp\/v2\/product_tag?post=31063"}],"curies":[{"name":"wp","href":"https:\/\/api.w.org\/{rel}","templated":true}]}}