{"id":30940,"date":"2024-03-21T22:47:24","date_gmt":"2024-03-21T22:47:24","guid":{"rendered":"https:\/\/store.handsomecake.com\/product\/naruto-naruto-minato-14-resin-statue-von-surge-studio\/"},"modified":"2024-06-12T16:34:32","modified_gmt":"2024-06-12T16:34:32","slug":"naruto-naruto-minato-14-resin-statue-von-surge-studio","status":"publish","type":"product","link":"https:\/\/store.handsomecake.com\/en\/product\/naruto-naruto-minato-14-resin-statue-von-surge-studio\/","title":{"rendered":"Naruto &#8211; Naruto &amp; Minato | 1:4 Resin Statue | von Surge Studio"},"content":{"rendered":"<p><strong>Naruto &#8211; Naruto &amp; Minato | 1:4 Resin Statue | von Surge Studio<\/strong><\/p>\n<p>EU Taxfree! I do ship EU-wide, please contact me, should questions arise.<\/p>\n<p>Wunderbar verarbeitete und sehr detaillierte Statuen von Vater und Sohn gefertigt aus Polystone &#8211; einem k\u00fcnstlichen Stein-Harz-Gemisch.<\/p>\n<p><strong>Besonderheiten:<\/strong><\/p>\n<ul>\n<li>Naruto &amp; Minato sind separat erh\u00e4ltlich<\/li>\n<li>beide Figuren in Gr\u00f6\u00dfen 1:6 und 1:4 verf\u00fcgbar<\/li>\n<li>(1:6) 288 St\u00fcck weltweit<\/li>\n<li>(1:4) 188 St\u00fcck weltweit<\/li>\n<\/ul>\n<p><strong>Release-Status:<\/strong><\/p>\n<ul>\n<li>Preorder. Statue wird voraussichtlich Q1 2025 released und wir erwarten sie sch\u00e4tzungsweise Ende Mai 2025 im Lager.<\/li>\n<li>Diese Angabe ist ohne Gew\u00e4hr! Wir leiten nur die Sch\u00e4tzung vom Hersteller weiter.<\/li>\n<li>Falls das Datum \u00fcberschritten wurde und hier immer noch eine Sch\u00e4tzung aus der Vergangenheit steht, dann bedeutet das _NICHT_, dass die Figur bereits im Lager in Deutschland ist. Sie ist _NUR_ dann auf Lager in Deutschland, wenn der Text dies entsprechend sagt und\/oder die Kategorie weiter oben &#8222;Lagernd vor Ort&#8220; hei\u00dft.<\/li>\n<\/ul>\n<p>Wie immer bei meinen Aktionen &#8211; s\u00e4mtliche Geb\u00fchren sind, im Gegensatz zu anderen Angeboten, bereits inkludiert. Versand erfolgt ausschlie\u00dflich aus Deutschland, es fallen keine Zoll- und Importgeb\u00fchren an. Ihr kauft keine Katze im Sack \ud83d\ude42<\/p>\n<p><strong>Ma\u00dfe der Statue:<\/strong><\/p>\n<ul>\n<li>Gr\u00f6\u00dfe (Naruto 1:6): ca. H37.5cm x W23cm x D22cm<\/li>\n<li>Gr\u00f6\u00dfe (Naruto 1:4): ca. H56cm x W34.5cm x D33cm<\/li>\n<li>Gr\u00f6\u00dfe (Minato 1:6): ca. H37.6cm x W21.4cm x D18cm<\/li>\n<li>Gr\u00f6\u00dfe (Minato 1:4): ca. H56.5cm x W32.2cm x D27.2cm<\/li>\n<li>Gewicht: TBA, gesch\u00e4tzt: ca. 14 kg<\/li>\n<\/ul>\n<p>You are not prepared! \ud83d\ude42<\/p>","protected":false},"excerpt":{"rendered":"<p>Naruto &#8211; Naruto &amp; Minato | 1:4 Resin Statue | von Surge Studio EU Taxfree! I do ship EU-wide, please contact me, should questions arise. Wunderbar verarbeitete und sehr detaillierte Statuen von Vater und Sohn gefertigt aus Polystone &#8211; einem k\u00fcnstlichen Stein-Harz-Gemisch. Besonderheiten: Naruto &amp; Minato sind separat erh\u00e4ltlich beide Figuren in Gr\u00f6\u00dfen 1:6 und [&hellip;]<\/p>\n","protected":false},"featured_media":30958,"comment_status":"closed","ping_status":"closed","template":"","meta":[],"product_brand":[],"product_cat":[24,88,568,84],"product_tag":[656,659,660,657,640,658,147,251,168,296,1626,169,170,1627,1628,1629,154,136,137],"class_list":{"0":"post-30940","1":"product","2":"type-product","3":"status-publish","4":"has-post-thumbnail","6":"product_cat-action-figuren","7":"product_cat-naruto","8":"product_cat-preorder","9":"product_cat-statuen-anime-comic-universum","10":"product_tag-anime-collectibles","11":"product_tag-anime-figuren","12":"product_tag-anime-figuren-naruto","13":"product_tag-anime-figures","14":"product_tag-anime-statuen","15":"product_tag-anime-toys","16":"product_tag-collectibles","17":"product_tag-collectibles-kaufen","18":"product_tag-naruto-collectibles","19":"product_tag-naruto-collectibles-kaufen","20":"product_tag-naruto-shippuden","21":"product_tag-naruto-statuen","22":"product_tag-naruto-statuen-kaufen","23":"product_tag-naruto-uzumaki","24":"product_tag-naruto-uzumaki-collectibles","25":"product_tag-naruto-uzumaki-statue","26":"product_tag-resin-collectibles","27":"product_tag-resin-statuen","28":"product_tag-resin-statuen-kaufen","29":"pa_brand-surge-studio","31":"first","32":"instock","33":"taxable","34":"shipping-taxable","35":"product-type-variable"},"_links":{"self":[{"href":"https:\/\/store.handsomecake.com\/en\/wp-json\/wp\/v2\/product\/30940","targetHints":{"allow":["GET"]}}],"collection":[{"href":"https:\/\/store.handsomecake.com\/en\/wp-json\/wp\/v2\/product"}],"about":[{"href":"https:\/\/store.handsomecake.com\/en\/wp-json\/wp\/v2\/types\/product"}],"replies":[{"embeddable":true,"href":"https:\/\/store.handsomecake.com\/en\/wp-json\/wp\/v2\/comments?post=30940"}],"wp:featuredmedia":[{"embeddable":true,"href":"https:\/\/store.handsomecake.com\/en\/wp-json\/wp\/v2\/media\/30958"}],"wp:attachment":[{"href":"https:\/\/store.handsomecake.com\/en\/wp-json\/wp\/v2\/media?parent=30940"}],"wp:term":[{"taxonomy":"product_brand","embeddable":true,"href":"https:\/\/store.handsomecake.com\/en\/wp-json\/wp\/v2\/product_brand?post=30940"},{"taxonomy":"product_cat","embeddable":true,"href":"https:\/\/store.handsomecake.com\/en\/wp-json\/wp\/v2\/product_cat?post=30940"},{"taxonomy":"product_tag","embeddable":true,"href":"https:\/\/store.handsomecake.com\/en\/wp-json\/wp\/v2\/product_tag?post=30940"}],"curies":[{"name":"wp","href":"https:\/\/api.w.org\/{rel}","templated":true}]}}