{"id":30938,"date":"2024-03-21T22:45:13","date_gmt":"2024-03-21T22:45:13","guid":{"rendered":"https:\/\/store.handsomecake.com\/product\/pokemon-charizard-vs-blaziken-120-resin-statue-von-pokemon-x-monkey-d-studio\/"},"modified":"2024-06-12T16:34:36","modified_gmt":"2024-06-12T16:34:36","slug":"pokemon-charizard-vs-blaziken-120-resin-statue-von-pokemon-x-monkey-d-studio","status":"publish","type":"product","link":"https:\/\/store.handsomecake.com\/en\/product\/pokemon-charizard-vs-blaziken-120-resin-statue-von-pokemon-x-monkey-d-studio\/","title":{"rendered":"Pok\u00e9mon &#8211; Charizard vs. Blaziken | 1:20 Resin Statue | von Pokemon x Monkey D Studio"},"content":{"rendered":"<p><strong>Pok\u00e9mon &#8211; Charizard vs. Blaziken | 1:20 Resin Statue | von Pokemon x Monkey D Studio<\/strong><\/p>\n<p>I do ship EU-wide, please contact me, should questions arise.<\/p>\n<p>Tolle Pok\u00e9mon Statue<br \/>\nWunderbar verarbeitete und sehr detaillierte Charizard und Blaziken Statue aus Polystone &#8211; k\u00fcnstlichem Stein-Harz-Gemisch.<\/p>\n<p><strong>Besonderheiten<\/strong>:<\/p>\n<ul>\n<li>mit LED<\/li>\n<li>299 St\u00fcck weltweit<\/li>\n<\/ul>\n<p><strong>Release-Status:<\/strong><\/p>\n<ul>\n<li>Preorder. Statue wird sch\u00e4tzungsweise am Ende Q3 2024 fertiggestellt und wir erwarten sie bei uns im Lager gegen Ende Oktober 2024.<\/li>\n<li>Diese Angabe ist ohne Gew\u00e4hr! Wir leiten nur die Sch\u00e4tzung vom Hersteller weiter.<\/li>\n<li>Falls das Datum \u00fcberschritten wurde und hier immer noch eine Sch\u00e4tzung aus der Vergangenheit steht, dann bedeutet das NICHT, dass die Figur bereits im Lager in Deutschland ist. Sie ist NUR dann auf Lager in Deutschland, wenn der Text dies entsprechend sagt und\/oder die Kategorie weiter oben &#8222;Lagernd vor Ort&#8220; hei\u00dft.<\/li>\n<\/ul>\n<p>Wie immer bei meinen Aktionen &#8211; s\u00e4mtliche Geb\u00fchren sind, im Gegensatz zu anderen Angeboten, bereits inkludiert. Versand erfolgt ausschlie\u00dflich aus Deutschland, es fallen keine Zoll- und Importgeb\u00fchren an. Ihr kauft keine Katze im Sack \ud83d\ude42<\/p>\n<p><strong>Ma\u00dfe der Statue:<\/strong><\/p>\n<ul>\n<li>Gr\u00f6\u00dfe: ca. 31cm x 37cm x 40cm<\/li>\n<li>Gewicht: TBA, gesch\u00e4tzt: ca. 9kg<\/li>\n<\/ul>\n<p>You are not prepared! \ud83d\ude42<\/p>","protected":false},"excerpt":{"rendered":"<p>Pok\u00e9mon &#8211; Charizard vs. Blaziken | 1:20 Resin Statue | von Pokemon x Monkey D Studio I do ship EU-wide, please contact me, should questions arise. Tolle Pok\u00e9mon Statue Wunderbar verarbeitete und sehr detaillierte Charizard und Blaziken Statue aus Polystone &#8211; k\u00fcnstlichem Stein-Harz-Gemisch. Besonderheiten: mit LED 299 St\u00fcck weltweit Release-Status: Preorder. Statue wird sch\u00e4tzungsweise am [&hellip;]<\/p>\n","protected":false},"featured_media":30968,"comment_status":"closed","ping_status":"closed","template":"","meta":[],"product_brand":[],"product_cat":[24,125,568,84],"product_tag":[3242,147,251,211,213,212,154,136,137],"class_list":{"0":"post-30938","1":"product","2":"type-product","3":"status-publish","4":"has-post-thumbnail","6":"product_cat-action-figuren","7":"product_cat-pokemon","8":"product_cat-preorder","9":"product_cat-statuen-anime-comic-universum","10":"product_tag-blaziken","11":"product_tag-collectibles","12":"product_tag-collectibles-kaufen","13":"product_tag-pokemon","14":"product_tag-pokemon-collectibles","15":"product_tag-pokemon-statuen","16":"product_tag-resin-collectibles","17":"product_tag-resin-statuen","18":"product_tag-resin-statuen-kaufen","19":"pa_brand-monkey-d-studio","20":"pa_brand-pokemon-studio","21":"pa_scale-1_to_20","23":"first","24":"instock","25":"taxable","26":"shipping-taxable","27":"product-type-simple"},"_links":{"self":[{"href":"https:\/\/store.handsomecake.com\/en\/wp-json\/wp\/v2\/product\/30938","targetHints":{"allow":["GET"]}}],"collection":[{"href":"https:\/\/store.handsomecake.com\/en\/wp-json\/wp\/v2\/product"}],"about":[{"href":"https:\/\/store.handsomecake.com\/en\/wp-json\/wp\/v2\/types\/product"}],"replies":[{"embeddable":true,"href":"https:\/\/store.handsomecake.com\/en\/wp-json\/wp\/v2\/comments?post=30938"}],"wp:featuredmedia":[{"embeddable":true,"href":"https:\/\/store.handsomecake.com\/en\/wp-json\/wp\/v2\/media\/30968"}],"wp:attachment":[{"href":"https:\/\/store.handsomecake.com\/en\/wp-json\/wp\/v2\/media?parent=30938"}],"wp:term":[{"taxonomy":"product_brand","embeddable":true,"href":"https:\/\/store.handsomecake.com\/en\/wp-json\/wp\/v2\/product_brand?post=30938"},{"taxonomy":"product_cat","embeddable":true,"href":"https:\/\/store.handsomecake.com\/en\/wp-json\/wp\/v2\/product_cat?post=30938"},{"taxonomy":"product_tag","embeddable":true,"href":"https:\/\/store.handsomecake.com\/en\/wp-json\/wp\/v2\/product_tag?post=30938"}],"curies":[{"name":"wp","href":"https:\/\/api.w.org\/{rel}","templated":true}]}}