{"id":30869,"date":"2024-03-18T12:52:24","date_gmt":"2024-03-18T12:52:24","guid":{"rendered":"https:\/\/store.handsomecake.com\/product\/world-of-warcraft-arthas-menethil-lich-king-16-resin-statue-von-leviathan-studio\/"},"modified":"2024-06-12T16:33:48","modified_gmt":"2024-06-12T16:33:48","slug":"world-of-warcraft-arthas-menethil-lich-king-16-resin-statue-von-leviathan-studio","status":"publish","type":"product","link":"https:\/\/store.handsomecake.com\/en\/product\/world-of-warcraft-arthas-menethil-lich-king-16-resin-statue-von-leviathan-studio\/","title":{"rendered":"World of Warcraft &#8211; Arthas Menethil\/Lich King | 1:6 Resin Statue | von Leviathan Studio"},"content":{"rendered":"<p><strong>World of Warcraft &#8211; Arthas Menethil\/Lich King | 1:6 Resin Statue | von Leviathan Studio<\/strong><\/p>\n<p>I do ship EU-wide, please contact me, should questions arise.<\/p>\n<p><span style=\"color: #ffffff;\"><em><span style=\"background-color: #2c3e50;\">&#8220; All that I am: anger, cruelty, vengeance, 8 attack &#8211; I bestow upon you, my chosen knight. &#8220;\u00a0<\/span><\/em><\/span><\/p>\n<p>Tolle Statue von Lich King.<br \/>\nWunderbar verarbeitete und sehr detaillierte Lich K\u00f6nig Statue aus Polystone &#8211; k\u00fcnstlichem Stein-Harz-Gemisch.<\/p>\n<p><strong>Besonderheiten:<\/strong><\/p>\n<ul>\n<li>mit LED<\/li>\n<\/ul>\n<p><strong>Release-Status:<\/strong><\/p>\n<ul>\n<li>PreOrder, Release wird im Q1 2025 erwartet, bei uns im Lager also sch\u00e4tzungsweise Ende Mai 2025.<\/li>\n<li>Diese Angabe ist ohne Gew\u00e4hr! Wir leiten nur die Sch\u00e4tzung vom Hersteller weiter.<\/li>\n<li>Falls das Datum \u00fcberschritten wurde und hier immer noch eine Sch\u00e4tzung aus der Vergangenheit steht, dann bedeutet das NICHT, dass die Figur bereits im Lager in Deutschland ist. Sie ist NUR dann auf Lager in Deutschland, wenn der Text dies entsprechend sagt und\/oder die Kategorie weiter oben &#8222;Lagernd vor Ort&#8220; hei\u00dft.<\/li>\n<\/ul>\n<p>Wie immer bei meinen Aktionen &#8211; s\u00e4mtliche Geb\u00fchren sind, im Gegensatz zu anderen Angeboten, bereits inkludiert. Versand erfolgt ausschlie\u00dflich aus Deutschland, es fallen keine Zoll- und Importgeb\u00fchren an. Ihr kauft keine Katze im Sack \ud83d\ude42<\/p>\n<p><strong>Ma\u00dfe der Statue:<\/strong><\/p>\n<ul>\n<li>Gr\u00f6\u00dfe: ca. H30cm x W19cm x D13cm<\/li>\n<li>Gewicht: TBA ,ca.6 kg (gesch\u00e4tzt)<\/li>\n<\/ul>\n<p>You are not prepared! \ud83d\ude42<\/p>","protected":false},"excerpt":{"rendered":"<p>World of Warcraft &#8211; Arthas Menethil\/Lich King | 1:6 Resin Statue | von Leviathan Studio I do ship EU-wide, please contact me, should questions arise. &#8220; All that I am: anger, cruelty, vengeance, 8 attack &#8211; I bestow upon you, my chosen knight. &#8220;\u00a0 Tolle Statue von Lich King. Wunderbar verarbeitete und sehr detaillierte Lich [&hellip;]<\/p>\n","protected":false},"featured_media":30897,"comment_status":"closed","ping_status":"closed","template":"","meta":[],"product_brand":[],"product_cat":[24,568,84,85],"product_tag":[612,663,794,662,640,658,129,130,147,251,795,830,829,154,136,137,379,381,665,380,382,718,131,224,104,103],"class_list":{"0":"post-30869","1":"product","2":"type-product","3":"status-publish","4":"has-post-thumbnail","6":"product_cat-action-figuren","7":"product_cat-preorder","8":"product_cat-statuen-anime-comic-universum","9":"product_cat-warcraft","10":"product_tag-anime","11":"product_tag-anime-figur-shop","12":"product_tag-anime-statue","13":"product_tag-anime-statue-shop","14":"product_tag-anime-statuen","15":"product_tag-anime-toys","16":"product_tag-arthas-menethil-resin-statue","17":"product_tag-arthas-menethil-warcraft","18":"product_tag-collectibles","19":"product_tag-collectibles-kaufen","20":"product_tag-handsomecake","21":"product_tag-lich-king","22":"product_tag-lich-king-statue","23":"product_tag-resin-collectibles","24":"product_tag-resin-statuen","25":"product_tag-resin-statuen-kaufen","26":"product_tag-statue-collectible","27":"product_tag-statue-collectibles","28":"product_tag-statuen-shop","29":"product_tag-statues-collectible","30":"product_tag-statues-collectibles","31":"product_tag-toys","32":"product_tag-warcraft-resin-statue","33":"product_tag-world-of-warcraft-collectibles","34":"product_tag-world-of-warcraft-statuen","35":"product_tag-wow-statuen","36":"pa_brand-leviathan-studio","37":"pa_scale-1_to_6","39":"first","40":"instock","41":"taxable","42":"shipping-taxable","43":"product-type-simple"},"_links":{"self":[{"href":"https:\/\/store.handsomecake.com\/en\/wp-json\/wp\/v2\/product\/30869","targetHints":{"allow":["GET"]}}],"collection":[{"href":"https:\/\/store.handsomecake.com\/en\/wp-json\/wp\/v2\/product"}],"about":[{"href":"https:\/\/store.handsomecake.com\/en\/wp-json\/wp\/v2\/types\/product"}],"replies":[{"embeddable":true,"href":"https:\/\/store.handsomecake.com\/en\/wp-json\/wp\/v2\/comments?post=30869"}],"wp:featuredmedia":[{"embeddable":true,"href":"https:\/\/store.handsomecake.com\/en\/wp-json\/wp\/v2\/media\/30897"}],"wp:attachment":[{"href":"https:\/\/store.handsomecake.com\/en\/wp-json\/wp\/v2\/media?parent=30869"}],"wp:term":[{"taxonomy":"product_brand","embeddable":true,"href":"https:\/\/store.handsomecake.com\/en\/wp-json\/wp\/v2\/product_brand?post=30869"},{"taxonomy":"product_cat","embeddable":true,"href":"https:\/\/store.handsomecake.com\/en\/wp-json\/wp\/v2\/product_cat?post=30869"},{"taxonomy":"product_tag","embeddable":true,"href":"https:\/\/store.handsomecake.com\/en\/wp-json\/wp\/v2\/product_tag?post=30869"}],"curies":[{"name":"wp","href":"https:\/\/api.w.org\/{rel}","templated":true}]}}