{"id":30800,"date":"2024-03-16T23:27:29","date_gmt":"2024-03-16T23:27:29","guid":{"rendered":"https:\/\/store.handsomecake.com\/product\/death-note-amane-misa-16-resin-statue-von-rosa-studio\/"},"modified":"2024-06-12T16:33:34","modified_gmt":"2024-06-12T16:33:34","slug":"death-note-amane-misa-16-resin-statue-von-rosa-studio","status":"publish","type":"product","link":"https:\/\/store.handsomecake.com\/en\/product\/death-note-amane-misa-16-resin-statue-von-rosa-studio\/","title":{"rendered":"Death Note &#8211; Amane Misa | 1:6 Resin Statue | von Rosa Studio"},"content":{"rendered":"<p><strong>Death Note &#8211; Amane Misa | 1:6 Resin Statue | von Rosa Studio<\/strong><\/p>\n<p>EU Taxfree! I do ship EU-wide, please contact me, should questions arise.<\/p>\n<p><span style=\"color: #ffffff;\"><em><span style=\"background-color: #2c3e50;\">\u00a0&#8220; Unless someone makes the first move, nothing will happen. &#8220;\u00a0<\/span><\/em><\/span><\/p>\n<p>Faszinierende Statue des aufstrebenden Modells und Unterst\u00fctzers von Kira.<br \/>\nWunderbar verarbeitete und sehr detaillierte Misa Statue aus Polystone &#8211; k\u00fcnstlichem Stein-Harz-Gemisch.<\/p>\n<p><strong>Besonderheiten:<\/strong><\/p>\n<ul>\n<li>austauschbarer nackter K\u00f6rper<\/li>\n<\/ul>\n<p><strong>Release-Status:<\/strong><\/p>\n<ul>\n<li>Preorder. Release sch\u00e4tzungsweise Ende Q4 2024, wir erwarten die Statue voraussichtlich Februar 2025 bei uns im Lager.<\/li>\n<li>Diese Angabe ist ohne Gew\u00e4hr! Wir leiten nur die Sch\u00e4tzung vom Hersteller weiter.<\/li>\n<li>Falls das Datum \u00fcberschritten wurde und hier immer noch eine Sch\u00e4tzung aus der Vergangenheit steht, dann bedeutet das NICHT, dass die Figur bereits im Lager in Deutschland ist. Sie ist NUR dann auf Lager in Deutschland, wenn der Text dies entsprechend sagt und\/oder die Kategorie weiter oben &#8222;Lagernd vor Ort&#8220; hei\u00dft.<\/li>\n<\/ul>\n<p>Wie immer bei meinen Aktionen &#8211; s\u00e4mtliche Geb\u00fchren sind, im Gegensatz zu anderen Angeboten, bereits inkludiert. Versand erfolgt ausschlie\u00dflich aus Deutschland, es fallen keine Zoll- und Importgeb\u00fchren an. Ihr kauft keine Katze im Sack \ud83d\ude42<\/p>\n<p><strong>Ma\u00dfe der Statue:<\/strong><\/p>\n<ul>\n<li>Gr\u00f6\u00dfe: ca. H50cm x W26cm x D17cm<\/li>\n<li>Gewicht:TBA, gesch\u00e4tzt ca. 12 kg<\/li>\n<\/ul>\n<p>You are not prepared! \ud83d\ude42<\/p>","protected":false},"excerpt":{"rendered":"<p>Death Note &#8211; Amane Misa | 1:6 Resin Statue | von Rosa Studio EU Taxfree! I do ship EU-wide, please contact me, should questions arise. \u00a0&#8220; Unless someone makes the first move, nothing will happen. &#8220;\u00a0 Faszinierende Statue des aufstrebenden Modells und Unterst\u00fctzers von Kira. Wunderbar verarbeitete und sehr detaillierte Misa Statue aus Polystone &#8211; [&hellip;]<\/p>\n","protected":false},"featured_media":30920,"comment_status":"closed","ping_status":"closed","template":"","meta":[],"product_brand":[],"product_cat":[24,568,84],"product_tag":[3234,3232,3235,612,659,666,717,794,662,640,658,479,147,251,2171,2172,795,2177,3236,3233,3237,154,255,136,137,379,381,552,380],"class_list":{"0":"post-30800","1":"product","2":"type-product","3":"status-publish","4":"has-post-thumbnail","6":"product_cat-action-figuren","7":"product_cat-preorder","8":"product_cat-statuen-anime-comic-universum","9":"product_tag-amane-misa","10":"product_tag-amane-misa-collectible","11":"product_tag-amane-misa-statue","12":"product_tag-anime","13":"product_tag-anime-figuren","14":"product_tag-anime-figuren-shop","15":"product_tag-anime-shop","16":"product_tag-anime-statue","17":"product_tag-anime-statue-shop","18":"product_tag-anime-statuen","19":"product_tag-anime-toys","20":"product_tag-collectible","21":"product_tag-collectibles","22":"product_tag-collectibles-kaufen","23":"product_tag-death-note","24":"product_tag-death-note-statue","25":"product_tag-handsomecake","26":"product_tag-kira","27":"product_tag-misa","28":"product_tag-misa-death-note","29":"product_tag-misa-misa","30":"product_tag-resin-collectibles","31":"product_tag-resin-collectibles-kaufen","32":"product_tag-resin-statuen","33":"product_tag-resin-statuen-kaufen","34":"product_tag-statue-collectible","35":"product_tag-statue-collectibles","36":"product_tag-statue-collector","37":"product_tag-statues-collectible","38":"pa_brand-rosa-studio","39":"pa_scale-1_to_6","41":"first","42":"instock","43":"taxable","44":"shipping-taxable","45":"product-type-simple"},"_links":{"self":[{"href":"https:\/\/store.handsomecake.com\/en\/wp-json\/wp\/v2\/product\/30800","targetHints":{"allow":["GET"]}}],"collection":[{"href":"https:\/\/store.handsomecake.com\/en\/wp-json\/wp\/v2\/product"}],"about":[{"href":"https:\/\/store.handsomecake.com\/en\/wp-json\/wp\/v2\/types\/product"}],"replies":[{"embeddable":true,"href":"https:\/\/store.handsomecake.com\/en\/wp-json\/wp\/v2\/comments?post=30800"}],"wp:featuredmedia":[{"embeddable":true,"href":"https:\/\/store.handsomecake.com\/en\/wp-json\/wp\/v2\/media\/30920"}],"wp:attachment":[{"href":"https:\/\/store.handsomecake.com\/en\/wp-json\/wp\/v2\/media?parent=30800"}],"wp:term":[{"taxonomy":"product_brand","embeddable":true,"href":"https:\/\/store.handsomecake.com\/en\/wp-json\/wp\/v2\/product_brand?post=30800"},{"taxonomy":"product_cat","embeddable":true,"href":"https:\/\/store.handsomecake.com\/en\/wp-json\/wp\/v2\/product_cat?post=30800"},{"taxonomy":"product_tag","embeddable":true,"href":"https:\/\/store.handsomecake.com\/en\/wp-json\/wp\/v2\/product_tag?post=30800"}],"curies":[{"name":"wp","href":"https:\/\/api.w.org\/{rel}","templated":true}]}}