{"id":3058,"date":"2021-05-10T05:41:05","date_gmt":"2021-05-10T05:41:05","guid":{"rendered":"https:\/\/store.handsomecake.com\/product\/starcraft-zeratul-vs-hydralisk-14-resin-statue-von-toys-evolution-studio\/"},"modified":"2024-06-12T14:46:45","modified_gmt":"2024-06-12T14:46:45","slug":"starcraft-zeratul-vs-hydralisk-14-resin-statue-von-toys-evolution-studio","status":"publish","type":"product","link":"https:\/\/store.handsomecake.com\/en\/product\/starcraft-zeratul-vs-hydralisk-14-resin-statue-von-toys-evolution-studio\/","title":{"rendered":"Starcraft &#8211; Zeratul vs Hydralisk | 1:4 Resin Statue | von Toys Evolution Studio"},"content":{"rendered":"<p>Starcraft &#8211; Zeratul vs Hydralisk &#8218; 1:4 Resin Statue &#8218; von Toys Evolution Studio<\/p>\n<p>EU TAX FREE! I do ship EU-wide, please contact me, should questions arise.<br \/>\nEU shipping costs are more an estimate and will be recalculated (and you will receive a refund, if shippings costs turn out to be lower in the end).<br \/>\nExample &#8211; some statues are stated as 58cm width. Until they arrive we can&#8217;t guarantee if the width of the packaging is INCLUDED or not. If it&#8217;s INCLUDED, we fit under the 60cm rule and if the weight is under 31.5kg as well, shipping will be as low as 43.86\u20ac (current DHL price), if the statue is over 60cm with packaging, we will need to engage a hauling company&#8230;<\/p>\n<p>Tolle Statue des edlen Protosskriegers<\/p>\n<p>Wunderbar verarbeitete und sehr detaillierte Zeratul vs. Hydralisk Statue aus Polystone &#8211; k\u00fcnstlichem Stein-Harz-Gemisch.<\/p>\n<p>Besonderheiten:<\/p>\n<ul>\n<li>die Statue gibt es in 2 Varianten &#8211; nur Hydralisk oder Zeratul vs. Hydralisk. Bei diesem Artikel handelt es sich ausschlie\u00dflich um die zweite Version, also mit Zeratul<\/li>\n<\/ul>\n<p>Release-Status:<\/p>\n<ul>\n<li>In Stock<\/li>\n<\/ul>\n<p>Wie immer bei meinen Aktionen &#8211; s\u00e4mtliche Geb\u00fchren sind, im Gegensatz zu anderen Angeboten, bereits inkludiert. Versand erfolgt ausschlie\u00dflich aus Deutschland, es fallen keine Zoll- und Importgeb\u00fchren an. Ihr kauft keine Katze im Sack \ud83d\ude42<\/p>\n<p>Ma\u00dfe der Statue:<br \/>\nGr\u00f6\u00dfe: ca. H60 x W50 x D40cm<br \/>\nGewicht: ca. 27kg<\/p>\n<p>You are not prepared! \ud83d\ude42<\/p>","protected":false},"excerpt":{"rendered":"<p>Starcraft &#8211; Zeratul vs Hydralisk &#8218; 1:4 Resin Statue &#8218; von Toys Evolution Studio EU TAX FREE! I do ship EU-wide, please contact me, should questions arise. EU shipping costs are more an estimate and will be recalculated (and you will receive a refund, if shippings costs turn out to be lower in the end). [&hellip;]<\/p>\n","protected":false},"featured_media":30708,"comment_status":"closed","ping_status":"closed","template":"","meta":[],"product_brand":[],"product_cat":[826,192,81,567],"product_tag":[666,717,640,658,479,147,251,154,255,136,137,193,194,310,309,311,379,381,552,380,382,547,718,761],"class_list":{"0":"post-3058","1":"product","2":"type-product","3":"status-publish","4":"has-post-thumbnail","6":"product_cat-lagernd-vor-ort","7":"product_cat-starcraft","8":"product_cat-statuen-computerspieluniversum","9":"product_cat-in_stock_warehouse_china","10":"product_tag-anime-figuren-shop","11":"product_tag-anime-shop","12":"product_tag-anime-statuen","13":"product_tag-anime-toys","14":"product_tag-collectible","15":"product_tag-collectibles","16":"product_tag-collectibles-kaufen","17":"product_tag-resin-collectibles","18":"product_tag-resin-collectibles-kaufen","19":"product_tag-resin-statuen","20":"product_tag-resin-statuen-kaufen","21":"product_tag-starcraft","22":"product_tag-starcraft-collectibles","23":"product_tag-starcraft-collectibles-kaufen","24":"product_tag-starcraft-statuen","25":"product_tag-starcraft-statuen-kaufen","26":"product_tag-statue-collectible","27":"product_tag-statue-collectibles","28":"product_tag-statue-collector","29":"product_tag-statues-collectible","30":"product_tag-statues-collectibles","31":"product_tag-statues-collector","32":"product_tag-toys","33":"product_tag-toys-evolution-studio","34":"pa_brand-toys-evolution-studio","35":"pa_scale-1_to_4","37":"first","38":"instock","39":"taxable","40":"shipping-taxable","41":"product-type-simple"},"_links":{"self":[{"href":"https:\/\/store.handsomecake.com\/en\/wp-json\/wp\/v2\/product\/3058","targetHints":{"allow":["GET"]}}],"collection":[{"href":"https:\/\/store.handsomecake.com\/en\/wp-json\/wp\/v2\/product"}],"about":[{"href":"https:\/\/store.handsomecake.com\/en\/wp-json\/wp\/v2\/types\/product"}],"replies":[{"embeddable":true,"href":"https:\/\/store.handsomecake.com\/en\/wp-json\/wp\/v2\/comments?post=3058"}],"wp:featuredmedia":[{"embeddable":true,"href":"https:\/\/store.handsomecake.com\/en\/wp-json\/wp\/v2\/media\/30708"}],"wp:attachment":[{"href":"https:\/\/store.handsomecake.com\/en\/wp-json\/wp\/v2\/media?parent=3058"}],"wp:term":[{"taxonomy":"product_brand","embeddable":true,"href":"https:\/\/store.handsomecake.com\/en\/wp-json\/wp\/v2\/product_brand?post=3058"},{"taxonomy":"product_cat","embeddable":true,"href":"https:\/\/store.handsomecake.com\/en\/wp-json\/wp\/v2\/product_cat?post=3058"},{"taxonomy":"product_tag","embeddable":true,"href":"https:\/\/store.handsomecake.com\/en\/wp-json\/wp\/v2\/product_tag?post=3058"}],"curies":[{"name":"wp","href":"https:\/\/api.w.org\/{rel}","templated":true}]}}