{"id":30428,"date":"2024-03-01T10:51:20","date_gmt":"2024-03-01T10:51:20","guid":{"rendered":"https:\/\/store.handsomecake.com\/product\/marvel-archangel-museum-13-5-resin-statue-von-exoresin\/"},"modified":"2025-11-07T19:37:42","modified_gmt":"2025-11-07T19:37:42","slug":"marvel-archangel-museum-13-5-resin-statue-von-exoresin","status":"publish","type":"product","link":"https:\/\/store.handsomecake.com\/en\/product\/marvel-archangel-museum-13-5-resin-statue-von-exoresin\/","title":{"rendered":"Marvel \u2013 Archangel Museum | 1:3.5 Resin Statue | von Exoresin"},"content":{"rendered":"<p>Marvel &#8211; Archangel (X-Force und Classic) &#8218; 1:3.5 Resin Statue &#8218; von Exoresin<br \/>\nEU Taxfree! I do ship EU-wide, please contact me, should questions arise.<\/p>\n<p>Tolle Statue unseres geliebten gefiederten Mutanten<br \/>\nWunderbar verarbeitete und sehr detaillierte Statue von Archangel aus Polystone &#8211; k\u00fcnstlichem Stein-Harz-Gemisch.<\/p>\n<p><strong>Besonderheiten:<\/strong><\/p>\n<ul>\n<li>2 austauschbare K\u00f6pfe<\/li>\n<\/ul>\n<p><strong>Release-Status:<\/strong><\/p>\n<ul>\n<li>Preorder. Statue wird sch\u00e4tzungsweise Q1 2025 fertiggestellt und wir erwarten sie bei uns im Lager gegen Ende M\u00e4rz 2025.<\/li>\n<li>Diese Angabe ist ohne Gew\u00e4hr! Wir leiten nur die Sch\u00e4tzung vom Hersteller weiter.<\/li>\n<li>Falls das Datum \u00fcberschritten wurde und hier immer noch eine Sch\u00e4tzung aus der Vergangenheit steht, dann bedeutet das NICHT, dass die Figur bereits im Lager in Deutschland ist. Sie ist NUR dann auf Lager in Deutschland, wenn der Text dies entsprechend sagt und\/oder die Kategorie weiter oben &#8222;Lagernd vor Ort&#8220; hei\u00dft.<\/li>\n<\/ul>\n<p>Wie immer bei meinen Artikeln &#8211; s\u00e4mtliche Geb\u00fchren sind, im Gegensatz zu anderen Angeboten, bereits inkludiert. Versand erfolgt ausschlie\u00dflich aus Deutschland, es fallen keine Zoll- und Importgeb\u00fchren an. Ihr kauft keine Katze im Sack \ud83d\ude42<\/p>\n<p><strong>Ma\u00dfe der Statue:<\/strong><br \/>\nGr\u00f6\u00dfe: ca. 84cm x 41cm x 40cm<br \/>\nGewicht: TBA, gesch\u00e4tzt: ca. 35 kg<\/p>\n<p>You are not prepared! \ud83d\ude42<\/p>","protected":false},"excerpt":{"rendered":"<p>Marvel &#8211; Archangel (X-Force und Classic) &#8218; 1:3.5 Resin Statue &#8218; von Exoresin EU Taxfree! I do ship EU-wide, please contact me, should questions arise. Tolle Statue unseres geliebten gefiederten Mutanten Wunderbar verarbeitete und sehr detaillierte Statue von Archangel aus Polystone &#8211; k\u00fcnstlichem Stein-Harz-Gemisch. Besonderheiten: 2 austauschbare K\u00f6pfe Release-Status: Preorder. Statue wird sch\u00e4tzungsweise Q1 2025 [&hellip;]<\/p>\n","protected":false},"featured_media":30431,"comment_status":"closed","ping_status":"closed","template":"","meta":[],"product_brand":[],"product_cat":[269,568,84],"product_tag":[612,659,666,658,3225,3226,147,251,383,553,795,271,272,862,863,864,154,136,554,379,381,552,547],"class_list":{"0":"post-30428","1":"product","2":"type-product","3":"status-publish","4":"has-post-thumbnail","6":"product_cat-marvel","7":"product_cat-preorder","8":"product_cat-statuen-anime-comic-universum","9":"product_tag-anime","10":"product_tag-anime-figuren","11":"product_tag-anime-figuren-shop","12":"product_tag-anime-toys","13":"product_tag-archagel-museum","14":"product_tag-archagel-museum-statue","15":"product_tag-collectibles","16":"product_tag-collectibles-kaufen","17":"product_tag-collector","18":"product_tag-figure-collector","19":"product_tag-handsomecake","20":"product_tag-marvel","21":"product_tag-marvel-collectibles","22":"product_tag-marvel-collector","23":"product_tag-marvel-comics","24":"product_tag-marvel-comics-collectibles","25":"product_tag-resin-collectibles","26":"product_tag-resin-statuen","27":"product_tag-resin-statues","28":"product_tag-statue-collectible","29":"product_tag-statue-collectibles","30":"product_tag-statue-collector","31":"product_tag-statues-collector","33":"first","34":"instock","35":"taxable","36":"shipping-taxable","37":"product-type-variable"},"_links":{"self":[{"href":"https:\/\/store.handsomecake.com\/en\/wp-json\/wp\/v2\/product\/30428","targetHints":{"allow":["GET"]}}],"collection":[{"href":"https:\/\/store.handsomecake.com\/en\/wp-json\/wp\/v2\/product"}],"about":[{"href":"https:\/\/store.handsomecake.com\/en\/wp-json\/wp\/v2\/types\/product"}],"replies":[{"embeddable":true,"href":"https:\/\/store.handsomecake.com\/en\/wp-json\/wp\/v2\/comments?post=30428"}],"wp:featuredmedia":[{"embeddable":true,"href":"https:\/\/store.handsomecake.com\/en\/wp-json\/wp\/v2\/media\/30431"}],"wp:attachment":[{"href":"https:\/\/store.handsomecake.com\/en\/wp-json\/wp\/v2\/media?parent=30428"}],"wp:term":[{"taxonomy":"product_brand","embeddable":true,"href":"https:\/\/store.handsomecake.com\/en\/wp-json\/wp\/v2\/product_brand?post=30428"},{"taxonomy":"product_cat","embeddable":true,"href":"https:\/\/store.handsomecake.com\/en\/wp-json\/wp\/v2\/product_cat?post=30428"},{"taxonomy":"product_tag","embeddable":true,"href":"https:\/\/store.handsomecake.com\/en\/wp-json\/wp\/v2\/product_tag?post=30428"}],"curies":[{"name":"wp","href":"https:\/\/api.w.org\/{rel}","templated":true}]}}