{"id":30346,"date":"2024-02-29T23:51:06","date_gmt":"2024-02-29T23:51:06","guid":{"rendered":"https:\/\/store.handsomecake.com\/product\/neo-genesis-evangelion-ayanami-rei-14-resin-statue-von-neeko-studio\/"},"modified":"2024-06-12T16:32:26","modified_gmt":"2024-06-12T16:32:26","slug":"neo-genesis-evangelion-ayanami-rei-14-resin-statue-von-neeko-studio","status":"publish","type":"product","link":"https:\/\/store.handsomecake.com\/en\/product\/neo-genesis-evangelion-ayanami-rei-14-resin-statue-von-neeko-studio\/","title":{"rendered":"Neo Genesis Evangelion &#8211; Ayanami Rei | 1:4 Resin Statue | von Neeko Studio"},"content":{"rendered":"<p><strong>Neo Genesis Evangelion &#8211; Ayanami Rei | 1:4 Resin Statue | von Neeko Studio<\/strong><\/p>\n<p>I do ship EU-wide, please contact me, should questions arise.<\/p>\n<p>Tolle Statue der tapferen Mechpilotin.<br \/>\nWunderbar verarbeitete und sehr detaillierte Ayanami Rei Statue aus Polystone &#8211; k\u00fcnstlichem Stein-Harz-Gemisch.<\/p>\n<p><strong>Besonderheiten:<\/strong><\/p>\n<ul>\n<li>EX-Version beinhaltet einen zus\u00e4tzlichen nackten K\u00f6rper<\/li>\n<li>EX A: nackter K\u00f6rper mit kleinen Br\u00fcsten.<\/li>\n<li>EX B: nackter K\u00f6rper mit gro\u00dfen Br\u00fcsten.<\/li>\n<li>auch Regular erh\u00e4ltlich.<\/li>\n<\/ul>\n<p><strong>Release-Status:<\/strong><\/p>\n<ul>\n<li>Preorder. Release sch\u00e4tzungsweise Q3 2024, bei uns im Lager voraussichtlich Ende November 2024.<\/li>\n<li>Diese Angabe ist ohne Gew\u00e4hr! Wir leiten nur die Sch\u00e4tzung vom Hersteller weiter.<\/li>\n<li>Falls das Datum \u00fcberschritten wurde und hier immer noch eine Sch\u00e4tzung aus der Vergangenheit steht, dann bedeutet das NICHT, dass die Figur bereits im Lager in Deutschland ist. Sie ist NUR dann auf Lager in Deutschland, wenn der Text dies entsprechend sagt und\/oder die Kategorie weiter oben &#8222;Lagernd vor Ort&#8220; hei\u00dft.<\/li>\n<\/ul>\n<p>Wie immer bei meinen Aktionen &#8211; s\u00e4mtliche Geb\u00fchren sind, im Gegensatz zu anderen Angeboten, bereits inkludiert. Versand erfolgt ausschlie\u00dflich aus Deutschland, es fallen keine Zoll- und Importgeb\u00fchren an. Ihr kauft keine Katze im Sack \ud83d\ude42<\/p>\n<p><strong>Ma\u00dfe der Statue:<\/strong><\/p>\n<ul>\n<li>Gr\u00f6\u00dfe: H70cm x D27cm x W27cm<\/li>\n<li>Gewicht: TBA, gesch\u00e4tzt: ca.16kg<\/li>\n<\/ul>\n<p>You are not prepared! \ud83d\ude42<\/p>","protected":false},"excerpt":{"rendered":"<p>Neo Genesis Evangelion &#8211; Ayanami Rei | 1:4 Resin Statue | von Neeko Studio I do ship EU-wide, please contact me, should questions arise. Tolle Statue der tapferen Mechpilotin. Wunderbar verarbeitete und sehr detaillierte Ayanami Rei Statue aus Polystone &#8211; k\u00fcnstlichem Stein-Harz-Gemisch. Besonderheiten: EX-Version beinhaltet einen zus\u00e4tzlichen nackten K\u00f6rper EX A: nackter K\u00f6rper mit kleinen [&hellip;]<\/p>\n","protected":false},"featured_media":30350,"comment_status":"closed","ping_status":"closed","template":"","meta":[],"product_brand":[],"product_cat":[24,811,568,84],"product_tag":[612,656,666,708,1043,658,1455,479,147,251,383,795,1460,535,1459,1457,1458,1454,1456,154,255,136,137],"class_list":{"0":"post-30346","1":"product","2":"type-product","3":"status-publish","4":"has-post-thumbnail","6":"product_cat-action-figuren","7":"product_cat-neon-genesis-evangelion","8":"product_cat-preorder","9":"product_cat-statuen-anime-comic-universum","10":"product_tag-anime","11":"product_tag-anime-collectibles","12":"product_tag-anime-figuren-shop","13":"product_tag-anime-statuen-shop","14":"product_tag-anime-statues","15":"product_tag-anime-toys","16":"product_tag-ayanami-resin-statue","17":"product_tag-collectible","18":"product_tag-collectibles","19":"product_tag-collectibles-kaufen","20":"product_tag-collector","21":"product_tag-handsomecake","22":"product_tag-neo-genesis-ayanami-rei","23":"product_tag-neo-genesis-evangelion","24":"product_tag-neo-genesis-rei","25":"product_tag-rei","26":"product_tag-rei-ayanami-collectible","27":"product_tag-rei-ayanami-figure","28":"product_tag-rei-ayanami-statue","29":"product_tag-resin-collectibles","30":"product_tag-resin-collectibles-kaufen","31":"product_tag-resin-statuen","32":"product_tag-resin-statuen-kaufen","33":"pa_brand-neeko-studio","34":"pa_scale-1_to_4","36":"first","37":"instock","38":"taxable","39":"shipping-taxable","40":"product-type-variable"},"_links":{"self":[{"href":"https:\/\/store.handsomecake.com\/en\/wp-json\/wp\/v2\/product\/30346","targetHints":{"allow":["GET"]}}],"collection":[{"href":"https:\/\/store.handsomecake.com\/en\/wp-json\/wp\/v2\/product"}],"about":[{"href":"https:\/\/store.handsomecake.com\/en\/wp-json\/wp\/v2\/types\/product"}],"replies":[{"embeddable":true,"href":"https:\/\/store.handsomecake.com\/en\/wp-json\/wp\/v2\/comments?post=30346"}],"wp:featuredmedia":[{"embeddable":true,"href":"https:\/\/store.handsomecake.com\/en\/wp-json\/wp\/v2\/media\/30350"}],"wp:attachment":[{"href":"https:\/\/store.handsomecake.com\/en\/wp-json\/wp\/v2\/media?parent=30346"}],"wp:term":[{"taxonomy":"product_brand","embeddable":true,"href":"https:\/\/store.handsomecake.com\/en\/wp-json\/wp\/v2\/product_brand?post=30346"},{"taxonomy":"product_cat","embeddable":true,"href":"https:\/\/store.handsomecake.com\/en\/wp-json\/wp\/v2\/product_cat?post=30346"},{"taxonomy":"product_tag","embeddable":true,"href":"https:\/\/store.handsomecake.com\/en\/wp-json\/wp\/v2\/product_tag?post=30346"}],"curies":[{"name":"wp","href":"https:\/\/api.w.org\/{rel}","templated":true}]}}