{"id":30305,"date":"2024-02-29T23:39:31","date_gmt":"2024-02-29T23:39:31","guid":{"rendered":"https:\/\/store.handsomecake.com\/product\/sekiro-shadows-die-twice-sekiro-vs-genichiro-ashina-16-resin-statue-von-bard-x-corgiprogkit-studios\/"},"modified":"2024-06-12T16:32:12","modified_gmt":"2024-06-12T16:32:12","slug":"sekiro-shadows-die-twice-sekiro-vs-genichiro-ashina-16-resin-statue-von-bard-x-corgiprogkit-studios","status":"publish","type":"product","link":"https:\/\/store.handsomecake.com\/en\/product\/sekiro-shadows-die-twice-sekiro-vs-genichiro-ashina-16-resin-statue-von-bard-x-corgiprogkit-studios\/","title":{"rendered":"Sekiro: Shadows Die Twice &#8211; Sekiro vs. Genichiro Ashina | 1:6 Resin Statue | von Bard x CorgiProGKit Studios"},"content":{"rendered":"<p><strong>Sekiro: Shadows Die Twice &#8211; Sekiro vs. Genichiro Ashina | 1:6 Resin Statue | von Bard x CorgiProGKit Studios<\/strong><\/p>\n<p>EU Taxfree! I do ship EU-wide, please contact me, should questions arise.<\/p>\n<p>Tolle Statue des Kampfes zwischen Desmond Wolf und Ashina Boss.<br \/>\nWunderbar verarbeitete und sehr detaillierte Sekiro Statue aus Polystone &#8211; k\u00fcnstlichem Stein-Harz-Gemisch.<\/p>\n<p><strong>Besonderheiten:<\/strong><\/p>\n<ul>\n<li>weltweit auf nur 98 St\u00fcck begrenzt<\/li>\n<li>Abnehmbare Blitz-Effektteile von Tomoe<\/li>\n<li>Sekiros und Genichiros Unsterbliche Klingen sind mit speziellen, austauschbaren Teilen ausgestattet, die Sammler zur Nachstellung von Spielszenen demontieren und anpassen k\u00f6nnen<\/li>\n<\/ul>\n<p><strong>Release-Status:<\/strong><\/p>\n<ul>\n<li>Preorder. Release sch\u00e4tzungsweise Ende Q4 2024, wir erwarten die Statue voraussichtlich Februar 2025 bei uns im Lager.<\/li>\n<li>Diese Angabe ist ohne Gew\u00e4hr! Wir leiten nur die Sch\u00e4tzung vom Hersteller weiter.<\/li>\n<li>Falls das Datum \u00fcberschritten wurde und hier immer noch eine Sch\u00e4tzung aus der Vergangenheit steht, dann bedeutet das NICHT, dass die Figur bereits im Lager in Deutschland ist. Sie ist NUR dann auf Lager in Deutschland, wenn der Text dies entsprechend sagt und\/oder die Kategorie weiter oben &#8222;Lagernd vor Ort&#8220; hei\u00dft.<\/li>\n<\/ul>\n<p>Wie immer bei meinen Aktionen &#8211; s\u00e4mtliche Geb\u00fchren sind, im Gegensatz zu anderen Angeboten, bereits inkludiert. Versand erfolgt ausschlie\u00dflich aus Deutschland, es fallen keine Zoll- und Importgeb\u00fchren an. Ihr kauft keine Katze im Sack \ud83d\ude42<\/p>\n<p><strong>Ma\u00dfe der Statue:<\/strong><\/p>\n<ul>\n<li>Gr\u00f6\u00dfe: ca. H75\/82.5cm x W55.4cm x D44.6cm<\/li>\n<li>Gewicht:TBA, gesch\u00e4tzt ca. 18 kg<\/li>\n<\/ul>\n<p>You are not prepared! \ud83d\ude42<\/p>","protected":false},"excerpt":{"rendered":"<p>Sekiro: Shadows Die Twice &#8211; Sekiro vs. Genichiro Ashina | 1:6 Resin Statue | von Bard x CorgiProGKit Studios EU Taxfree! I do ship EU-wide, please contact me, should questions arise. Tolle Statue des Kampfes zwischen Desmond Wolf und Ashina Boss. Wunderbar verarbeitete und sehr detaillierte Sekiro Statue aus Polystone &#8211; k\u00fcnstlichem Stein-Harz-Gemisch. Besonderheiten: weltweit [&hellip;]<\/p>\n","protected":false},"featured_media":30400,"comment_status":"closed","ping_status":"closed","template":"","meta":[],"product_brand":[],"product_cat":[24,568,81],"product_tag":[612,666,717,794,662,640,658,147,251,154,255,136,137,2911,2910,2909,2908,2912,2913,2907,379,381,552,665,380,382,547,718],"class_list":{"0":"post-30305","1":"product","2":"type-product","3":"status-publish","4":"has-post-thumbnail","6":"product_cat-action-figuren","7":"product_cat-preorder","8":"product_cat-statuen-computerspieluniversum","9":"product_tag-anime","10":"product_tag-anime-figuren-shop","11":"product_tag-anime-shop","12":"product_tag-anime-statue","13":"product_tag-anime-statue-shop","14":"product_tag-anime-statuen","15":"product_tag-anime-toys","16":"product_tag-collectibles","17":"product_tag-collectibles-kaufen","18":"product_tag-resin-collectibles","19":"product_tag-resin-collectibles-kaufen","20":"product_tag-resin-statuen","21":"product_tag-resin-statuen-kaufen","22":"product_tag-sekiro","23":"product_tag-sekiro-collectible","24":"product_tag-sekiro-resin","25":"product_tag-sekiro-shadows-die-twice","26":"product_tag-sekiro-statue","27":"product_tag-sekiro-toys","28":"product_tag-shadows-die-twice","29":"product_tag-statue-collectible","30":"product_tag-statue-collectibles","31":"product_tag-statue-collector","32":"product_tag-statuen-shop","33":"product_tag-statues-collectible","34":"product_tag-statues-collectibles","35":"product_tag-statues-collector","36":"product_tag-toys","37":"pa_brand-corgi-progi-kit-studio","38":"pa_scale-1_to_6","40":"first","41":"instock","42":"taxable","43":"shipping-taxable","44":"product-type-simple"},"_links":{"self":[{"href":"https:\/\/store.handsomecake.com\/en\/wp-json\/wp\/v2\/product\/30305","targetHints":{"allow":["GET"]}}],"collection":[{"href":"https:\/\/store.handsomecake.com\/en\/wp-json\/wp\/v2\/product"}],"about":[{"href":"https:\/\/store.handsomecake.com\/en\/wp-json\/wp\/v2\/types\/product"}],"replies":[{"embeddable":true,"href":"https:\/\/store.handsomecake.com\/en\/wp-json\/wp\/v2\/comments?post=30305"}],"wp:featuredmedia":[{"embeddable":true,"href":"https:\/\/store.handsomecake.com\/en\/wp-json\/wp\/v2\/media\/30400"}],"wp:attachment":[{"href":"https:\/\/store.handsomecake.com\/en\/wp-json\/wp\/v2\/media?parent=30305"}],"wp:term":[{"taxonomy":"product_brand","embeddable":true,"href":"https:\/\/store.handsomecake.com\/en\/wp-json\/wp\/v2\/product_brand?post=30305"},{"taxonomy":"product_cat","embeddable":true,"href":"https:\/\/store.handsomecake.com\/en\/wp-json\/wp\/v2\/product_cat?post=30305"},{"taxonomy":"product_tag","embeddable":true,"href":"https:\/\/store.handsomecake.com\/en\/wp-json\/wp\/v2\/product_tag?post=30305"}],"curies":[{"name":"wp","href":"https:\/\/api.w.org\/{rel}","templated":true}]}}