{"id":3023,"date":"2021-05-02T22:16:56","date_gmt":"2021-05-02T22:16:56","guid":{"rendered":"https:\/\/store.handsomecake.com\/product\/dragon-ball-z-trunks-14-resin-statue-von-light-weapon-studio\/"},"modified":"2024-06-12T14:46:32","modified_gmt":"2024-06-12T14:46:32","slug":"dragon-ball-z-trunks-14-resin-statue-von-light-weapon-studio","status":"publish","type":"product","link":"https:\/\/store.handsomecake.com\/en\/product\/dragon-ball-z-trunks-14-resin-statue-von-light-weapon-studio\/","title":{"rendered":"Dragon Ball Z &#8211; Trunks | 1:4 Resin Statue | von Light Weapon Studio"},"content":{"rendered":"<p>Dragon Ball Z &#8211; Trunks &#8218; 1:4 Resin Statue &#8218; von Light Weapon Studio<\/p>\n<p>EU Taxfree! I do ship EU-wide, please contact me, should questions arise.<br \/>EU shipping costs are more an estimate and will be recalculated (and you will receive a refund, if shippings costs turn out to be lower in the end).<br \/>Example &#8211; some statues are stated as 58cm width. Until they arrive we can&#8217;t guarantee if its the width WITH packaging or without. If it&#8217;s WITH, we fit under the 60cm rule and if the weight is under 31.5kg as well, shipping will be as low as 43.86\u20ac (current DHL price), if the statue is over 60cm with packaging, we will need to engage a hauling company&#8230;<\/p>\n<p>Tolle Statue unseres geliebten Super Saiyajins<\/p>\n<p>Wunderbar verarbeitete und sehr detaillierte lifesize Statue von Trunks aus Polystone &#8211; k\u00fcnstlichem Stein-Harz-Gemisch.<\/p>\n<p>Besonderheiten:<\/p>\n<p>* 3 austauschbare Kopfvarianten<\/p>\n<p>Release-Status:<\/p>\n<p>*<br \/>Preorder. Release ca. Q1 2022 erwartet, bei uns im Lager voraussichtlich Ende April 2022.<\/p>\n<p>Wie immer bei meinen Artikeln &#8211; s\u00e4mtliche Geb\u00fchren sind, im Gegensatz zu anderen Angeboten, bereits inkludiert. Versand erfolgt ausschlie\u00dflich aus Deutschland, es fallen keine Zoll- und Importgeb\u00fchren an. Ihr kauft keine Katze im Sack \ud83d\ude42<\/p>\n<p>Preis-Hinweis:<br \/>Solltet ihr die Statue direkt \u00fcber unseren Online-Shop (einfach den Benutzernamen googeln) kaufen, so erhaltet ihr auf jeden Fall die Tiefstpreisgarantie &#8211; sollte beispielsweise der Versand, Zoll oder die Einfuhrumsatzsteuer am Ende, also wenn die Statue bei uns im Warenlager angekommen ist, geringer ausfallen, so leiten wir die Preisreduzierung 1:1 an euch weiter! Der Catfish Arthas war z.b. urspr\u00fcnglich f\u00fcr 1850\u20ac drin, Endpreis war 1569\u20ac.<\/p>\n<p>Ma\u00dfe der Statue:<br \/>Gr\u00f6\u00dfe: ca. 64cm x 45cm x 52cm (gesch\u00e4tzt)<br \/>Gewicht: \u00fcber 20kg (gesch\u00e4tzt)<\/p>\n<p>You are not prepared! \ud83d\ude42<\/p>","protected":false},"excerpt":{"rendered":"<p>Dragon Ball Z &#8211; Trunks &#8218; 1:4 Resin Statue &#8218; von Light Weapon Studio EU Taxfree! I do ship EU-wide, please contact me, should questions arise.EU shipping costs are more an estimate and will be recalculated (and you will receive a refund, if shippings costs turn out to be lower in the end).Example &#8211; some [&hellip;]<\/p>\n","protected":false},"featured_media":3024,"comment_status":"closed","ping_status":"closed","template":"","meta":[],"product_brand":[],"product_cat":[87,568,84],"product_tag":[666,717,640,658,479,147,251,738,190,741,332,787,739,154,255,136,137,379,381,552,380,382,547,718,788,789,790,791,792],"class_list":{"0":"post-3023","1":"product","2":"type-product","3":"status-publish","4":"has-post-thumbnail","6":"product_cat-dragon-ball","7":"product_cat-preorder","8":"product_cat-statuen-anime-comic-universum","9":"product_tag-anime-figuren-shop","10":"product_tag-anime-shop","11":"product_tag-anime-statuen","12":"product_tag-anime-toys","13":"product_tag-collectible","14":"product_tag-collectibles","15":"product_tag-collectibles-kaufen","16":"product_tag-dragon-ball","17":"product_tag-dragon-ball-collectibles","18":"product_tag-dragon-ball-statuen","19":"product_tag-dragon-ball-trunks","20":"product_tag-dragon-ball-trunks-toy","21":"product_tag-dragon-ball-z","22":"product_tag-resin-collectibles","23":"product_tag-resin-collectibles-kaufen","24":"product_tag-resin-statuen","25":"product_tag-resin-statuen-kaufen","26":"product_tag-statue-collectible","27":"product_tag-statue-collectibles","28":"product_tag-statue-collector","29":"product_tag-statues-collectible","30":"product_tag-statues-collectibles","31":"product_tag-statues-collector","32":"product_tag-toys","33":"product_tag-trunks","34":"product_tag-trunks-collectible","35":"product_tag-trunks-figur","36":"product_tag-trunks-figurine","37":"product_tag-trunks-toys","38":"pa_brand-light-weapon-studio","39":"pa_scale-1_to_4","41":"first","42":"instock","43":"product-type-simple"},"_links":{"self":[{"href":"https:\/\/store.handsomecake.com\/en\/wp-json\/wp\/v2\/product\/3023","targetHints":{"allow":["GET"]}}],"collection":[{"href":"https:\/\/store.handsomecake.com\/en\/wp-json\/wp\/v2\/product"}],"about":[{"href":"https:\/\/store.handsomecake.com\/en\/wp-json\/wp\/v2\/types\/product"}],"replies":[{"embeddable":true,"href":"https:\/\/store.handsomecake.com\/en\/wp-json\/wp\/v2\/comments?post=3023"}],"wp:featuredmedia":[{"embeddable":true,"href":"https:\/\/store.handsomecake.com\/en\/wp-json\/wp\/v2\/media\/3024"}],"wp:attachment":[{"href":"https:\/\/store.handsomecake.com\/en\/wp-json\/wp\/v2\/media?parent=3023"}],"wp:term":[{"taxonomy":"product_brand","embeddable":true,"href":"https:\/\/store.handsomecake.com\/en\/wp-json\/wp\/v2\/product_brand?post=3023"},{"taxonomy":"product_cat","embeddable":true,"href":"https:\/\/store.handsomecake.com\/en\/wp-json\/wp\/v2\/product_cat?post=3023"},{"taxonomy":"product_tag","embeddable":true,"href":"https:\/\/store.handsomecake.com\/en\/wp-json\/wp\/v2\/product_tag?post=3023"}],"curies":[{"name":"wp","href":"https:\/\/api.w.org\/{rel}","templated":true}]}}