{"id":3015,"date":"2021-05-02T22:16:39","date_gmt":"2021-05-02T22:16:39","guid":{"rendered":"https:\/\/store.handsomecake.com\/product\/final-fantasy-cloud-strife-14-resin-statue-von-chocobo-studio\/"},"modified":"2024-06-12T14:46:28","modified_gmt":"2024-06-12T14:46:28","slug":"final-fantasy-cloud-strife-14-resin-statue-von-chocobo-studio","status":"publish","type":"product","link":"https:\/\/store.handsomecake.com\/en\/product\/final-fantasy-cloud-strife-14-resin-statue-von-chocobo-studio\/","title":{"rendered":"Final Fantasy &#8211; Cloud Strife | 1:4 Resin Statue | von Chocobo Studio"},"content":{"rendered":"<p>Final Fantasy &#8211; Cloud Strife &#8218; 1:4 Resin Statue &#8218; von Chocobo Studio<\/p>\n<p>EU Taxfree! I do ship EU-wide, please contact me, should questions arise.<\/p>\n<p>Tolle Statue der Hauptfigur aus Final Fantasy 7<br \/>\nWunderbar verarbeitete und sehr detaillierte Cloud Statue aus Polystone &#8211; k\u00fcnstlichem Stein-Harz-Gemisch.<\/p>\n<p>Besonderheiten:<\/p>\n<ul>\n<li>LED beleuchteter Sockel<\/li>\n<\/ul>\n<p>Release-Status:<\/p>\n<ul>\n<li>Preorder. Statue wird voraussichtlich Q3 2021 released. Wir erwarten sie bei uns gegen Ende Oktober 2021.<\/li>\n<\/ul>\n<p>Wie immer bei meinen Aktionen &#8211; s\u00e4mtliche Geb\u00fchren sind, im Gegensatz zu anderen Angeboten, bereits inkludiert. Versand erfolgt ausschlie\u00dflich aus Deutschland, es fallen keine Zoll- und Importgeb\u00fchren an. Ihr kauft keine Katze im Sack \ud83d\ude42<\/p>\n<p>Ma\u00dfe der Statue:<br \/>\nGr\u00f6\u00dfe: H35cm x W64cm x D40cm<br \/>\nGewicht: TBA, gesch\u00e4tzt: ca. 19 kg<\/p>\n<p>You are not prepared! \ud83d\ude42<\/p>","protected":false},"excerpt":{"rendered":"<p>Final Fantasy &#8211; Cloud Strife &#8218; 1:4 Resin Statue &#8218; von Chocobo Studio EU Taxfree! I do ship EU-wide, please contact me, should questions arise. Tolle Statue der Hauptfigur aus Final Fantasy 7 Wunderbar verarbeitete und sehr detaillierte Cloud Statue aus Polystone &#8211; k\u00fcnstlichem Stein-Harz-Gemisch. Besonderheiten: LED beleuchteter Sockel Release-Status: Preorder. Statue wird voraussichtlich Q3 [&hellip;]<\/p>\n","protected":false},"featured_media":3016,"comment_status":"closed","ping_status":"closed","template":"","meta":[],"product_brand":[],"product_cat":[197,568,81],"product_tag":[],"class_list":{"0":"post-3015","1":"product","2":"type-product","3":"status-publish","4":"has-post-thumbnail","6":"product_cat-final-fantasy","7":"product_cat-preorder","8":"product_cat-statuen-computerspieluniversum","9":"pa_brand-chocobo-studio","10":"pa_scale-1_to_4","12":"first","13":"outofstock","14":"taxable","15":"shipping-taxable","16":"product-type-variable"},"_links":{"self":[{"href":"https:\/\/store.handsomecake.com\/en\/wp-json\/wp\/v2\/product\/3015","targetHints":{"allow":["GET"]}}],"collection":[{"href":"https:\/\/store.handsomecake.com\/en\/wp-json\/wp\/v2\/product"}],"about":[{"href":"https:\/\/store.handsomecake.com\/en\/wp-json\/wp\/v2\/types\/product"}],"replies":[{"embeddable":true,"href":"https:\/\/store.handsomecake.com\/en\/wp-json\/wp\/v2\/comments?post=3015"}],"wp:featuredmedia":[{"embeddable":true,"href":"https:\/\/store.handsomecake.com\/en\/wp-json\/wp\/v2\/media\/3016"}],"wp:attachment":[{"href":"https:\/\/store.handsomecake.com\/en\/wp-json\/wp\/v2\/media?parent=3015"}],"wp:term":[{"taxonomy":"product_brand","embeddable":true,"href":"https:\/\/store.handsomecake.com\/en\/wp-json\/wp\/v2\/product_brand?post=3015"},{"taxonomy":"product_cat","embeddable":true,"href":"https:\/\/store.handsomecake.com\/en\/wp-json\/wp\/v2\/product_cat?post=3015"},{"taxonomy":"product_tag","embeddable":true,"href":"https:\/\/store.handsomecake.com\/en\/wp-json\/wp\/v2\/product_tag?post=3015"}],"curies":[{"name":"wp","href":"https:\/\/api.w.org\/{rel}","templated":true}]}}