{"id":30104,"date":"2024-02-22T03:45:59","date_gmt":"2024-02-22T03:45:59","guid":{"rendered":"https:\/\/store.handsomecake.com\/product\/naruto-naruto-uzumaki-11-lifesize-statue-von-cw-studio\/"},"modified":"2025-02-27T17:01:39","modified_gmt":"2025-02-27T17:01:39","slug":"naruto-naruto-uzumaki-11-lifesize-statue-von-cw-studio","status":"publish","type":"product","link":"https:\/\/store.handsomecake.com\/en\/product\/naruto-naruto-uzumaki-11-lifesize-statue-von-cw-studio\/","title":{"rendered":"Naruto &#8211; Naruto Uzumaki | 1:1 Lifesize Statue | von CW Studio"},"content":{"rendered":"<p><strong>Naruto &#8211; Naruto Uzumaki | 1:1 Lifesize Statue | von CW Studio<\/strong><\/p>\n<p>I do ship EU-wide, please contact me, should questions arise.<\/p>\n<p><em><span style=\"color: #ffffff;\"><span style=\"background-color: #2c3e50;\">\u00a0&#8220; When people are protecting something truly special to them, they truly can become&#8230;as strong as they can be.&#8220; <\/span><\/span><\/em><\/p>\n<p>Tolle Statue von Jinchuriki der neunschw\u00e4nzigen Fuchsd\u00e4mon<br \/>\nWunderbar verarbeitete und sehr detaillierte Naruto Uzumaki aus Polystone &#8211; k\u00fcnstlichem Stein-Harz-Gemisch.<\/p>\n<p><strong>Besonderheiten:<\/strong><\/p>\n<ul>\n<li>keine<\/li>\n<\/ul>\n<p><strong>Release-Status:<\/strong><\/p>\n<ul>\n<li>Preorder. Statue wird sch\u00e4tzungsweise Q4 2024 fertiggestellt und wir erwarten sie bei uns im Lager gegen Ende Februar 2025.<\/li>\n<li>Diese Angabe ist ohne Gew\u00e4hr! Wir leiten nur die Sch\u00e4tzung vom Hersteller weiter.<\/li>\n<li>Falls das Datum \u00fcberschritten wurde und hier immer noch eine Sch\u00e4tzung aus der Vergangenheit steht, dann bedeutet das NICHT, dass die Figur bereits im Lager in Deutschland ist. Sie ist NUR dann auf Lager in Deutschland, wenn der Text dies entsprechend sagt und\/oder die Kategorie weiter oben &#8222;Lagernd vor Ort&#8220; hei\u00dft.<\/li>\n<\/ul>\n<p>Wie immer bei meinen Aktionen &#8211; s\u00e4mtliche Geb\u00fchren sind, im Gegensatz zu anderen Angeboten, bereits inkludiert. Versand erfolgt ausschlie\u00dflich aus Deutschland, es fallen keine Zoll- und Importgeb\u00fchren an. Ihr kauft keine Katze im Sack \ud83d\ude42<\/p>\n<p><strong>Ma\u00dfe der Statue:<\/strong><\/p>\n<ul>\n<li>Gr\u00f6\u00dfe: ca. H200cm x W88cm x L95cm<\/li>\n<li>Gewicht: TBA, ca. 40kg (gesch\u00e4tzt)<\/li>\n<\/ul>\n<p>You are not prepared! \ud83d\ude42<\/p>","protected":false},"excerpt":{"rendered":"<p>Naruto &#8211; Naruto Uzumaki | 1:1 Lifesize Statue | von CW Studio I do ship EU-wide, please contact me, should questions arise. \u00a0&#8220; When people are protecting something truly special to them, they truly can become&#8230;as strong as they can be.&#8220; Tolle Statue von Jinchuriki der neunschw\u00e4nzigen Fuchsd\u00e4mon Wunderbar verarbeitete und sehr detaillierte Naruto Uzumaki [&hellip;]<\/p>\n","protected":false},"featured_media":30105,"comment_status":"closed","ping_status":"closed","template":"","meta":[],"product_brand":[],"product_cat":[24,88,568,84],"product_tag":[656,659,660,657,640,658,147,251,168,296,1626,169,170,1627,1628,1629,154,136,137],"class_list":{"0":"post-30104","1":"product","2":"type-product","3":"status-publish","4":"has-post-thumbnail","6":"product_cat-action-figuren","7":"product_cat-naruto","8":"product_cat-preorder","9":"product_cat-statuen-anime-comic-universum","10":"product_tag-anime-collectibles","11":"product_tag-anime-figuren","12":"product_tag-anime-figuren-naruto","13":"product_tag-anime-figures","14":"product_tag-anime-statuen","15":"product_tag-anime-toys","16":"product_tag-collectibles","17":"product_tag-collectibles-kaufen","18":"product_tag-naruto-collectibles","19":"product_tag-naruto-collectibles-kaufen","20":"product_tag-naruto-shippuden","21":"product_tag-naruto-statuen","22":"product_tag-naruto-statuen-kaufen","23":"product_tag-naruto-uzumaki","24":"product_tag-naruto-uzumaki-collectibles","25":"product_tag-naruto-uzumaki-statue","26":"product_tag-resin-collectibles","27":"product_tag-resin-statuen","28":"product_tag-resin-statuen-kaufen","29":"pa_brand-cw-studio","30":"pa_scale-1_to_1","32":"first","33":"instock","34":"taxable","35":"shipping-taxable","36":"product-type-simple"},"_links":{"self":[{"href":"https:\/\/store.handsomecake.com\/en\/wp-json\/wp\/v2\/product\/30104","targetHints":{"allow":["GET"]}}],"collection":[{"href":"https:\/\/store.handsomecake.com\/en\/wp-json\/wp\/v2\/product"}],"about":[{"href":"https:\/\/store.handsomecake.com\/en\/wp-json\/wp\/v2\/types\/product"}],"replies":[{"embeddable":true,"href":"https:\/\/store.handsomecake.com\/en\/wp-json\/wp\/v2\/comments?post=30104"}],"wp:featuredmedia":[{"embeddable":true,"href":"https:\/\/store.handsomecake.com\/en\/wp-json\/wp\/v2\/media\/30105"}],"wp:attachment":[{"href":"https:\/\/store.handsomecake.com\/en\/wp-json\/wp\/v2\/media?parent=30104"}],"wp:term":[{"taxonomy":"product_brand","embeddable":true,"href":"https:\/\/store.handsomecake.com\/en\/wp-json\/wp\/v2\/product_brand?post=30104"},{"taxonomy":"product_cat","embeddable":true,"href":"https:\/\/store.handsomecake.com\/en\/wp-json\/wp\/v2\/product_cat?post=30104"},{"taxonomy":"product_tag","embeddable":true,"href":"https:\/\/store.handsomecake.com\/en\/wp-json\/wp\/v2\/product_tag?post=30104"}],"curies":[{"name":"wp","href":"https:\/\/api.w.org\/{rel}","templated":true}]}}