{"id":30075,"date":"2024-02-22T03:42:16","date_gmt":"2024-02-22T03:42:16","guid":{"rendered":"https:\/\/store.handsomecake.com\/product\/saint-seiya-andromeda-shun-16-resin-statue-von-fairy-land-studios\/"},"modified":"2024-06-12T16:31:53","modified_gmt":"2024-06-12T16:31:53","slug":"saint-seiya-andromeda-shun-16-resin-statue-von-fairy-land-studios","status":"publish","type":"product","link":"https:\/\/store.handsomecake.com\/en\/product\/saint-seiya-andromeda-shun-16-resin-statue-von-fairy-land-studios\/","title":{"rendered":"Saint Seiya &#8211; Andromeda Shun | 1:6 Resin Statue | von Fairy Land Studios"},"content":{"rendered":"<p><strong>Saint Seiya &#8211; Andromeda Shun | 1:6 Resin Statue | von Fairy Land Studios<\/strong><\/p>\n<p>I do ship EU-wide, please contact me, should questions arise.<\/p>\n<p>Tolle Statue von einem der Bronze Saints.<br \/>\nWunderbar verarbeitete und sehr detaillierte Statue von Shun aus Polystone &#8211; k\u00fcnstlichem Stein-Harz-Gemisch.<\/p>\n<p><strong>Besonderheiten:<\/strong><\/p>\n<ul>\n<li>weltweit 288 St\u00fcck<\/li>\n<\/ul>\n<p><strong>Release-Status:<\/strong><\/p>\n<ul>\n<li>Preorder. Statue wird sch\u00e4tzungsweise Ende Q3 2024 fertiggestellt und wir erwarten sie bei uns im Lager gegen Ende Oktober 2024.<\/li>\n<\/ul>\n<p>Wie immer bei meinen Aktionen &#8211; s\u00e4mtliche Geb\u00fchren sind, im Gegensatz zu anderen Angeboten, bereits inkludiert. Versand erfolgt ausschlie\u00dflich aus Deutschland, es fallen keine Zoll- und Importgeb\u00fchren an. Ihr kauft keine Katze im Sack \ud83d\ude42<\/p>\n<p><strong>Ma\u00dfe der Statue:<\/strong><\/p>\n<ul>\n<li>Gr\u00f6\u00dfe ca. H35cm x cm x cm<\/li>\n<li>Gewicht: TBA, ca. 8kg<\/li>\n<\/ul>\n<p>You are not prepared! \ud83d\ude42<\/p>","protected":false},"excerpt":{"rendered":"<p>Saint Seiya &#8211; Andromeda Shun | 1:6 Resin Statue | von Fairy Land Studios I do ship EU-wide, please contact me, should questions arise. Tolle Statue von einem der Bronze Saints. Wunderbar verarbeitete und sehr detaillierte Statue von Shun aus Polystone &#8211; k\u00fcnstlichem Stein-Harz-Gemisch. Besonderheiten: weltweit 288 St\u00fcck Release-Status: Preorder. Statue wird sch\u00e4tzungsweise Ende Q3 [&hellip;]<\/p>\n","protected":false},"featured_media":30130,"comment_status":"closed","ping_status":"closed","template":"","meta":[],"product_brand":[],"product_cat":[24,568,84],"product_tag":[3200,612,656,659,666,708,795,2360,1533,3202,1539,1540,3201,379,381,665,380,382,547],"class_list":{"0":"post-30075","1":"product","2":"type-product","3":"status-publish","4":"has-post-thumbnail","6":"product_cat-action-figuren","7":"product_cat-preorder","8":"product_cat-statuen-anime-comic-universum","9":"product_tag-andromeda-shun","10":"product_tag-anime","11":"product_tag-anime-collectibles","12":"product_tag-anime-figuren","13":"product_tag-anime-figuren-shop","14":"product_tag-anime-statuen-shop","15":"product_tag-handsomecake","16":"product_tag-mime-figurine","17":"product_tag-saint-seiya","18":"product_tag-saint-seiya-andromeda-shun","19":"product_tag-saint-seiya-figure","20":"product_tag-saint-seiya-statue","21":"product_tag-shun-figure","22":"product_tag-statue-collectible","23":"product_tag-statue-collectibles","24":"product_tag-statuen-shop","25":"product_tag-statues-collectible","26":"product_tag-statues-collectibles","27":"product_tag-statues-collector","28":"pa_brand-fairyland-studios","29":"pa_scale-1_to_6","31":"first","32":"instock","33":"taxable","34":"shipping-taxable","35":"product-type-simple"},"_links":{"self":[{"href":"https:\/\/store.handsomecake.com\/en\/wp-json\/wp\/v2\/product\/30075","targetHints":{"allow":["GET"]}}],"collection":[{"href":"https:\/\/store.handsomecake.com\/en\/wp-json\/wp\/v2\/product"}],"about":[{"href":"https:\/\/store.handsomecake.com\/en\/wp-json\/wp\/v2\/types\/product"}],"replies":[{"embeddable":true,"href":"https:\/\/store.handsomecake.com\/en\/wp-json\/wp\/v2\/comments?post=30075"}],"wp:featuredmedia":[{"embeddable":true,"href":"https:\/\/store.handsomecake.com\/en\/wp-json\/wp\/v2\/media\/30130"}],"wp:attachment":[{"href":"https:\/\/store.handsomecake.com\/en\/wp-json\/wp\/v2\/media?parent=30075"}],"wp:term":[{"taxonomy":"product_brand","embeddable":true,"href":"https:\/\/store.handsomecake.com\/en\/wp-json\/wp\/v2\/product_brand?post=30075"},{"taxonomy":"product_cat","embeddable":true,"href":"https:\/\/store.handsomecake.com\/en\/wp-json\/wp\/v2\/product_cat?post=30075"},{"taxonomy":"product_tag","embeddable":true,"href":"https:\/\/store.handsomecake.com\/en\/wp-json\/wp\/v2\/product_tag?post=30075"}],"curies":[{"name":"wp","href":"https:\/\/api.w.org\/{rel}","templated":true}]}}