{"id":30073,"date":"2024-02-22T03:39:32","date_gmt":"2024-02-22T03:39:32","guid":{"rendered":"https:\/\/store.handsomecake.com\/product\/genshin-impact-raiden-shogun-14-resin-statue-von-dt-x-ume-studios\/"},"modified":"2024-10-19T15:39:22","modified_gmt":"2024-10-19T15:39:22","slug":"genshin-impact-raiden-shogun-14-resin-statue-von-dt-x-ume-studios","status":"publish","type":"product","link":"https:\/\/store.handsomecake.com\/en\/product\/genshin-impact-raiden-shogun-14-resin-statue-von-dt-x-ume-studios\/","title":{"rendered":"Genshin Impact &#8211; Raiden Shogun | 1:4 Resin Statue | von DT x UME Studios"},"content":{"rendered":"<p><strong>Genshin Impact &#8211; Raiden Shogun | 1:4 Resin Statue | von DT x UME Studios<\/strong><\/p>\n<p>Tolle Statue von der Herrscherin des Inazuma-Shogunats.<br \/>\nWunderbar verarbeitete und sehr detaillierte Raiden Statue aus Polystone &#8211; k\u00fcnstlichem Stein-Harz-Gemisch.<\/p>\n<p><strong>Besonderheiten:<\/strong><\/p>\n<ul>\n<li>A-Version (lila)<\/li>\n<li>Silikonk\u00f6rper<\/li>\n<li>Glasaugen<\/li>\n<\/ul>\n<p><strong>Release-Status:<\/strong><\/p>\n<ul>\n<li>Released. Ab Bestellzeitpunkt in ca. 3-4 Monaten bei euch.<\/li>\n<\/ul>\n<p>Wie immer bei meinen Aktionen &#8211; s\u00e4mtliche Geb\u00fchren sind, im Gegensatz zu anderen Angeboten, bereits inkludiert. Versand erfolgt ausschlie\u00dflich aus Deutschland, es fallen keine Zoll- und Importgeb\u00fchren an. Ihr kauft keine Katze im Sack \ud83d\ude42<\/p>\n<p><strong>Ma\u00dfe der Statue:<\/strong><\/p>\n<ul>\n<li>Gr\u00f6\u00dfe: ca. H65cm x W33cm x D26cm<\/li>\n<li>Gewicht: TBA, gesch\u00e4tzt: ca. 14 kg<\/li>\n<\/ul>\n<p>You are not prepared! \ud83d\ude42<\/p>","protected":false},"excerpt":{"rendered":"<p>Genshin Impact &#8211; Raiden Shogun | 1:4 Resin Statue | von DT x UME Studios Tolle Statue von der Herrscherin des Inazuma-Shogunats. Wunderbar verarbeitete und sehr detaillierte Raiden Statue aus Polystone &#8211; k\u00fcnstlichem Stein-Harz-Gemisch. Besonderheiten: A-Version (lila) Silikonk\u00f6rper Glasaugen Release-Status: Released. Ab Bestellzeitpunkt in ca. 3-4 Monaten bei euch. Wie immer bei meinen Aktionen &#8211; [&hellip;]<\/p>\n","protected":false},"featured_media":30131,"comment_status":"closed","ping_status":"closed","template":"","meta":[],"product_brand":[],"product_cat":[24,81,567],"product_tag":[612,663,2350,2346,2349,2348,2351,2352,2353,795,3127,2344,2345,2343,154,255,136,137,379,381,552,665,380,382,547,718],"class_list":{"0":"post-30073","1":"product","2":"type-product","3":"status-publish","4":"has-post-thumbnail","6":"product_cat-action-figuren","7":"product_cat-statuen-computerspieluniversum","8":"product_cat-in_stock_warehouse_china","9":"product_tag-anime","10":"product_tag-anime-figur-shop","11":"product_tag-genshin-impact-collectibles","12":"product_tag-genshin-impact-figurine","13":"product_tag-genshin-impact-raiden","14":"product_tag-genshin-impact-raiden-shogun","15":"product_tag-genshin-impact-resin","16":"product_tag-genshin-impact-statue","17":"product_tag-genshin-impact-statuen","18":"product_tag-handsomecake","19":"product_tag-impact","20":"product_tag-raiden-collectible","21":"product_tag-raiden-figur","22":"product_tag-raiden-shogun","23":"product_tag-resin-collectibles","24":"product_tag-resin-collectibles-kaufen","25":"product_tag-resin-statuen","26":"product_tag-resin-statuen-kaufen","27":"product_tag-statue-collectible","28":"product_tag-statue-collectibles","29":"product_tag-statue-collector","30":"product_tag-statuen-shop","31":"product_tag-statues-collectible","32":"product_tag-statues-collectibles","33":"product_tag-statues-collector","34":"product_tag-toys","35":"pa_brand-dt-studio","36":"pa_scale-1_to_4","38":"first","39":"outofstock","40":"taxable","41":"shipping-taxable","42":"product-type-simple"},"_links":{"self":[{"href":"https:\/\/store.handsomecake.com\/en\/wp-json\/wp\/v2\/product\/30073","targetHints":{"allow":["GET"]}}],"collection":[{"href":"https:\/\/store.handsomecake.com\/en\/wp-json\/wp\/v2\/product"}],"about":[{"href":"https:\/\/store.handsomecake.com\/en\/wp-json\/wp\/v2\/types\/product"}],"replies":[{"embeddable":true,"href":"https:\/\/store.handsomecake.com\/en\/wp-json\/wp\/v2\/comments?post=30073"}],"wp:featuredmedia":[{"embeddable":true,"href":"https:\/\/store.handsomecake.com\/en\/wp-json\/wp\/v2\/media\/30131"}],"wp:attachment":[{"href":"https:\/\/store.handsomecake.com\/en\/wp-json\/wp\/v2\/media?parent=30073"}],"wp:term":[{"taxonomy":"product_brand","embeddable":true,"href":"https:\/\/store.handsomecake.com\/en\/wp-json\/wp\/v2\/product_brand?post=30073"},{"taxonomy":"product_cat","embeddable":true,"href":"https:\/\/store.handsomecake.com\/en\/wp-json\/wp\/v2\/product_cat?post=30073"},{"taxonomy":"product_tag","embeddable":true,"href":"https:\/\/store.handsomecake.com\/en\/wp-json\/wp\/v2\/product_tag?post=30073"}],"curies":[{"name":"wp","href":"https:\/\/api.w.org\/{rel}","templated":true}]}}