{"id":3001,"date":"2021-05-02T22:16:11","date_gmt":"2021-05-02T22:16:11","guid":{"rendered":"https:\/\/store.handsomecake.com\/product\/one-piece-shanks-14-resin-statue-von-pt-studios\/"},"modified":"2024-06-12T14:46:18","modified_gmt":"2024-06-12T14:46:18","slug":"one-piece-shanks-14-resin-statue-von-pt-studios","status":"publish","type":"product","link":"https:\/\/store.handsomecake.com\/en\/product\/one-piece-shanks-14-resin-statue-von-pt-studios\/","title":{"rendered":"One Piece &#8211; Shanks | 1:4 Resin Statue | von PT Studios"},"content":{"rendered":"<p>One Piece &#8211; Shanks &#8218; 1:4 Resin Statue &#8218; von PT Studios<br \/>\nI do ship EU-wide, please contact me, should questions arise.<\/p>\n<p>Tolle Statue des Kapit\u00e4ns der Rothaar-Piratenbande<br \/>\nWunderbar verarbeitete und sehr detaillierte Shanks Statue aus Polystone &#8211; k\u00fcnstlichem Stein-Harz-Gemisch.<\/p>\n<p>Besonderheiten:<\/p>\n<ul>\n<li>LED Beleuchtung im Sockel<\/li>\n<li>hierbei handelt es sich ausschlie\u00dflich um die 1:4 Version<\/li>\n<li>99 St\u00fcck weltweit<\/li>\n<\/ul>\n<p>Release-Status:<\/p>\n<ul>\n<li>Preorder, Statue wird voraussichtlich in Q4 2021 released. Wir erwarten sie im Warenlager ca. Ende Februar 2022.<\/li>\n<\/ul>\n<p>Wie immer bei meinen Aktionen &#8211; s\u00e4mtliche Geb\u00fchren sind, im Gegensatz zu anderen Angeboten, bereits inkludiert. Versand erfolgt ausschlie\u00dflich aus Deutschland, es fallen keine Zoll- und Importgeb\u00fchren an. Ihr kauft keine Katze im Sack \ud83d\ude42<\/p>\n<p>Ma\u00dfe der Statue:<br \/>\nGr\u00f6\u00dfe: ca. H60cm x D47cm x W75cm<br \/>\nGewicht: TBA, ca. 27 kg (gesch\u00e4tzt)<\/p>\n<p>You are not prepared! \ud83d\ude42<\/p>","protected":false},"excerpt":{"rendered":"<p>One Piece &#8211; Shanks &#8218; 1:4 Resin Statue &#8218; von PT Studios I do ship EU-wide, please contact me, should questions arise. Tolle Statue des Kapit\u00e4ns der Rothaar-Piratenbande Wunderbar verarbeitete und sehr detaillierte Shanks Statue aus Polystone &#8211; k\u00fcnstlichem Stein-Harz-Gemisch. Besonderheiten: LED Beleuchtung im Sockel hierbei handelt es sich ausschlie\u00dflich um die 1:4 Version 99 [&hellip;]<\/p>\n","protected":false},"featured_media":3002,"comment_status":"closed","ping_status":"closed","template":"","meta":[],"product_brand":[],"product_cat":[89,568,84],"product_tag":[],"class_list":{"0":"post-3001","1":"product","2":"type-product","3":"status-publish","4":"has-post-thumbnail","6":"product_cat-one-piece","7":"product_cat-preorder","8":"product_cat-statuen-anime-comic-universum","9":"pa_brand-pt-studios","10":"pa_scale-1_to_4","12":"first","13":"outofstock","14":"taxable","15":"shipping-taxable","16":"product-type-simple"},"_links":{"self":[{"href":"https:\/\/store.handsomecake.com\/en\/wp-json\/wp\/v2\/product\/3001","targetHints":{"allow":["GET"]}}],"collection":[{"href":"https:\/\/store.handsomecake.com\/en\/wp-json\/wp\/v2\/product"}],"about":[{"href":"https:\/\/store.handsomecake.com\/en\/wp-json\/wp\/v2\/types\/product"}],"replies":[{"embeddable":true,"href":"https:\/\/store.handsomecake.com\/en\/wp-json\/wp\/v2\/comments?post=3001"}],"wp:featuredmedia":[{"embeddable":true,"href":"https:\/\/store.handsomecake.com\/en\/wp-json\/wp\/v2\/media\/3002"}],"wp:attachment":[{"href":"https:\/\/store.handsomecake.com\/en\/wp-json\/wp\/v2\/media?parent=3001"}],"wp:term":[{"taxonomy":"product_brand","embeddable":true,"href":"https:\/\/store.handsomecake.com\/en\/wp-json\/wp\/v2\/product_brand?post=3001"},{"taxonomy":"product_cat","embeddable":true,"href":"https:\/\/store.handsomecake.com\/en\/wp-json\/wp\/v2\/product_cat?post=3001"},{"taxonomy":"product_tag","embeddable":true,"href":"https:\/\/store.handsomecake.com\/en\/wp-json\/wp\/v2\/product_tag?post=3001"}],"curies":[{"name":"wp","href":"https:\/\/api.w.org\/{rel}","templated":true}]}}