{"id":29858,"date":"2024-02-14T18:26:04","date_gmt":"2024-02-14T18:26:04","guid":{"rendered":"https:\/\/store.handsomecake.com\/product\/one-piece-monkey-d-luffy-13-resin-statue-von-ditaishe-studio\/"},"modified":"2024-06-12T16:30:47","modified_gmt":"2024-06-12T16:30:47","slug":"one-piece-monkey-d-luffy-13-resin-statue-von-ditaishe-studio","status":"publish","type":"product","link":"https:\/\/store.handsomecake.com\/en\/product\/one-piece-monkey-d-luffy-13-resin-statue-von-ditaishe-studio\/","title":{"rendered":"One Piece &#8211; Monkey D. Luffy | 1:3 Resin Statue | von DiTaiShe Studio"},"content":{"rendered":"<p><strong>One Piece &#8211; Monkey D. Luffy | 1:3 Resin Statue | von DiTaiShe Studio<\/strong><\/p>\n<p>I do ship EU-wide, please contact me, should questions arise.<\/p>\n<p><span style=\"color: #ffffff;\"><em><span style=\"background-color: #2c3e50;\">\u00a0&#8220; I don&#8217;t wanna conquer anything. It&#8217;s just that the person with the most freedom on the sea is the Pirate King.&#8220; <\/span><\/em><\/span><\/p>\n<p>Tolle Statue des Anf\u00fchrers der Strohhutbande.<br \/>\nWunderbar verarbeitete und sehr detaillierte Luffy Statue aus Polystone &#8211; k\u00fcnstlichem Stein-Harz-Gemisch.<\/p>\n<p><strong>Besonderheiten:<\/strong><\/p>\n<ul>\n<li>weltweit 188 St\u00fcck verf\u00fcgbar<\/li>\n<li>Gr\u00f6\u00dfen im Ma\u00dfstab 1:3 und 1:6 sind verf\u00fcgbar<\/li>\n<li>die 1:3-Version ist auch ohne Umhang erh\u00e4ltlich.<\/li>\n<\/ul>\n<p><strong>Release-Status:<\/strong><\/p>\n<ul>\n<li>Preorder. Statue wird voraussichtlich Q3 2024 erscheinen und wir erwarten sie voraussichtlich Ende Oktober 2024 im Warenlager.<\/li>\n<li>Diese Angabe ist ohne Gew\u00e4hr! Wir leiten nur die Sch\u00e4tzung vom Hersteller weiter.<\/li>\n<li>Falls das Datum \u00fcberschritten wurde und hier immer noch eine Sch\u00e4tzung aus der Vergangenheit steht, dann bedeutet das NICHT, dass die Figur bereits im Lager in Deutschland ist. Sie ist NUR dann auf Lager in Deutschland, wenn der Text dies entsprechend sagt und\/oder die Kategorie weiter oben \u201cLagernd vor Ort\u201d hei\u00dft.<\/li>\n<\/ul>\n<p>Wie immer bei meinen Aktionen &#8211; s\u00e4mtliche Geb\u00fchren sind, im Gegensatz zu anderen Angeboten, bereits inkludiert. Versand erfolgt ausschlie\u00dflich aus Deutschland, es fallen keine Zoll- und Importgeb\u00fchren an. Ihr kauft keine Katze im Sack \ud83d\ude42<\/p>\n<p><strong>Ma\u00dfe der Statue:<\/strong><\/p>\n<ul>\n<li>Gr\u00f6\u00dfe (1:6) : ca. H40cm x W30cm x D22cm<\/li>\n<li>Gr\u00f6\u00dfe (1:3) : ca. H71cm x W54cm x D39cm<\/li>\n<li>Gewicht: TBA, ca. 14kg (gesch\u00e4tzt)<\/li>\n<\/ul>\n<p>You are not prepared! \ud83d\ude42<\/p>","protected":false},"excerpt":{"rendered":"<p>One Piece &#8211; Monkey D. Luffy | 1:3 Resin Statue | von DiTaiShe Studio I do ship EU-wide, please contact me, should questions arise. \u00a0&#8220; I don&#8217;t wanna conquer anything. It&#8217;s just that the person with the most freedom on the sea is the Pirate King.&#8220; Tolle Statue des Anf\u00fchrers der Strohhutbande. Wunderbar verarbeitete und [&hellip;]<\/p>\n","protected":false},"featured_media":29865,"comment_status":"closed","ping_status":"closed","template":"","meta":[],"product_brand":[],"product_cat":[24,89,568,84],"product_tag":[612,664,666,717,794,662,640,658,479,147,251,795,529,531,530,532,164,502,165,154,255,136,137,379,381,552,380],"class_list":{"0":"post-29858","1":"product","2":"type-product","3":"status-publish","4":"has-post-thumbnail","6":"product_cat-action-figuren","7":"product_cat-one-piece","8":"product_cat-preorder","9":"product_cat-statuen-anime-comic-universum","10":"product_tag-anime","11":"product_tag-anime-figuren-one-piece","12":"product_tag-anime-figuren-shop","13":"product_tag-anime-shop","14":"product_tag-anime-statue","15":"product_tag-anime-statue-shop","16":"product_tag-anime-statuen","17":"product_tag-anime-toys","18":"product_tag-collectible","19":"product_tag-collectibles","20":"product_tag-collectibles-kaufen","21":"product_tag-handsomecake","22":"product_tag-luffy","23":"product_tag-luffy-collectible","24":"product_tag-luffy-one-piece","25":"product_tag-luffy-statue","26":"product_tag-one-piece-collectibles","27":"product_tag-one-piece-resin","28":"product_tag-one-piece-statue","29":"product_tag-resin-collectibles","30":"product_tag-resin-collectibles-kaufen","31":"product_tag-resin-statuen","32":"product_tag-resin-statuen-kaufen","33":"product_tag-statue-collectible","34":"product_tag-statue-collectibles","35":"product_tag-statue-collector","36":"product_tag-statues-collectible","37":"pa_brand-ditaishe-studio","39":"first","40":"instock","41":"taxable","42":"shipping-taxable","43":"product-type-variable"},"_links":{"self":[{"href":"https:\/\/store.handsomecake.com\/en\/wp-json\/wp\/v2\/product\/29858","targetHints":{"allow":["GET"]}}],"collection":[{"href":"https:\/\/store.handsomecake.com\/en\/wp-json\/wp\/v2\/product"}],"about":[{"href":"https:\/\/store.handsomecake.com\/en\/wp-json\/wp\/v2\/types\/product"}],"replies":[{"embeddable":true,"href":"https:\/\/store.handsomecake.com\/en\/wp-json\/wp\/v2\/comments?post=29858"}],"wp:featuredmedia":[{"embeddable":true,"href":"https:\/\/store.handsomecake.com\/en\/wp-json\/wp\/v2\/media\/29865"}],"wp:attachment":[{"href":"https:\/\/store.handsomecake.com\/en\/wp-json\/wp\/v2\/media?parent=29858"}],"wp:term":[{"taxonomy":"product_brand","embeddable":true,"href":"https:\/\/store.handsomecake.com\/en\/wp-json\/wp\/v2\/product_brand?post=29858"},{"taxonomy":"product_cat","embeddable":true,"href":"https:\/\/store.handsomecake.com\/en\/wp-json\/wp\/v2\/product_cat?post=29858"},{"taxonomy":"product_tag","embeddable":true,"href":"https:\/\/store.handsomecake.com\/en\/wp-json\/wp\/v2\/product_tag?post=29858"}],"curies":[{"name":"wp","href":"https:\/\/api.w.org\/{rel}","templated":true}]}}