{"id":29846,"date":"2024-02-14T18:20:05","date_gmt":"2024-02-14T18:20:05","guid":{"rendered":"https:\/\/store.handsomecake.com\/product\/neo-genesis-evangelion-asuka-langley-14-resin-statue-von-ro-studio\/"},"modified":"2024-06-12T16:30:27","modified_gmt":"2024-06-12T16:30:27","slug":"neo-genesis-evangelion-asuka-langley-14-resin-statue-von-ro-studio","status":"publish","type":"product","link":"https:\/\/store.handsomecake.com\/en\/product\/neo-genesis-evangelion-asuka-langley-14-resin-statue-von-ro-studio\/","title":{"rendered":"Neo Genesis Evangelion &#8211; Asuka Langley | 1:4 Resin Statue | von RO Studio"},"content":{"rendered":"<p><strong>Neo Genesis Evangelion &#8211; Asuka Langley | 1:4 Resin Statue | von RO Studio<\/strong><\/p>\n<p>I do ship EU-wide, please contact me, should questions arise.<\/p>\n<p>Tolle Statue der tapferen Mechpilotin<br \/>\nWunderbar verarbeitete und sehr detaillierte Asuka Langley Statue aus Polystone &#8211; k\u00fcnstlichem Stein-Harz-Gemisch.<\/p>\n<p><strong>Besonderheiten<\/strong>:<\/p>\n<ul>\n<li>Version A ist mit zwei austauschbaren K\u00f6pfen verf\u00fcgbar und nur mit realistischem Kopf erh\u00e4ltlich<\/li>\n<li>Versionen A, B, C und D sind separat erh\u00e4ltlich, und auch Kombinationen von Versionen sind verf\u00fcgbar, alle mit 2 austauschbaren K\u00f6pfen: A+B, A+C, A+D, A+B+C, A+C+D.<\/li>\n<\/ul>\n<p><strong>Release-Status:<\/strong><\/p>\n<ul>\n<li>Preorder. Release sch\u00e4tzungsweise Q4 2024, bei uns im Lager voraussichtlich Ende Februar 2025.<\/li>\n<li>Diese Angabe ist ohne Gew\u00e4hr! Wir leiten nur die Sch\u00e4tzung vom Hersteller weiter.<\/li>\n<li>Falls das Datum \u00fcberschritten wurde und hier immer noch eine Sch\u00e4tzung aus der Vergangenheit steht, dann bedeutet das NICHT, dass die Figur bereits im Lager in Deutschland ist. Sie ist NUR dann auf Lager in Deutschland, wenn der Text dies entsprechend sagt und\/oder die Kategorie weiter oben \u201cLagernd vor Ort\u201d hei\u00dft.<\/li>\n<\/ul>\n<p>Wie immer bei meinen Aktionen &#8211; s\u00e4mtliche Geb\u00fchren sind, im Gegensatz zu anderen Angeboten, bereits inkludiert. Versand erfolgt ausschlie\u00dflich aus Deutschland, es fallen keine Zoll- und Importgeb\u00fchren an. Ihr kauft keine Katze im Sack \ud83d\ude42<\/p>\n<p><strong>Ma\u00dfe der Statue:<\/strong><\/p>\n<ul>\n<li>Gr\u00f6\u00dfe(A): H43cm x W61cm x D21.3cm<\/li>\n<li>Gr\u00f6\u00dfe(B\/C\/D): H52cm x W18cm x D18cm<\/li>\n<li>Gewicht: TBA, gesch\u00e4tzt: ca.14 kg<\/li>\n<\/ul>\n<p>You are not prepared! \ud83d\ude42<\/p>","protected":false},"excerpt":{"rendered":"<p>Neo Genesis Evangelion &#8211; Asuka Langley | 1:4 Resin Statue | von RO Studio I do ship EU-wide, please contact me, should questions arise. Tolle Statue der tapferen Mechpilotin Wunderbar verarbeitete und sehr detaillierte Asuka Langley Statue aus Polystone &#8211; k\u00fcnstlichem Stein-Harz-Gemisch. Besonderheiten: Version A ist mit zwei austauschbaren K\u00f6pfen verf\u00fcgbar und nur mit realistischem [&hellip;]<\/p>\n","protected":false},"featured_media":29863,"comment_status":"closed","ping_status":"closed","template":"","meta":[],"product_brand":[],"product_cat":[24,811,568,84],"product_tag":[612,656,666,708,1043,658,539,537,538,479,147,251,383,533,540,795,536,534,535,154,255,136,137],"class_list":{"0":"post-29846","1":"product","2":"type-product","3":"status-publish","4":"has-post-thumbnail","6":"product_cat-action-figuren","7":"product_cat-neon-genesis-evangelion","8":"product_cat-preorder","9":"product_cat-statuen-anime-comic-universum","10":"product_tag-anime","11":"product_tag-anime-collectibles","12":"product_tag-anime-figuren-shop","13":"product_tag-anime-statuen-shop","14":"product_tag-anime-statues","15":"product_tag-anime-toys","16":"product_tag-asuka-figure","17":"product_tag-asuka-resin-statue","18":"product_tag-asuka-statue","19":"product_tag-collectible","20":"product_tag-collectibles","21":"product_tag-collectibles-kaufen","22":"product_tag-collector","23":"product_tag-eva","24":"product_tag-eva-asuka-collectible","25":"product_tag-handsomecake","26":"product_tag-neo-genesis-asuka","27":"product_tag-neo-genesis-eva","28":"product_tag-neo-genesis-evangelion","29":"product_tag-resin-collectibles","30":"product_tag-resin-collectibles-kaufen","31":"product_tag-resin-statuen","32":"product_tag-resin-statuen-kaufen","33":"pa_brand-ro-studio","34":"pa_scale-1_to_4","36":"first","37":"instock","38":"taxable","39":"shipping-taxable","40":"product-type-variable"},"_links":{"self":[{"href":"https:\/\/store.handsomecake.com\/en\/wp-json\/wp\/v2\/product\/29846","targetHints":{"allow":["GET"]}}],"collection":[{"href":"https:\/\/store.handsomecake.com\/en\/wp-json\/wp\/v2\/product"}],"about":[{"href":"https:\/\/store.handsomecake.com\/en\/wp-json\/wp\/v2\/types\/product"}],"replies":[{"embeddable":true,"href":"https:\/\/store.handsomecake.com\/en\/wp-json\/wp\/v2\/comments?post=29846"}],"wp:featuredmedia":[{"embeddable":true,"href":"https:\/\/store.handsomecake.com\/en\/wp-json\/wp\/v2\/media\/29863"}],"wp:attachment":[{"href":"https:\/\/store.handsomecake.com\/en\/wp-json\/wp\/v2\/media?parent=29846"}],"wp:term":[{"taxonomy":"product_brand","embeddable":true,"href":"https:\/\/store.handsomecake.com\/en\/wp-json\/wp\/v2\/product_brand?post=29846"},{"taxonomy":"product_cat","embeddable":true,"href":"https:\/\/store.handsomecake.com\/en\/wp-json\/wp\/v2\/product_cat?post=29846"},{"taxonomy":"product_tag","embeddable":true,"href":"https:\/\/store.handsomecake.com\/en\/wp-json\/wp\/v2\/product_tag?post=29846"}],"curies":[{"name":"wp","href":"https:\/\/api.w.org\/{rel}","templated":true}]}}