{"id":29720,"date":"2024-02-09T15:32:14","date_gmt":"2024-02-09T15:32:14","guid":{"rendered":"https:\/\/store.handsomecake.com\/product\/genshin-impact-raiden-shogun-14-resin-statue-von-coolbear-studio\/"},"modified":"2024-06-12T16:25:39","modified_gmt":"2024-06-12T16:25:39","slug":"genshin-impact-raiden-shogun-14-resin-statue-von-coolbear-studio","status":"publish","type":"product","link":"https:\/\/store.handsomecake.com\/en\/product\/genshin-impact-raiden-shogun-14-resin-statue-von-coolbear-studio\/","title":{"rendered":"Genshin Impact &#8211; Raiden Shogun | 1:4 Resin Statue | von Coolbear Studio"},"content":{"rendered":"<p><strong>Genshin Impact &#8211; Raiden Shogun | 1:4 Resin Statue | von Coolbear Studio<\/strong><\/p>\n<p>I do ship EU-wide, please contact me, should questions arise.<\/p>\n<p><em><span style=\"color: #ffffff;\"><span style=\"background-color: #2c3e50;\">\u00a0&#8220; Reality is the stillness buried deep beneath the illusion.&#8220; <\/span><\/span><\/em><\/p>\n<p>Tolle Statue von der Herrscherin des Inazuma-Shogunats.<br \/>\nWunderbar verarbeitete und sehr detaillierte Raiden Statue aus Polystone &#8211; k\u00fcnstlichem Stein-Harz-Gemisch.<\/p>\n<p><strong>Besonderheiten:<\/strong><\/p>\n<ul>\n<li>weltweit 128 St\u00fcck<\/li>\n<li>Exclusive Version (Regular Version + Bikini Version)<\/li>\n<li>Regular Version + Bikini Version auch separat erh\u00e4ltlich<\/li>\n<li>Bikini Version: Bikini abnehmbar<\/li>\n<li>Regular Version: Werbetafel mit LED<\/li>\n<\/ul>\n<p><strong>Release-Status:<\/strong><\/p>\n<ul>\n<li>Preorder. Statue wird voraussichtlich Q4 2024 released und wir erwarten sie sch\u00e4tzungsweise Ende Februar 2025 im Lager.<\/li>\n<li>Diese Angabe ist ohne Gew\u00e4hr! Wir leiten nur die Sch\u00e4tzung vom Hersteller weiter.<\/li>\n<li>Falls das Datum \u00fcberschritten wurde und hier immer noch eine Sch\u00e4tzung aus der Vergangenheit steht, dann bedeutet das NICHT, dass die Figur bereits im Lager in Deutschland ist. Sie ist NUR dann auf Lager in Deutschland, wenn der Text dies entsprechend sagt und\/oder die Kategorie weiter oben \u201cLagernd vor Ort\u201d hei\u00dft.<\/li>\n<\/ul>\n<p>Wie immer bei meinen Aktionen &#8211; s\u00e4mtliche Geb\u00fchren sind, im Gegensatz zu anderen Angeboten, bereits inkludiert. Versand erfolgt ausschlie\u00dflich aus Deutschland, es fallen keine Zoll- und Importgeb\u00fchren an. Ihr kauft keine Katze im Sack \ud83d\ude42<\/p>\n<p><strong>Ma\u00dfe der Statue:<\/strong><\/p>\n<ul>\n<li>Gr\u00f6\u00dfe (Regular Version) : ca. H47cm x 35cm x 33cm<\/li>\n<li>Gr\u00f6\u00dfe (Bikini Version) : ca. H51 x 26cm x 26cm<\/li>\n<li>Gewicht: TBA, gesch\u00e4tzt: ca. 12 kg<\/li>\n<\/ul>\n<p>You are not prepared! \ud83d\ude42<\/p>","protected":false},"excerpt":{"rendered":"<p>Genshin Impact &#8211; Raiden Shogun | 1:4 Resin Statue | von Coolbear Studio I do ship EU-wide, please contact me, should questions arise. \u00a0&#8220; Reality is the stillness buried deep beneath the illusion.&#8220; Tolle Statue von der Herrscherin des Inazuma-Shogunats. Wunderbar verarbeitete und sehr detaillierte Raiden Statue aus Polystone &#8211; k\u00fcnstlichem Stein-Harz-Gemisch. Besonderheiten: weltweit 128 [&hellip;]<\/p>\n","protected":false},"featured_media":29734,"comment_status":"closed","ping_status":"closed","template":"","meta":[],"product_brand":[],"product_cat":[24,568,81],"product_tag":[612,663,2350,2346,2349,2348,2351,2352,2353,795,3127,2344,2345,2343,154,255,136,137,379,381,552,665,380,382,547,718],"class_list":{"0":"post-29720","1":"product","2":"type-product","3":"status-publish","4":"has-post-thumbnail","6":"product_cat-action-figuren","7":"product_cat-preorder","8":"product_cat-statuen-computerspieluniversum","9":"product_tag-anime","10":"product_tag-anime-figur-shop","11":"product_tag-genshin-impact-collectibles","12":"product_tag-genshin-impact-figurine","13":"product_tag-genshin-impact-raiden","14":"product_tag-genshin-impact-raiden-shogun","15":"product_tag-genshin-impact-resin","16":"product_tag-genshin-impact-statue","17":"product_tag-genshin-impact-statuen","18":"product_tag-handsomecake","19":"product_tag-impact","20":"product_tag-raiden-collectible","21":"product_tag-raiden-figur","22":"product_tag-raiden-shogun","23":"product_tag-resin-collectibles","24":"product_tag-resin-collectibles-kaufen","25":"product_tag-resin-statuen","26":"product_tag-resin-statuen-kaufen","27":"product_tag-statue-collectible","28":"product_tag-statue-collectibles","29":"product_tag-statue-collector","30":"product_tag-statuen-shop","31":"product_tag-statues-collectible","32":"product_tag-statues-collectibles","33":"product_tag-statues-collector","34":"product_tag-toys","35":"pa_brand-coolbear-studio","36":"pa_scale-1_to_4","38":"first","39":"instock","40":"taxable","41":"shipping-taxable","42":"product-type-variable"},"_links":{"self":[{"href":"https:\/\/store.handsomecake.com\/en\/wp-json\/wp\/v2\/product\/29720","targetHints":{"allow":["GET"]}}],"collection":[{"href":"https:\/\/store.handsomecake.com\/en\/wp-json\/wp\/v2\/product"}],"about":[{"href":"https:\/\/store.handsomecake.com\/en\/wp-json\/wp\/v2\/types\/product"}],"replies":[{"embeddable":true,"href":"https:\/\/store.handsomecake.com\/en\/wp-json\/wp\/v2\/comments?post=29720"}],"wp:featuredmedia":[{"embeddable":true,"href":"https:\/\/store.handsomecake.com\/en\/wp-json\/wp\/v2\/media\/29734"}],"wp:attachment":[{"href":"https:\/\/store.handsomecake.com\/en\/wp-json\/wp\/v2\/media?parent=29720"}],"wp:term":[{"taxonomy":"product_brand","embeddable":true,"href":"https:\/\/store.handsomecake.com\/en\/wp-json\/wp\/v2\/product_brand?post=29720"},{"taxonomy":"product_cat","embeddable":true,"href":"https:\/\/store.handsomecake.com\/en\/wp-json\/wp\/v2\/product_cat?post=29720"},{"taxonomy":"product_tag","embeddable":true,"href":"https:\/\/store.handsomecake.com\/en\/wp-json\/wp\/v2\/product_tag?post=29720"}],"curies":[{"name":"wp","href":"https:\/\/api.w.org\/{rel}","templated":true}]}}