{"id":29704,"date":"2024-02-09T15:30:27","date_gmt":"2024-02-09T15:30:27","guid":{"rendered":"https:\/\/store.handsomecake.com\/product\/one-piece-boa-hancock-16-resin-statue-von-zuoban-studio\/"},"modified":"2025-01-17T11:31:54","modified_gmt":"2025-01-17T11:31:54","slug":"one-piece-boa-hancock-16-resin-statue-von-zuoban-studio","status":"publish","type":"product","link":"https:\/\/store.handsomecake.com\/en\/product\/one-piece-boa-hancock-16-resin-statue-von-zuoban-studio\/","title":{"rendered":"One Piece &#8211; Boa Hancock | 1:6 Resin Statue | von ZuoBan Studio"},"content":{"rendered":"<p><strong>One Piece &#8211; Boa Hancock | 1:6 Resin Statue | von ZuoBan Studio<\/strong><\/p>\n<p>EU Taxfree! I do ship EU-wide, please contact me, should questions arise.<\/p>\n<p>Tolle Statue des Kapit\u00e4ns der Kuja Piraten<br \/>\nWunderbar verarbeitete und sehr detaillierte Statue von Boa aus Polystone &#8211; k\u00fcnstlichem Stein-Harz-Gemisch.<\/p>\n<p><strong>Besonderheiten:<\/strong><\/p>\n<ul>\n<li>A-Version: Regular<\/li>\n<li>B-Version: Wei\u00df<\/li>\n<li>Beide Versionen in den Gr\u00f6\u00dfen 1:6 (weltweit 347 St\u00fcck) und 1:4 (weltweit 127 St\u00fcck)<\/li>\n<\/ul>\n<p><strong>Release-Status:<\/strong><\/p>\n<ul>\n<li>Pre order. Release ca. Q4 2024 erwartet, bei uns im Lager voraussichtlich Ende Februar 2025.<\/li>\n<li>Diese Angabe ist ohne Gew\u00e4hr! Wir leiten nur die Sch\u00e4tzung vom Hersteller weiter.<\/li>\n<li>Falls das Datum \u00fcberschritten wurde und hier immer noch eine Sch\u00e4tzung aus der Vergangenheit steht, dann bedeutet das NICHT, dass die Figur bereits im Lager in Deutschland ist. Sie ist NUR dann auf Lager in Deutschland, wenn der Text dies entsprechend sagt und\/oder die Kategorie weiter oben \u201cLagernd vor Ort\u201d hei\u00dft.<\/li>\n<\/ul>\n<p>Wie immer bei meinen Artikeln &#8211; s\u00e4mtliche Geb\u00fchren sind, im Gegensatz zu anderen Angeboten, bereits inkludiert. Versand erfolgt ausschlie\u00dflich aus Deutschland, es fallen keine Zoll- und Importgeb\u00fchren an. Ihr kauft keine Katze im Sack \ud83d\ude42<\/p>\n<p><strong>Ma\u00dfe der Statue:<\/strong><\/p>\n<ul>\n<li>Gr\u00f6\u00dfe(1:6) : ca.H54cm x W43cm x D45cm<\/li>\n<li>Gr\u00f6\u00dfe(1:4) : ca.H75cm x W54cm x D63cm<\/li>\n<li>Gewicht: TBA, ca. 16 kg (gesch\u00e4tzt)<\/li>\n<\/ul>\n<p>You are not prepared! \ud83d\ude42<\/p>","protected":false},"excerpt":{"rendered":"<p>One Piece &#8211; Boa Hancock | 1:6 Resin Statue | von ZuoBan Studio EU Taxfree! I do ship EU-wide, please contact me, should questions arise. Tolle Statue des Kapit\u00e4ns der Kuja Piraten Wunderbar verarbeitete und sehr detaillierte Statue von Boa aus Polystone &#8211; k\u00fcnstlichem Stein-Harz-Gemisch. Besonderheiten: A-Version: Regular B-Version: Wei\u00df Beide Versionen in den Gr\u00f6\u00dfen [&hellip;]<\/p>\n","protected":false},"featured_media":29735,"comment_status":"closed","ping_status":"closed","template":"","meta":[],"product_brand":[],"product_cat":[24,89,568,84],"product_tag":[612,666,717,794,662,640,923,924,925,479,147,251,795,927,164,502,165,154,255,136,137,379,381,552,665,380,382,547,718],"class_list":{"0":"post-29704","1":"product","2":"type-product","3":"status-publish","4":"has-post-thumbnail","6":"product_cat-action-figuren","7":"product_cat-one-piece","8":"product_cat-preorder","9":"product_cat-statuen-anime-comic-universum","10":"product_tag-anime","11":"product_tag-anime-figuren-shop","12":"product_tag-anime-shop","13":"product_tag-anime-statue","14":"product_tag-anime-statue-shop","15":"product_tag-anime-statuen","16":"product_tag-boa-hancock","17":"product_tag-boa-hancock-collectible","18":"product_tag-boa-hancock-statue","19":"product_tag-collectible","20":"product_tag-collectibles","21":"product_tag-collectibles-kaufen","22":"product_tag-handsomecake","23":"product_tag-one-piece-boa-hancock","24":"product_tag-one-piece-collectibles","25":"product_tag-one-piece-resin","26":"product_tag-one-piece-statue","27":"product_tag-resin-collectibles","28":"product_tag-resin-collectibles-kaufen","29":"product_tag-resin-statuen","30":"product_tag-resin-statuen-kaufen","31":"product_tag-statue-collectible","32":"product_tag-statue-collectibles","33":"product_tag-statue-collector","34":"product_tag-statuen-shop","35":"product_tag-statues-collectible","36":"product_tag-statues-collectibles","37":"product_tag-statues-collector","38":"product_tag-toys","39":"pa_brand-zuoban-studio","41":"first","42":"instock","43":"taxable","44":"shipping-taxable","45":"product-type-variable"},"_links":{"self":[{"href":"https:\/\/store.handsomecake.com\/en\/wp-json\/wp\/v2\/product\/29704","targetHints":{"allow":["GET"]}}],"collection":[{"href":"https:\/\/store.handsomecake.com\/en\/wp-json\/wp\/v2\/product"}],"about":[{"href":"https:\/\/store.handsomecake.com\/en\/wp-json\/wp\/v2\/types\/product"}],"replies":[{"embeddable":true,"href":"https:\/\/store.handsomecake.com\/en\/wp-json\/wp\/v2\/comments?post=29704"}],"wp:featuredmedia":[{"embeddable":true,"href":"https:\/\/store.handsomecake.com\/en\/wp-json\/wp\/v2\/media\/29735"}],"wp:attachment":[{"href":"https:\/\/store.handsomecake.com\/en\/wp-json\/wp\/v2\/media?parent=29704"}],"wp:term":[{"taxonomy":"product_brand","embeddable":true,"href":"https:\/\/store.handsomecake.com\/en\/wp-json\/wp\/v2\/product_brand?post=29704"},{"taxonomy":"product_cat","embeddable":true,"href":"https:\/\/store.handsomecake.com\/en\/wp-json\/wp\/v2\/product_cat?post=29704"},{"taxonomy":"product_tag","embeddable":true,"href":"https:\/\/store.handsomecake.com\/en\/wp-json\/wp\/v2\/product_tag?post=29704"}],"curies":[{"name":"wp","href":"https:\/\/api.w.org\/{rel}","templated":true}]}}