{"id":29587,"date":"2024-02-07T01:44:09","date_gmt":"2024-02-07T01:44:09","guid":{"rendered":"https:\/\/store.handsomecake.com\/product\/bleach-ichigo-kurosaki-16-resin-statue-von-blackwing-studio\/"},"modified":"2024-08-06T12:57:01","modified_gmt":"2024-08-06T12:57:01","slug":"bleach-ichigo-kurosaki-16-resin-statue-von-blackwing-studio","status":"publish","type":"product","link":"https:\/\/store.handsomecake.com\/en\/product\/bleach-ichigo-kurosaki-16-resin-statue-von-blackwing-studio\/","title":{"rendered":"Bleach &#8211; Ichigo Kurosaki | 1:6 Resin Statue | von BlackWing Studio"},"content":{"rendered":"<p><strong>Bleach &#8211; Ichigo Kurosaki | 1:6 Resin Statue | von BlackWing Studio<\/strong><\/p>\n<p>EU Taxfree! I do ship EU-wide, please contact me, should questions arise.<\/p>\n<p>Tolle Statue von Ersatz-Shinigami &#8211; Ichigo Kurosaki<\/p>\n<p><span style=\"color: #ffffff;\"><em><span style=\"background-color: #2c3e50;\">\u00a0&#8220; Pariere, wenn du leben willst. Wenn du jemanden besch\u00fctzen willst, lass ihn nicht sterben, und wenn du angreifst, t\u00f6te! &#8220;\u00a0 <\/span><\/em><\/span><\/p>\n<p>Wunderbar verarbeitete und sehr detaillierte Ichigo Statue aus Polystone &#8211; k\u00fcnstlichem Stein-Harz-Gemisch.<\/p>\n<p><strong>Besonderheiten<\/strong>:<\/p>\n<ul>\n<li>weltweit 188 St\u00fcck<\/li>\n<li>mit LED<\/li>\n<\/ul>\n<p><strong>Release-Status:<\/strong><\/p>\n<ul>\n<li>Preorder. Statue wird voraussichtlich Q4 2024 erscheinen und wir erwarten sie voraussichtlich Ende Februar 2025 im Warenlager.<\/li>\n<li>Diese Angabe ist ohne Gew\u00e4hr! Wir leiten nur die Sch\u00e4tzung vom Hersteller weiter.<\/li>\n<li>Falls das Datum \u00fcberschritten wurde und hier immer noch eine Sch\u00e4tzung aus der Vergangenheit steht, dann bedeutet das NICHT, dass die Figur bereits im Lager in Deutschland ist. Sie ist NUR dann auf Lager in Deutschland, wenn der Text dies entsprechend sagt und\/oder die Kategorie weiter oben \u201cLagernd vor Ort\u201d hei\u00dft.<\/li>\n<\/ul>\n<p>Wie immer bei meinen Artikeln &#8211; s\u00e4mtliche Geb\u00fchren sind, im Gegensatz zu anderen Angeboten, bereits inkludiert. Versand erfolgt ausschlie\u00dflich aus Deutschland, es fallen keine Zoll- und Importgeb\u00fchren an. Ihr kauft keine Katze im Sack \ud83d\ude42<\/p>\n<p><strong>Ma\u00dfe der Statue:<\/strong><\/p>\n<ul>\n<li>Gr\u00f6\u00dfe: ca. H41cm x W30cm x D31cm<\/li>\n<li>Gewicht: TBA ca. 12kg (gesch\u00e4tzt)<\/li>\n<\/ul>\n<p>You are not prepared! \ud83d\ude42<\/p>","protected":false},"excerpt":{"rendered":"<p>Bleach &#8211; Ichigo Kurosaki | 1:6 Resin Statue | von BlackWing Studio EU Taxfree! I do ship EU-wide, please contact me, should questions arise. Tolle Statue von Ersatz-Shinigami &#8211; Ichigo Kurosaki \u00a0&#8220; Pariere, wenn du leben willst. Wenn du jemanden besch\u00fctzen willst, lass ihn nicht sterben, und wenn du angreifst, t\u00f6te! &#8220;\u00a0 Wunderbar verarbeitete und [&hellip;]<\/p>\n","protected":false},"featured_media":29588,"comment_status":"closed","ping_status":"closed","template":"","meta":[],"product_brand":[],"product_cat":[24,568,84],"product_tag":[612,659,666,658,991,992,995,993,994,996,147,251,383,553,795,997,998,999,1000,1001,154,136,554,379,381,552,547],"class_list":{"0":"post-29587","1":"product","2":"type-product","3":"status-publish","4":"has-post-thumbnail","6":"product_cat-action-figuren","7":"product_cat-preorder","8":"product_cat-statuen-anime-comic-universum","9":"product_tag-anime","10":"product_tag-anime-figuren","11":"product_tag-anime-figuren-shop","12":"product_tag-anime-toys","13":"product_tag-bleach-statue","14":"product_tag-bleach-collectibles","15":"product_tag-bleach","16":"product_tag-bleach-resin","17":"product_tag-bleach-statues","18":"product_tag-bleach-toys","19":"product_tag-collectibles","20":"product_tag-collectibles-kaufen","21":"product_tag-collector","22":"product_tag-figure-collector","23":"product_tag-handsomecake","24":"product_tag-ichigo-kurosaki","25":"product_tag-ichigo-kurosaki-collectibles","26":"product_tag-ichigo-kurosaki-resin","27":"product_tag-ichigo-kurosaki-statues","28":"product_tag-ichigo-kurosaki-toys","29":"product_tag-resin-collectibles","30":"product_tag-resin-statuen","31":"product_tag-resin-statues","32":"product_tag-statue-collectible","33":"product_tag-statue-collectibles","34":"product_tag-statue-collector","35":"product_tag-statues-collector","36":"pa_brand-blackwing-studio","37":"pa_scale-1_to_6","39":"first","40":"instock","41":"taxable","42":"shipping-taxable","43":"product-type-simple"},"_links":{"self":[{"href":"https:\/\/store.handsomecake.com\/en\/wp-json\/wp\/v2\/product\/29587","targetHints":{"allow":["GET"]}}],"collection":[{"href":"https:\/\/store.handsomecake.com\/en\/wp-json\/wp\/v2\/product"}],"about":[{"href":"https:\/\/store.handsomecake.com\/en\/wp-json\/wp\/v2\/types\/product"}],"replies":[{"embeddable":true,"href":"https:\/\/store.handsomecake.com\/en\/wp-json\/wp\/v2\/comments?post=29587"}],"wp:featuredmedia":[{"embeddable":true,"href":"https:\/\/store.handsomecake.com\/en\/wp-json\/wp\/v2\/media\/29588"}],"wp:attachment":[{"href":"https:\/\/store.handsomecake.com\/en\/wp-json\/wp\/v2\/media?parent=29587"}],"wp:term":[{"taxonomy":"product_brand","embeddable":true,"href":"https:\/\/store.handsomecake.com\/en\/wp-json\/wp\/v2\/product_brand?post=29587"},{"taxonomy":"product_cat","embeddable":true,"href":"https:\/\/store.handsomecake.com\/en\/wp-json\/wp\/v2\/product_cat?post=29587"},{"taxonomy":"product_tag","embeddable":true,"href":"https:\/\/store.handsomecake.com\/en\/wp-json\/wp\/v2\/product_tag?post=29587"}],"curies":[{"name":"wp","href":"https:\/\/api.w.org\/{rel}","templated":true}]}}