{"id":29578,"date":"2024-02-07T01:42:46","date_gmt":"2024-02-07T01:42:46","guid":{"rendered":"https:\/\/store.handsomecake.com\/product\/hunter-x-hunter-killua-alluka-zoldyck-16-resin-statue-von-weare-a-design-studio\/"},"modified":"2024-06-12T16:24:49","modified_gmt":"2024-06-12T16:24:49","slug":"hunter-x-hunter-killua-alluka-zoldyck-16-resin-statue-von-weare-a-design-studio","status":"publish","type":"product","link":"https:\/\/store.handsomecake.com\/en\/product\/hunter-x-hunter-killua-alluka-zoldyck-16-resin-statue-von-weare-a-design-studio\/","title":{"rendered":"Hunter x Hunter &#8211; Killua &amp; Alluka Zoldyck | 1:6 Resin Statue | von Weare A Design Studio"},"content":{"rendered":"<p><strong>Hunter x Hunter &#8211; Killua &amp; Alluka Zoldyck | 1:6 Resin Statue | von Weare A Design Studio<\/strong><\/p>\n<p>I do ship EU-wide, please contact me, should questions arise.<\/p>\n<p>Tolle Statue der Kinder von Silva and Kikyo Zoldyck.<br \/>\nWunderbar verarbeitete und sehr detaillierte Killua &amp; Alluka Statue aus Polystone &#8211; einem k\u00fcnstlichem Stein-Harz-Gemisch.<\/p>\n<p><strong>Besonderheiten<\/strong>:<\/p>\n<ul>\n<li>weltweit auf 238 St\u00fcck limitiert<\/li>\n<li>jede Figur kommt mit 2 austauschbaren K\u00f6pfen<\/li>\n<\/ul>\n<p><strong>Release-Status:<\/strong><\/p>\n<ul>\n<li>Preorder. Statue wird sch\u00e4tzungsweise Ende Q4 2024 fertiggestellt und wir erwarten sie bei uns im Lager gegen Ende Februar 2025.<\/li>\n<li>Diese Angabe ist ohne Gew\u00e4hr! Wir leiten nur die Sch\u00e4tzung vom Hersteller weiter.<\/li>\n<li>Falls das Datum \u00fcberschritten wurde und hier immer noch eine Sch\u00e4tzung aus der Vergangenheit steht, dann bedeutet das NICHT, dass die Figur bereits im Lager in Deutschland ist. Sie ist NUR dann auf Lager in Deutschland, wenn der Text dies entsprechend sagt und\/oder die Kategorie weiter oben \u201cLagernd vor Ort\u201d hei\u00dft.<\/li>\n<\/ul>\n<p>Wie immer bei meinen Aktionen &#8211; s\u00e4mtliche Geb\u00fchren sind, im Gegensatz zu anderen Angeboten, bereits inkludiert. Versand erfolgt ausschlie\u00dflich aus Deutschland, es fallen keine Zoll- und Importgeb\u00fchren an. Ihr kauft keine Katze im Sack \ud83d\ude42<\/p>\n<p><strong>Ma\u00dfe der Statue:<\/strong><\/p>\n<ul>\n<li>Gr\u00f6\u00dfe : ca. H33cm x cm x cm<\/li>\n<li>Gewicht: TBA, ca. 9kg (gesch\u00e4tzt)<\/li>\n<\/ul>\n<p>You are not prepared! \ud83d\ude42<\/p>","protected":false},"excerpt":{"rendered":"<p>Hunter x Hunter &#8211; Killua &amp; Alluka Zoldyck | 1:6 Resin Statue | von Weare A Design Studio I do ship EU-wide, please contact me, should questions arise. Tolle Statue der Kinder von Silva and Kikyo Zoldyck. Wunderbar verarbeitete und sehr detaillierte Killua &amp; Alluka Statue aus Polystone &#8211; einem k\u00fcnstlichem Stein-Harz-Gemisch. Besonderheiten: weltweit auf [&hellip;]<\/p>\n","protected":false},"featured_media":29579,"comment_status":"closed","ping_status":"closed","template":"","meta":[],"product_brand":[],"product_cat":[24,568,84],"product_tag":[612,666,717,794,662,640,658,479,147,251,795,1513,1516,1517,1855,1857,1858,1856,154,255,136,137,379,381,552,665,380,382,547,718],"class_list":{"0":"post-29578","1":"product","2":"type-product","3":"status-publish","4":"has-post-thumbnail","6":"product_cat-action-figuren","7":"product_cat-preorder","8":"product_cat-statuen-anime-comic-universum","9":"product_tag-anime","10":"product_tag-anime-figuren-shop","11":"product_tag-anime-shop","12":"product_tag-anime-statue","13":"product_tag-anime-statue-shop","14":"product_tag-anime-statuen","15":"product_tag-anime-toys","16":"product_tag-collectible","17":"product_tag-collectibles","18":"product_tag-collectibles-kaufen","19":"product_tag-handsomecake","20":"product_tag-hunterxhunter-collectible","21":"product_tag-hunterxhunter-collectibles","22":"product_tag-hunterxhunter-statuen","23":"product_tag-killua","24":"product_tag-killua-hunterxhunter","25":"product_tag-killua-statue","26":"product_tag-killua-zoldyck","27":"product_tag-resin-collectibles","28":"product_tag-resin-collectibles-kaufen","29":"product_tag-resin-statuen","30":"product_tag-resin-statuen-kaufen","31":"product_tag-statue-collectible","32":"product_tag-statue-collectibles","33":"product_tag-statue-collector","34":"product_tag-statuen-shop","35":"product_tag-statues-collectible","36":"product_tag-statues-collectibles","37":"product_tag-statues-collector","38":"product_tag-toys","39":"pa_brand-weare-a-design-studio","40":"pa_scale-1_to_6","42":"first","43":"instock","44":"taxable","45":"shipping-taxable","46":"product-type-simple"},"_links":{"self":[{"href":"https:\/\/store.handsomecake.com\/en\/wp-json\/wp\/v2\/product\/29578","targetHints":{"allow":["GET"]}}],"collection":[{"href":"https:\/\/store.handsomecake.com\/en\/wp-json\/wp\/v2\/product"}],"about":[{"href":"https:\/\/store.handsomecake.com\/en\/wp-json\/wp\/v2\/types\/product"}],"replies":[{"embeddable":true,"href":"https:\/\/store.handsomecake.com\/en\/wp-json\/wp\/v2\/comments?post=29578"}],"wp:featuredmedia":[{"embeddable":true,"href":"https:\/\/store.handsomecake.com\/en\/wp-json\/wp\/v2\/media\/29579"}],"wp:attachment":[{"href":"https:\/\/store.handsomecake.com\/en\/wp-json\/wp\/v2\/media?parent=29578"}],"wp:term":[{"taxonomy":"product_brand","embeddable":true,"href":"https:\/\/store.handsomecake.com\/en\/wp-json\/wp\/v2\/product_brand?post=29578"},{"taxonomy":"product_cat","embeddable":true,"href":"https:\/\/store.handsomecake.com\/en\/wp-json\/wp\/v2\/product_cat?post=29578"},{"taxonomy":"product_tag","embeddable":true,"href":"https:\/\/store.handsomecake.com\/en\/wp-json\/wp\/v2\/product_tag?post=29578"}],"curies":[{"name":"wp","href":"https:\/\/api.w.org\/{rel}","templated":true}]}}