{"id":29464,"date":"2024-01-31T20:28:35","date_gmt":"2024-01-31T20:28:35","guid":{"rendered":"https:\/\/store.handsomecake.com\/product\/jujutsu-kaisen-gojo-satoru-12-resin-statue-von-ditaishe-temple-studios\/"},"modified":"2024-09-27T20:46:39","modified_gmt":"2024-09-27T20:46:39","slug":"jujutsu-kaisen-gojo-satoru-12-resin-statue-von-ditaishe-temple-studios","status":"publish","type":"product","link":"https:\/\/store.handsomecake.com\/en\/product\/jujutsu-kaisen-gojo-satoru-12-resin-statue-von-ditaishe-temple-studios\/","title":{"rendered":"Jujutsu Kaisen &#8211; Gojo Satoru | 1:2 Resin Statue | von DiTaiShe &amp; Temple Studios"},"content":{"rendered":"<p><strong>Jujutsu Kaisen &#8211; Gojo Satoru | 1:2 Resin Statue | von DiTaiShe &amp; Temple Studios<\/strong><\/p>\n<p>I do ship EU-wide, please contact me, should questions arise.<\/p>\n<p><span style=\"color: #ffffff;\"><em><span style=\"background-color: #2c3e50;\">\u00a0&#8220; I&#8217;ve always been a nice guy who cares for my students &#8220; <\/span><\/em><\/span><\/p>\n<p>Tolle Statue von einem m\u00e4chtigsten Magie-Meister.<br \/>\nWunderbar verarbeitete und sehr detaillierte Gojo Satoru Statue aus Polystone &#8211; k\u00fcnstlichem Stein-Harz-Gemisch.<\/p>\n<p><strong>Besonderheiten:<\/strong><\/p>\n<ul>\n<li>mit LED<\/li>\n<li>Version A : Kopf mit verbundenen Augen<\/li>\n<li>Version B : Kopf ohne Maske + Sonnenbrille<\/li>\n<li>Exclusive Version: 2 austauschbare K\u00f6pfe und 2 austauschare H\u00e4nde<\/li>\n<li>alle Versionen sind in den Gr\u00f6\u00dfen 1:6, 1:4 und 1:2 verf\u00fcgbar<\/li>\n<\/ul>\n<p><strong>Release-Status:<\/strong><\/p>\n<ul>\n<li>Preorder. Statue wird voraussichtlich in Q1 2025 released und wir erwarten sie sch\u00e4tzungsweise Ende Mai 2025 bei uns im Warenlager.<\/li>\n<li>Diese Angabe ist ohne Gew\u00e4hr! Wir leiten nur die Sch\u00e4tzung vom Hersteller weiter.<\/li>\n<li>Falls das Datum \u00fcberschritten wurde und hier immer noch eine Sch\u00e4tzung aus der Vergangenheit steht, dann bedeutet das NICHT, dass die Figur bereits im Lager in Deutschland ist. Sie ist NUR dann auf Lager in Deutschland, wenn der Text dies entsprechend sagt und\/oder die Kategorie weiter oben \u201cLagernd vor Ort\u201d hei\u00dft.<\/li>\n<\/ul>\n<p>Wie immer bei meinen Aktionen &#8211; s\u00e4mtliche Geb\u00fchren sind, im Gegensatz zu anderen Angeboten, bereits inkludiert. Versand erfolgt ausschlie\u00dflich aus Deutschland, es fallen keine Zoll- und Importgeb\u00fchren an. Ihr kauft keine Katze im Sack \ud83d\ude42<\/p>\n<p><strong>Ma\u00dfe der Statue:<\/strong><\/p>\n<ul>\n<li>Gr\u00f6\u00dfe (1:6): ca. H38cm x cm x cm<\/li>\n<li>Gr\u00f6\u00dfe (1:4): ca. H57cm x cm x cm<\/li>\n<li>Gr\u00f6\u00dfe (1:2): ca. H114cm x cm x cm<\/li>\n<li>Gewicht: TBA, ca. 25kg (gesch\u00e4tzt)<\/li>\n<\/ul>\n<p>You are not prepared! \ud83d\ude42<\/p>","protected":false},"excerpt":{"rendered":"<p>Jujutsu Kaisen &#8211; Gojo Satoru | 1:2 Resin Statue | von DiTaiShe &amp; Temple Studios I do ship EU-wide, please contact me, should questions arise. \u00a0&#8220; I&#8217;ve always been a nice guy who cares for my students &#8220; Tolle Statue von einem m\u00e4chtigsten Magie-Meister. Wunderbar verarbeitete und sehr detaillierte Gojo Satoru Statue aus Polystone &#8211; [&hellip;]<\/p>\n","protected":false},"featured_media":29477,"comment_status":"closed","ping_status":"closed","template":"","meta":[],"product_brand":[],"product_cat":[24,1237,568,84],"product_tag":[612,659,666,658,147,251,383,553,1371,2915,2916,2918,2917,795,1369,1372,2919,1374,154,136,554,379,381,552,547],"class_list":{"0":"post-29464","1":"product","2":"type-product","3":"status-publish","4":"has-post-thumbnail","6":"product_cat-action-figuren","7":"product_cat-jujutsu-kaisen","8":"product_cat-preorder","9":"product_cat-statuen-anime-comic-universum","10":"product_tag-anime","11":"product_tag-anime-figuren","12":"product_tag-anime-figuren-shop","13":"product_tag-anime-toys","14":"product_tag-collectibles","15":"product_tag-collectibles-kaufen","16":"product_tag-collector","17":"product_tag-figure-collector","18":"product_tag-fushiguro-resin","19":"product_tag-gojo-satoru","20":"product_tag-gojo-satoru-collectibles","21":"product_tag-gojo-satoru-resin","22":"product_tag-gojo-satoru-toys","23":"product_tag-handsomecake","24":"product_tag-jujutsu-kaisen","25":"product_tag-jujutsu-kaisen-statue","26":"product_tag-jujutsu-kaisen-statues","27":"product_tag-jujutsu-kaisen-toys","28":"product_tag-resin-collectibles","29":"product_tag-resin-statuen","30":"product_tag-resin-statues","31":"product_tag-statue-collectible","32":"product_tag-statue-collectibles","33":"product_tag-statue-collector","34":"product_tag-statues-collector","35":"pa_brand-temple-studio","37":"first","38":"instock","39":"taxable","40":"shipping-taxable","41":"product-type-variable"},"_links":{"self":[{"href":"https:\/\/store.handsomecake.com\/en\/wp-json\/wp\/v2\/product\/29464","targetHints":{"allow":["GET"]}}],"collection":[{"href":"https:\/\/store.handsomecake.com\/en\/wp-json\/wp\/v2\/product"}],"about":[{"href":"https:\/\/store.handsomecake.com\/en\/wp-json\/wp\/v2\/types\/product"}],"replies":[{"embeddable":true,"href":"https:\/\/store.handsomecake.com\/en\/wp-json\/wp\/v2\/comments?post=29464"}],"wp:featuredmedia":[{"embeddable":true,"href":"https:\/\/store.handsomecake.com\/en\/wp-json\/wp\/v2\/media\/29477"}],"wp:attachment":[{"href":"https:\/\/store.handsomecake.com\/en\/wp-json\/wp\/v2\/media?parent=29464"}],"wp:term":[{"taxonomy":"product_brand","embeddable":true,"href":"https:\/\/store.handsomecake.com\/en\/wp-json\/wp\/v2\/product_brand?post=29464"},{"taxonomy":"product_cat","embeddable":true,"href":"https:\/\/store.handsomecake.com\/en\/wp-json\/wp\/v2\/product_cat?post=29464"},{"taxonomy":"product_tag","embeddable":true,"href":"https:\/\/store.handsomecake.com\/en\/wp-json\/wp\/v2\/product_tag?post=29464"}],"curies":[{"name":"wp","href":"https:\/\/api.w.org\/{rel}","templated":true}]}}