{"id":29451,"date":"2024-01-31T20:13:01","date_gmt":"2024-01-31T20:13:01","guid":{"rendered":"https:\/\/store.handsomecake.com\/product\/tokyo-ghoul-ken-kaneki-2-0-16-resin-statue-von-bw-studio\/"},"modified":"2024-06-12T16:23:53","modified_gmt":"2024-06-12T16:23:53","slug":"tokyo-ghoul-ken-kaneki-2-0-16-resin-statue-von-bw-studio","status":"publish","type":"product","link":"https:\/\/store.handsomecake.com\/en\/product\/tokyo-ghoul-ken-kaneki-2-0-16-resin-statue-von-bw-studio\/","title":{"rendered":"Tokyo Ghoul &#8211; Ken Kaneki 2.0 | 1:6 Resin Statue | von BW Studio"},"content":{"rendered":"<p><strong>Tokyo Ghoul &#8211; Ken Kaneki 2.0 | 1:6 Resin Statue | von BW Studio<\/strong><\/p>\n<p>I do ship EU-wide, please contact me, should questions arise.<\/p>\n<p><em><span style=\"color: #ffffff;\"><span style=\"background-color: #2c3e50;\">\u00a0&#8220; Ich bin kein Romanheld,&#8230; ich bin ein Student, der gerne B\u00fccher liest&#8230; Aber wenn man&#8230; ein Buch \u00fcber mich schreiben w\u00fcrde,&#8230; dann w\u00e4re es&#8230; eine Trag\u00f6die&#8230; &#8220; <\/span><\/span><\/em><\/p>\n<p>Tolle Statue von Ein\u00e4ugigem K\u00f6nig.<br \/>\nWunderbar verarbeitete und sehr detaillierte Ken Kaneki Statue aus Polystone &#8211; k\u00fcnstlichem Stein-Harz-Gemisch.<\/p>\n<p><strong>Besonderheiten:<\/strong><\/p>\n<ul>\n<li>die Maske ist abnehmbar<\/li>\n<\/ul>\n<p><strong>Release-Status:<\/strong><\/p>\n<ul>\n<li>Preorder. Statue wird voraussichtlich in Q1 2025 released und wir erwarten sie sch\u00e4tzungsweise Ende Mai 2025 bei uns im Warenlager.<\/li>\n<li>Diese Angabe ist ohne Gew\u00e4hr! Wir leiten nur die Sch\u00e4tzung vom Hersteller weiter.<\/li>\n<li>Falls das Datum \u00fcberschritten wurde und hier immer noch eine Sch\u00e4tzung aus der Vergangenheit steht, dann bedeutet das NICHT, dass die Figur bereits im Lager in Deutschland ist. Sie ist NUR dann auf Lager in Deutschland, wenn der Text dies entsprechend sagt und\/oder die Kategorie weiter oben \u201cLagernd vor Ort\u201d hei\u00dft.<\/li>\n<\/ul>\n<p>Wie immer bei meinen Aktionen &#8211; s\u00e4mtliche Geb\u00fchren sind, im Gegensatz zu anderen Angeboten, bereits inkludiert. Versand erfolgt ausschlie\u00dflich aus Deutschland, es fallen keine Zoll- und Importgeb\u00fchren an. Ihr kauft keine Katze im Sack \ud83d\ude42<\/p>\n<p><strong>Ma\u00dfe der Statue:<\/strong><\/p>\n<ul>\n<li>Gr\u00f6\u00dfe: ca. H38.5cm x W37cm x D30cm<\/li>\n<li>Gewicht: TBA, gesch\u00e4tzt: ca. 11kg<\/li>\n<\/ul>\n<p>You are not prepared! \ud83d\ude42<\/p>","protected":false},"excerpt":{"rendered":"<p>Tokyo Ghoul &#8211; Ken Kaneki 2.0 | 1:6 Resin Statue | von BW Studio I do ship EU-wide, please contact me, should questions arise. \u00a0&#8220; Ich bin kein Romanheld,&#8230; ich bin ein Student, der gerne B\u00fccher liest&#8230; Aber wenn man&#8230; ein Buch \u00fcber mich schreiben w\u00fcrde,&#8230; dann w\u00e4re es&#8230; eine Trag\u00f6die&#8230; &#8220; Tolle Statue von [&hellip;]<\/p>\n","protected":false},"featured_media":29452,"comment_status":"closed","ping_status":"closed","template":"","meta":[],"product_brand":[],"product_cat":[24,568,84],"product_tag":[656,659,1845,657,640,658,147,251,1849,1850,1851,1852,1853,1854,154,136,137,1846,1847,1848],"class_list":{"0":"post-29451","1":"product","2":"type-product","3":"status-publish","4":"has-post-thumbnail","6":"product_cat-action-figuren","7":"product_cat-preorder","8":"product_cat-statuen-anime-comic-universum","9":"product_tag-anime-collectibles","10":"product_tag-anime-figuren","11":"product_tag-anime-figuren-tokyo-ghoul","12":"product_tag-anime-figures","13":"product_tag-anime-statuen","14":"product_tag-anime-toys","15":"product_tag-collectibles","16":"product_tag-collectibles-kaufen","17":"product_tag-kaneki","18":"product_tag-kaneki-collectibles","19":"product_tag-kaneki-collectibles-kaufen","20":"product_tag-kaneki-ken","21":"product_tag-kaneki-statue","22":"product_tag-kaneki-statuen","23":"product_tag-resin-collectibles","24":"product_tag-resin-statuen","25":"product_tag-resin-statuen-kaufen","26":"product_tag-tokyo-ghoul","27":"product_tag-tokyo-ghoul-collectibles","28":"product_tag-tokyo-ghoul-statuen-kaufen","29":"pa_brand-bw-studio","30":"pa_scale-1_to_6","32":"first","33":"instock","34":"taxable","35":"shipping-taxable","36":"product-type-simple"},"_links":{"self":[{"href":"https:\/\/store.handsomecake.com\/en\/wp-json\/wp\/v2\/product\/29451","targetHints":{"allow":["GET"]}}],"collection":[{"href":"https:\/\/store.handsomecake.com\/en\/wp-json\/wp\/v2\/product"}],"about":[{"href":"https:\/\/store.handsomecake.com\/en\/wp-json\/wp\/v2\/types\/product"}],"replies":[{"embeddable":true,"href":"https:\/\/store.handsomecake.com\/en\/wp-json\/wp\/v2\/comments?post=29451"}],"wp:featuredmedia":[{"embeddable":true,"href":"https:\/\/store.handsomecake.com\/en\/wp-json\/wp\/v2\/media\/29452"}],"wp:attachment":[{"href":"https:\/\/store.handsomecake.com\/en\/wp-json\/wp\/v2\/media?parent=29451"}],"wp:term":[{"taxonomy":"product_brand","embeddable":true,"href":"https:\/\/store.handsomecake.com\/en\/wp-json\/wp\/v2\/product_brand?post=29451"},{"taxonomy":"product_cat","embeddable":true,"href":"https:\/\/store.handsomecake.com\/en\/wp-json\/wp\/v2\/product_cat?post=29451"},{"taxonomy":"product_tag","embeddable":true,"href":"https:\/\/store.handsomecake.com\/en\/wp-json\/wp\/v2\/product_tag?post=29451"}],"curies":[{"name":"wp","href":"https:\/\/api.w.org\/{rel}","templated":true}]}}