{"id":2945,"date":"2021-04-27T14:36:46","date_gmt":"2021-04-27T14:36:46","guid":{"rendered":"https:\/\/store.handsomecake.com\/product\/one-piece-kaido-14-resin-statue-vom-dt-studio\/"},"modified":"2024-08-12T15:16:07","modified_gmt":"2024-08-12T15:16:07","slug":"one-piece-kaido-14-resin-statue-vom-dt-studio","status":"publish","type":"product","link":"https:\/\/store.handsomecake.com\/en\/product\/one-piece-kaido-14-resin-statue-vom-dt-studio\/","title":{"rendered":"One Piece &#8211; Kaido | 1:4 Resin Statue | vom DT Studio"},"content":{"rendered":"<p>One Piece &#8211; Kaido &#8218; 1:4 Resin Statue &#8218; vom DT Studio<br \/>\nI do ship EU-wide, please contact me, should questions arise.<\/p>\n<p>Tolle Statue des Governor-Generals der Beasts Piraten<br \/>\nWunderbar verarbeitete und sehr detaillierte Kaido Statue aus Polystone &#8211; k\u00fcnstlichem Stein-Harz-Gemisch.<\/p>\n<p>Besonderheiten:<\/p>\n<ul>\n<li>keine<\/li>\n<\/ul>\n<p>Release-Status:<\/p>\n<ul>\n<li>Im Warenlager in China. Ab Bestellzeitpunkt in ca. 3-4 Monaten bei euch.<\/li>\n<\/ul>\n<p>Wie immer bei meinen Aktionen &#8211; s\u00e4mtliche Geb\u00fchren sind, im Gegensatz zu anderen Angeboten, bereits inkludiert. Versand erfolgt ausschlie\u00dflich aus Deutschland, es fallen keine Zoll- und Importgeb\u00fchren an. Ihr kauft keine Katze im Sack \ud83d\ude42<\/p>\n<p>Ma\u00dfe der Statue:<br \/>\nGr\u00f6\u00dfe: ca. 68cm x 36cm x 50cm<br \/>\nGewicht: TBA, gesch\u00e4tzt 22 kg<\/p>\n<p>You are not prepared! \ud83d\ude42<\/p>","protected":false},"excerpt":{"rendered":"<p>One Piece &#8211; Kaido &#8218; 1:4 Resin Statue &#8218; vom DT Studio I do ship EU-wide, please contact me, should questions arise. Tolle Statue des Governor-Generals der Beasts Piraten Wunderbar verarbeitete und sehr detaillierte Kaido Statue aus Polystone &#8211; k\u00fcnstlichem Stein-Harz-Gemisch. Besonderheiten: keine Release-Status: Im Warenlager in China. Ab Bestellzeitpunkt in ca. 3-4 Monaten bei [&hellip;]<\/p>\n","protected":false},"featured_media":2946,"comment_status":"closed","ping_status":"closed","template":"","meta":[],"product_brand":[],"product_cat":[89,84,567],"product_tag":[],"class_list":{"0":"post-2945","1":"product","2":"type-product","3":"status-publish","4":"has-post-thumbnail","6":"product_cat-one-piece","7":"product_cat-statuen-anime-comic-universum","8":"product_cat-in_stock_warehouse_china","9":"pa_brand-dt-studio","10":"pa_scale-1_to_4","12":"first","13":"instock","14":"sale","15":"taxable","16":"shipping-taxable","17":"product-type-simple"},"_links":{"self":[{"href":"https:\/\/store.handsomecake.com\/en\/wp-json\/wp\/v2\/product\/2945","targetHints":{"allow":["GET"]}}],"collection":[{"href":"https:\/\/store.handsomecake.com\/en\/wp-json\/wp\/v2\/product"}],"about":[{"href":"https:\/\/store.handsomecake.com\/en\/wp-json\/wp\/v2\/types\/product"}],"replies":[{"embeddable":true,"href":"https:\/\/store.handsomecake.com\/en\/wp-json\/wp\/v2\/comments?post=2945"}],"wp:featuredmedia":[{"embeddable":true,"href":"https:\/\/store.handsomecake.com\/en\/wp-json\/wp\/v2\/media\/2946"}],"wp:attachment":[{"href":"https:\/\/store.handsomecake.com\/en\/wp-json\/wp\/v2\/media?parent=2945"}],"wp:term":[{"taxonomy":"product_brand","embeddable":true,"href":"https:\/\/store.handsomecake.com\/en\/wp-json\/wp\/v2\/product_brand?post=2945"},{"taxonomy":"product_cat","embeddable":true,"href":"https:\/\/store.handsomecake.com\/en\/wp-json\/wp\/v2\/product_cat?post=2945"},{"taxonomy":"product_tag","embeddable":true,"href":"https:\/\/store.handsomecake.com\/en\/wp-json\/wp\/v2\/product_tag?post=2945"}],"curies":[{"name":"wp","href":"https:\/\/api.w.org\/{rel}","templated":true}]}}