{"id":29449,"date":"2024-01-31T20:11:27","date_gmt":"2024-01-31T20:11:27","guid":{"rendered":"https:\/\/store.handsomecake.com\/product\/overwatch-mercy-14-resin-statue-von-hummingbird-studio\/"},"modified":"2024-06-12T16:23:11","modified_gmt":"2024-06-12T16:23:11","slug":"overwatch-mercy-14-resin-statue-von-hummingbird-studio","status":"publish","type":"product","link":"https:\/\/store.handsomecake.com\/en\/product\/overwatch-mercy-14-resin-statue-von-hummingbird-studio\/","title":{"rendered":"Overwatch &#8211; Mercy | 1:4 Resin Statue | von Hummingbird Studio"},"content":{"rendered":"<p><strong>Overwatch &#8211; Mercy | 1:4 Resin Statue | von Hummingbird Studio<\/strong><\/p>\n<p>EU Taxfree! I do ship EU-wide, please contact me, should questions arise.<\/p>\n<p>Tolle Statue von dem Schutzengel Dr. Angela Ziegler<br \/>\nWunderbar verarbeitete und sehr detaillierte Statue von Mercy aus Polystone &#8211; k\u00fcnstlichem Stein-Harz-Gemisch.<\/p>\n<p><strong>Besonderheiten:<\/strong><\/p>\n<ul>\n<li>mit LED<\/li>\n<li>mit austauschbarem nacktem K\u00f6rper<\/li>\n<\/ul>\n<p><strong>Release-Status:<\/strong><\/p>\n<ul>\n<li>Released. Ab Bestellzeitpunkt in ca. 3-4 Monaten bei euch.<\/li>\n<\/ul>\n<p>Wie immer bei meinen Aktionen &#8211; s\u00e4mtliche Geb\u00fchren sind, im Gegensatz zu anderen Angeboten, bereits inkludiert. Versand erfolgt ausschlie\u00dflich aus Deutschland, es fallen keine Zoll- und Importgeb\u00fchren an. Ihr kauft keine Katze im Sack \ud83d\ude42<\/p>\n<p><strong>Ma\u00dfe der Statue:<\/strong><\/p>\n<ul>\n<li>Gr\u00f6\u00dfe: H50cm x W32cm x D32cm<\/li>\n<li>Gewicht: TBA, gesch\u00e4tzt: ca. 18 kg<\/li>\n<\/ul>\n<p>You are not prepared! \ud83d\ude42<\/p>","protected":false},"excerpt":{"rendered":"<p>Overwatch &#8211; Mercy | 1:4 Resin Statue | von Hummingbird Studio EU Taxfree! I do ship EU-wide, please contact me, should questions arise. Tolle Statue von dem Schutzengel Dr. Angela Ziegler Wunderbar verarbeitete und sehr detaillierte Statue von Mercy aus Polystone &#8211; k\u00fcnstlichem Stein-Harz-Gemisch. Besonderheiten: mit LED mit austauschbarem nacktem K\u00f6rper Release-Status: Released. Ab Bestellzeitpunkt [&hellip;]<\/p>\n","protected":false},"featured_media":29509,"comment_status":"closed","ping_status":"closed","template":"","meta":[],"product_brand":[],"product_cat":[24,524,81,567],"product_tag":[147,383,2029,2030,2031,541,544,546,2032,545,154,255,136,137,379,381,380,382,547],"class_list":{"0":"post-29449","1":"product","2":"type-product","3":"status-publish","4":"has-post-thumbnail","6":"product_cat-action-figuren","7":"product_cat-overwatch","8":"product_cat-statuen-computerspieluniversum","9":"product_cat-in_stock_warehouse_china","10":"product_tag-collectibles","11":"product_tag-collector","12":"product_tag-mercy","13":"product_tag-mercy-figure","14":"product_tag-mercy-statue","15":"product_tag-overwatch","16":"product_tag-overwatch-collectibles","17":"product_tag-overwatch-figures","18":"product_tag-overwatch-mercy","19":"product_tag-overwatch-resin","20":"product_tag-resin-collectibles","21":"product_tag-resin-collectibles-kaufen","22":"product_tag-resin-statuen","23":"product_tag-resin-statuen-kaufen","24":"product_tag-statue-collectible","25":"product_tag-statue-collectibles","26":"product_tag-statues-collectible","27":"product_tag-statues-collectibles","28":"product_tag-statues-collector","29":"pa_brand-hummingbird-studio","30":"pa_scale-1_to_4","32":"first","33":"instock","34":"taxable","35":"shipping-taxable","36":"product-type-simple"},"_links":{"self":[{"href":"https:\/\/store.handsomecake.com\/en\/wp-json\/wp\/v2\/product\/29449","targetHints":{"allow":["GET"]}}],"collection":[{"href":"https:\/\/store.handsomecake.com\/en\/wp-json\/wp\/v2\/product"}],"about":[{"href":"https:\/\/store.handsomecake.com\/en\/wp-json\/wp\/v2\/types\/product"}],"replies":[{"embeddable":true,"href":"https:\/\/store.handsomecake.com\/en\/wp-json\/wp\/v2\/comments?post=29449"}],"wp:featuredmedia":[{"embeddable":true,"href":"https:\/\/store.handsomecake.com\/en\/wp-json\/wp\/v2\/media\/29509"}],"wp:attachment":[{"href":"https:\/\/store.handsomecake.com\/en\/wp-json\/wp\/v2\/media?parent=29449"}],"wp:term":[{"taxonomy":"product_brand","embeddable":true,"href":"https:\/\/store.handsomecake.com\/en\/wp-json\/wp\/v2\/product_brand?post=29449"},{"taxonomy":"product_cat","embeddable":true,"href":"https:\/\/store.handsomecake.com\/en\/wp-json\/wp\/v2\/product_cat?post=29449"},{"taxonomy":"product_tag","embeddable":true,"href":"https:\/\/store.handsomecake.com\/en\/wp-json\/wp\/v2\/product_tag?post=29449"}],"curies":[{"name":"wp","href":"https:\/\/api.w.org\/{rel}","templated":true}]}}