{"id":29438,"date":"2024-01-31T20:08:41","date_gmt":"2024-01-31T20:08:41","guid":{"rendered":"https:\/\/store.handsomecake.com\/product\/legend-of-zelda-fierce-deity-link-14-resin-statue-von-kintsukuroi-creations-studio\/"},"modified":"2024-06-12T16:23:07","modified_gmt":"2024-06-12T16:23:07","slug":"legend-of-zelda-fierce-deity-link-14-resin-statue-von-kintsukuroi-creations-studio","status":"publish","type":"product","link":"https:\/\/store.handsomecake.com\/en\/product\/legend-of-zelda-fierce-deity-link-14-resin-statue-von-kintsukuroi-creations-studio\/","title":{"rendered":"Legend of Zelda &#8211; Fierce Deity Link | 1:4 Resin Statue | von Kintsukuroi Creations Studio"},"content":{"rendered":"<p><strong>Legend of Zelda &#8211; Fierce Deity Link | 1:4 Resin Statue | von Kintsukuroi Creations Studio<\/strong><\/p>\n<p>EU Taxfree! I do ship EU-wide, please contact me, should questions arise.<\/p>\n<p>Tolle Statue von unserem geliebten Hylianer und Zeldas Retter<br \/>\nWunderbar verarbeitete und sehr detaillierte Statue von Fierce Deity Link aus Polystone &#8211; k\u00fcnstlichem Stein-Harz-Gemisch.<\/p>\n<p><strong>Besonderheiten:<\/strong><\/p>\n<ul>\n<li>2 austauschbare Oberk\u00f6rper (inklusive Displaysockel)<\/li>\n<li>mit LED<\/li>\n<li>verf\u00fcgbar in den Gr\u00f6\u00dfen 1:4 und 1:6<\/li>\n<\/ul>\n<p><strong>Release-Status:<\/strong><\/p>\n<ul>\n<li>Pre order. Release ca. Ende Q1 2025 erwartet, bei uns im Lager voraussichtlich Ende Mai 2025.<\/li>\n<li>Diese Angabe ist ohne Gew\u00e4hr! Wir leiten nur die Sch\u00e4tzung vom Hersteller weiter.<\/li>\n<li>Falls das Datum \u00fcberschritten wurde und hier immer noch eine Sch\u00e4tzung aus der Vergangenheit steht, dann bedeutet das NICHT, dass die Figur bereits im Lager in Deutschland ist. Sie ist NUR dann auf Lager in Deutschland, wenn der Text dies entsprechend sagt und\/oder die Kategorie weiter oben \u201cLagernd vor Ort\u201d hei\u00dft.<\/li>\n<\/ul>\n<p>Wie immer bei meinen Artikeln &#8211; s\u00e4mtliche Geb\u00fchren sind, im Gegensatz zu anderen Angeboten, bereits inkludiert. Versand erfolgt ausschlie\u00dflich aus Deutschland, es fallen keine Zoll- und Importgeb\u00fchren an. Ihr kauft keine Katze im Sack \ud83d\ude42<\/p>\n<p><strong>Ma\u00dfe der Statue:<\/strong><\/p>\n<ul>\n<li>Gr\u00f6\u00dfe(1:4): ca. H50cm x W30cm x D30cm<\/li>\n<li>Gr\u00f6\u00dfe(1:6): ca. H33cm x W20cm x D20cm<\/li>\n<li>Gewicht: ca. 16kg (gesch\u00e4tzt)<\/li>\n<\/ul>\n<p>You are not prepared! \ud83d\ude42<\/p>","protected":false},"excerpt":{"rendered":"<p>Legend of Zelda &#8211; Fierce Deity Link | 1:4 Resin Statue | von Kintsukuroi Creations Studio EU Taxfree! I do ship EU-wide, please contact me, should questions arise. Tolle Statue von unserem geliebten Hylianer und Zeldas Retter Wunderbar verarbeitete und sehr detaillierte Statue von Fierce Deity Link aus Polystone &#8211; k\u00fcnstlichem Stein-Harz-Gemisch. Besonderheiten: 2 austauschbare [&hellip;]<\/p>\n","protected":false},"featured_media":29533,"comment_status":"closed","ping_status":"closed","template":"","meta":[],"product_brand":[],"product_cat":[24,1207,568,81],"product_tag":[612,659,666,658,147,251,383,553,795,1215,1208,1209,1210,1211,1212,1213,154,136,554,379,381,552,547,1216,1214,1218,1217],"class_list":{"0":"post-29438","1":"product","2":"type-product","3":"status-publish","4":"has-post-thumbnail","6":"product_cat-action-figuren","7":"product_cat-legend-of-zelda","8":"product_cat-preorder","9":"product_cat-statuen-computerspieluniversum","10":"product_tag-anime","11":"product_tag-anime-figuren","12":"product_tag-anime-figuren-shop","13":"product_tag-anime-toys","14":"product_tag-collectibles","15":"product_tag-collectibles-kaufen","16":"product_tag-collector","17":"product_tag-figure-collector","18":"product_tag-handsomecake","19":"product_tag-legend-of-zelda","20":"product_tag-link","21":"product_tag-link-collectibles","22":"product_tag-link-resin","23":"product_tag-link-statue","24":"product_tag-link-statues","25":"product_tag-link-toys","26":"product_tag-resin-collectibles","27":"product_tag-resin-statuen","28":"product_tag-resin-statues","29":"product_tag-statue-collectible","30":"product_tag-statue-collectibles","31":"product_tag-statue-collector","32":"product_tag-statues-collector","33":"product_tag-the-legend-of-zelda","34":"product_tag-zelda","35":"product_tag-zelda-collectibles","36":"product_tag-zelda-toys","37":"pa_brand-kintsukuroi-creations-studio","39":"first","40":"instock","41":"taxable","42":"shipping-taxable","43":"product-type-variable"},"_links":{"self":[{"href":"https:\/\/store.handsomecake.com\/en\/wp-json\/wp\/v2\/product\/29438","targetHints":{"allow":["GET"]}}],"collection":[{"href":"https:\/\/store.handsomecake.com\/en\/wp-json\/wp\/v2\/product"}],"about":[{"href":"https:\/\/store.handsomecake.com\/en\/wp-json\/wp\/v2\/types\/product"}],"replies":[{"embeddable":true,"href":"https:\/\/store.handsomecake.com\/en\/wp-json\/wp\/v2\/comments?post=29438"}],"wp:featuredmedia":[{"embeddable":true,"href":"https:\/\/store.handsomecake.com\/en\/wp-json\/wp\/v2\/media\/29533"}],"wp:attachment":[{"href":"https:\/\/store.handsomecake.com\/en\/wp-json\/wp\/v2\/media?parent=29438"}],"wp:term":[{"taxonomy":"product_brand","embeddable":true,"href":"https:\/\/store.handsomecake.com\/en\/wp-json\/wp\/v2\/product_brand?post=29438"},{"taxonomy":"product_cat","embeddable":true,"href":"https:\/\/store.handsomecake.com\/en\/wp-json\/wp\/v2\/product_cat?post=29438"},{"taxonomy":"product_tag","embeddable":true,"href":"https:\/\/store.handsomecake.com\/en\/wp-json\/wp\/v2\/product_tag?post=29438"}],"curies":[{"name":"wp","href":"https:\/\/api.w.org\/{rel}","templated":true}]}}