{"id":29350,"date":"2024-01-27T21:38:30","date_gmt":"2024-01-27T21:38:30","guid":{"rendered":"https:\/\/store.handsomecake.com\/product\/baldurs-gate-3-shadowheart-14-resin-statue-vom-mayflies-studio\/"},"modified":"2025-09-12T08:32:46","modified_gmt":"2025-09-12T08:32:46","slug":"baldurs-gate-3-shadowheart-14-resin-statue-vom-mayflies-studio","status":"publish","type":"product","link":"https:\/\/store.handsomecake.com\/en\/product\/baldurs-gate-3-shadowheart-14-resin-statue-vom-mayflies-studio\/","title":{"rendered":"Baldur&#8217;s Gate 3 &#8211; Shadowheart | 1:4 Resin Statue | vom Mayflies Studio"},"content":{"rendered":"<p><strong>Baldur&#8217;s Gate 3 &#8211; Shadowheart | 1:4 Resin Statue | vom Mayflies Studio<\/strong><\/p>\n<p>EU Taxfree! I do ship EU-wide, please contact me, should questions arise.<\/p>\n<p><span style=\"color: #ffffff;\"><em><span style=\"background-color: #2c3e50;\">\u00a0&#8220; One of Shar&#8217;s dark disciples, Shadowheart was sent on a suicide mission to steal an item of great power. While wrestling with her faith and strange, untamed magic, Shadowheart has enemies on all sides &#8211; and a long-buried secret to uncover. &#8220; <\/span><\/em><\/span><\/p>\n<p>Tolle Statue von dem Halbelf-Kleriker.<br \/>\nWunderbar verarbeitete und sehr detaillierte Shadowheart Statue aus Polystone &#8211; k\u00fcnstlichem Stein-Harz-Gemisch.<\/p>\n<p><strong>Besonderheiten:<\/strong><\/p>\n<ul>\n<li>weltweit nur 128 St\u00fcck<\/li>\n<li>EX Version kommt mit 2 asutauschbaren K\u00f6pfen<\/li>\n<li>auch eine Regular Version verf\u00fcgbar<\/li>\n<\/ul>\n<p><strong>Release-Status:<\/strong><\/p>\n<ul>\n<li>Preorder. Statue wird voraussichtlich in Q4 2024 released und wir erwarten sie sch\u00e4tzungsweise Ende Februar 2025 bei uns im Warenlager.<\/li>\n<li>Diese Angabe ist ohne Gew\u00e4hr! Wir leiten nur die Sch\u00e4tzung vom Hersteller weiter.<\/li>\n<li>Falls das Datum \u00fcberschritten wurde und hier immer noch eine Sch\u00e4tzung aus der Vergangenheit steht, dann bedeutet das NICHT, dass die Figur bereits im Lager in Deutschland ist. Sie ist NUR dann auf Lager in Deutschland, wenn der Text dies entsprechend sagt und\/oder die Kategorie weiter oben \u201cLagernd vor Ort\u201d hei\u00dft.<\/li>\n<\/ul>\n<p>Wie immer bei meinen Artikeln &#8211; s\u00e4mtliche Geb\u00fchren sind, im Gegensatz zu anderen Angeboten, bereits inkludiert. Versand erfolgt ausschlie\u00dflich aus Deutschland, es fallen keine Zoll- und Importgeb\u00fchren an. Ihr kauft keine Katze im Sack \ud83d\ude42<\/p>\n<p><strong>Ma\u00dfe der Statue:<\/strong><\/p>\n<ul>\n<li>Gr\u00f6\u00dfe: ca. H54cm x D20cm x W26cm<\/li>\n<li>Gewicht: ca. 14kg (gesch\u00e4tzt)<\/li>\n<\/ul>\n<p>You are not prepared! \ud83d\ude42<\/p>","protected":false},"excerpt":{"rendered":"<p>Baldur&#8217;s Gate 3 &#8211; Shadowheart | 1:4 Resin Statue | vom Mayflies Studio EU Taxfree! I do ship EU-wide, please contact me, should questions arise. \u00a0&#8220; One of Shar&#8217;s dark disciples, Shadowheart was sent on a suicide mission to steal an item of great power. While wrestling with her faith and strange, untamed magic, Shadowheart [&hellip;]<\/p>\n","protected":false},"featured_media":29353,"comment_status":"closed","ping_status":"closed","template":"","meta":[],"product_brand":[],"product_cat":[24,568,81],"product_tag":[612,666,794,662,640,658,3175,3176,3177,147,251,795,154,136,137,3174,380,382,718],"class_list":{"0":"post-29350","1":"product","2":"type-product","3":"status-publish","4":"has-post-thumbnail","6":"product_cat-action-figuren","7":"product_cat-preorder","8":"product_cat-statuen-computerspieluniversum","9":"product_tag-anime","10":"product_tag-anime-figuren-shop","11":"product_tag-anime-statue","12":"product_tag-anime-statue-shop","13":"product_tag-anime-statuen","14":"product_tag-anime-toys","15":"product_tag-baldurs-gate","16":"product_tag-baldurs-gate-3","17":"product_tag-baldurs-gate-shadowheart","18":"product_tag-collectibles","19":"product_tag-collectibles-kaufen","20":"product_tag-handsomecake","21":"product_tag-resin-collectibles","22":"product_tag-resin-statuen","23":"product_tag-resin-statuen-kaufen","24":"product_tag-shadowheart","25":"product_tag-statues-collectible","26":"product_tag-statues-collectibles","27":"product_tag-toys","28":"pa_brand-mayflies-studio","29":"pa_scale-1_to_4","31":"first","32":"instock","33":"taxable","34":"shipping-taxable","35":"product-type-variable"},"_links":{"self":[{"href":"https:\/\/store.handsomecake.com\/en\/wp-json\/wp\/v2\/product\/29350","targetHints":{"allow":["GET"]}}],"collection":[{"href":"https:\/\/store.handsomecake.com\/en\/wp-json\/wp\/v2\/product"}],"about":[{"href":"https:\/\/store.handsomecake.com\/en\/wp-json\/wp\/v2\/types\/product"}],"replies":[{"embeddable":true,"href":"https:\/\/store.handsomecake.com\/en\/wp-json\/wp\/v2\/comments?post=29350"}],"wp:featuredmedia":[{"embeddable":true,"href":"https:\/\/store.handsomecake.com\/en\/wp-json\/wp\/v2\/media\/29353"}],"wp:attachment":[{"href":"https:\/\/store.handsomecake.com\/en\/wp-json\/wp\/v2\/media?parent=29350"}],"wp:term":[{"taxonomy":"product_brand","embeddable":true,"href":"https:\/\/store.handsomecake.com\/en\/wp-json\/wp\/v2\/product_brand?post=29350"},{"taxonomy":"product_cat","embeddable":true,"href":"https:\/\/store.handsomecake.com\/en\/wp-json\/wp\/v2\/product_cat?post=29350"},{"taxonomy":"product_tag","embeddable":true,"href":"https:\/\/store.handsomecake.com\/en\/wp-json\/wp\/v2\/product_tag?post=29350"}],"curies":[{"name":"wp","href":"https:\/\/api.w.org\/{rel}","templated":true}]}}