{"id":29348,"date":"2024-01-27T21:36:55","date_gmt":"2024-01-27T21:36:55","guid":{"rendered":"https:\/\/store.handsomecake.com\/product\/my-hero-academia-izuku-midoriya-14-resin-statue-von-heroe-collectibles\/"},"modified":"2024-06-12T16:22:59","modified_gmt":"2024-06-12T16:22:59","slug":"my-hero-academia-izuku-midoriya-14-resin-statue-von-heroe-collectibles","status":"publish","type":"product","link":"https:\/\/store.handsomecake.com\/en\/product\/my-hero-academia-izuku-midoriya-14-resin-statue-von-heroe-collectibles\/","title":{"rendered":"My Hero Academia &#8211; Izuku Midoriya | 1:4 Resin Statue | von Heroe Collectibles"},"content":{"rendered":"<p><strong>My Hero Academia &#8211; Izuku Midoriya | 1:4 Resin Statue | von Heroe Collectibles<\/strong><\/p>\n<p>EU Taxfree! I do ship EU-wide, please contact me, should questions arise.<\/p>\n<p><span style=\"color: #ffffff;\"><em><span style=\"background-color: #2c3e50;\">\u00a0&#8220; Ich bin nicht mehr der ahnungslose kleine Deku, der nur einer Illusion nachjagt&#8230; Von nun an bin ich&#8230; der Deku mit einem Hauch von &#8222;Du schaffst das&#8220; ! &#8220; <\/span><\/em><\/span><\/p>\n<p>Tolle Statue von Dark Deku.<br \/>\nWunderbar verarbeitete und sehr detaillierte Statue von Deku aus Polystone &#8211; k\u00fcnstlichem Stein-Harz-Gemisch.<\/p>\n<p><strong>Besonderheiten<\/strong>:<\/p>\n<ul>\n<li>mit LED<\/li>\n<li>4 austauschbare K\u00f6pfe<\/li>\n<li>2 austauschbare Oberk\u00f6rper<\/li>\n<li>weltweit nur 99 St\u00fcck<\/li>\n<\/ul>\n<p><strong>Release-Status:<\/strong><\/p>\n<ul>\n<li>Preorder. Statue wird voraussichtlich Q1 2025 erscheinen und wir erwarten sie voraussichtlich Ende Mai 2025 im Warenlager.<\/li>\n<li>Diese Angabe ist ohne Gew\u00e4hr! Wir leiten nur die Sch\u00e4tzung vom Hersteller weiter.<\/li>\n<li>Falls das Datum \u00fcberschritten wurde und hier immer noch eine Sch\u00e4tzung aus der Vergangenheit steht, dann bedeutet das NICHT, dass die Figur bereits im Lager in Deutschland ist. Sie ist NUR dann auf Lager in Deutschland, wenn der Text dies entsprechend sagt und\/oder die Kategorie weiter oben \u201cLagernd vor Ort\u201d hei\u00dft.<\/li>\n<\/ul>\n<p>Wie immer bei meinen Artikeln &#8211; s\u00e4mtliche Geb\u00fchren sind, im Gegensatz zu anderen Angeboten, bereits inkludiert. Versand erfolgt ausschlie\u00dflich aus Deutschland, es fallen keine Zoll- und Importgeb\u00fchren an. Ihr kauft keine Katze im Sack \ud83d\ude42<\/p>\n<p><strong>Ma\u00dfe der Statue:<\/strong><\/p>\n<ul>\n<li>Gr\u00f6\u00dfe: ca. H48cm x W57cm x D39cm<\/li>\n<li>Gewicht: TBA, ca. 16kg (gesch\u00e4tzt)<\/li>\n<\/ul>\n<p>You are not prepared! \ud83d\ude42<\/p>","protected":false},"excerpt":{"rendered":"<p>My Hero Academia &#8211; Izuku Midoriya | 1:4 Resin Statue | von Heroe Collectibles EU Taxfree! I do ship EU-wide, please contact me, should questions arise. \u00a0&#8220; Ich bin nicht mehr der ahnungslose kleine Deku, der nur einer Illusion nachjagt&#8230; Von nun an bin ich&#8230; der Deku mit einem Hauch von &#8222;Du schaffst das&#8220; ! [&hellip;]<\/p>\n","protected":false},"featured_media":29360,"comment_status":"closed","ping_status":"closed","template":"","meta":[],"product_brand":[],"product_cat":[24,568,84],"product_tag":[612,659,666,658,147,251,383,3182,2519,553,795,3181,2055,2056,2057,2058,2059,2060,154,136,554,379,381,552,547],"class_list":{"0":"post-29348","1":"product","2":"type-product","3":"status-publish","4":"has-post-thumbnail","6":"product_cat-action-figuren","7":"product_cat-preorder","8":"product_cat-statuen-anime-comic-universum","9":"product_tag-anime","10":"product_tag-anime-figuren","11":"product_tag-anime-figuren-shop","12":"product_tag-anime-toys","13":"product_tag-collectibles","14":"product_tag-collectibles-kaufen","15":"product_tag-collector","16":"product_tag-dark-deku","17":"product_tag-deku","18":"product_tag-figure-collector","19":"product_tag-handsomecake","20":"product_tag-izuku-midoriya","21":"product_tag-my-hero-academia","22":"product_tag-my-hero-academia-collectibles","23":"product_tag-my-hero-academia-resin","24":"product_tag-my-hero-academia-statue","25":"product_tag-my-hero-academia-statues","26":"product_tag-my-hero-academia-toys","27":"product_tag-resin-collectibles","28":"product_tag-resin-statuen","29":"product_tag-resin-statues","30":"product_tag-statue-collectible","31":"product_tag-statue-collectibles","32":"product_tag-statue-collector","33":"product_tag-statues-collector","34":"pa_brand-heroe-collectibles","35":"pa_scale-1_to_4","37":"first","38":"instock","39":"taxable","40":"shipping-taxable","41":"product-type-simple"},"_links":{"self":[{"href":"https:\/\/store.handsomecake.com\/en\/wp-json\/wp\/v2\/product\/29348","targetHints":{"allow":["GET"]}}],"collection":[{"href":"https:\/\/store.handsomecake.com\/en\/wp-json\/wp\/v2\/product"}],"about":[{"href":"https:\/\/store.handsomecake.com\/en\/wp-json\/wp\/v2\/types\/product"}],"replies":[{"embeddable":true,"href":"https:\/\/store.handsomecake.com\/en\/wp-json\/wp\/v2\/comments?post=29348"}],"wp:featuredmedia":[{"embeddable":true,"href":"https:\/\/store.handsomecake.com\/en\/wp-json\/wp\/v2\/media\/29360"}],"wp:attachment":[{"href":"https:\/\/store.handsomecake.com\/en\/wp-json\/wp\/v2\/media?parent=29348"}],"wp:term":[{"taxonomy":"product_brand","embeddable":true,"href":"https:\/\/store.handsomecake.com\/en\/wp-json\/wp\/v2\/product_brand?post=29348"},{"taxonomy":"product_cat","embeddable":true,"href":"https:\/\/store.handsomecake.com\/en\/wp-json\/wp\/v2\/product_cat?post=29348"},{"taxonomy":"product_tag","embeddable":true,"href":"https:\/\/store.handsomecake.com\/en\/wp-json\/wp\/v2\/product_tag?post=29348"}],"curies":[{"name":"wp","href":"https:\/\/api.w.org\/{rel}","templated":true}]}}