{"id":29337,"date":"2024-01-27T21:34:43","date_gmt":"2024-01-27T21:34:43","guid":{"rendered":"https:\/\/store.handsomecake.com\/product\/final-fantasy-yuffie-kisaragi-14-resin-statue-von-solar-studio\/"},"modified":"2025-06-16T13:41:14","modified_gmt":"2025-06-16T13:41:14","slug":"final-fantasy-yuffie-kisaragi-14-resin-statue-von-solar-studio","status":"publish","type":"product","link":"https:\/\/store.handsomecake.com\/en\/product\/final-fantasy-yuffie-kisaragi-14-resin-statue-von-solar-studio\/","title":{"rendered":"Final Fantasy &#8211; Yuffie Kisaragi | 1:4 Resin Statue | von Solar Studio"},"content":{"rendered":"<p><strong>Final Fantasy &#8211; Yuffie Kisaragi | 1:4 Resin Statue | von Solar Studio<\/strong><\/p>\n<p>EU Taxfree! I do ship EU-wide, please contact me, should questions arise.<\/p>\n<p>Tolle Statuen von Wutai Ninja .<br \/>\nWunderbar verarbeitete und sehr detaillierte Yuffie Kisaragi Statue aus Polystone &#8211; k\u00fcnstlichem Stein-Harz-Gemisch.<\/p>\n<p><strong>Besonderheiten<\/strong>:<\/p>\n<ul>\n<li>2 austauschbare Oberk\u00f6rper<\/li>\n<li>2 austauschbare Waffen<\/li>\n<li>Glasaugen<\/li>\n<li>Displaysockel f\u00fcr austauschbaren Oberk\u00f6rper<\/li>\n<\/ul>\n<p><strong>Release-Status:<\/strong><\/p>\n<ul>\n<li>Preorder. Statue wird voraussichtlich Ende Q4 2024 released. Wir erwarten sie bei uns gegen Ende Februar 2025.<\/li>\n<li>Diese Angabe ist ohne Gew\u00e4hr! Wir leiten nur die Sch\u00e4tzung vom Hersteller weiter.<\/li>\n<li>Falls das Datum \u00fcberschritten wurde und hier immer noch eine Sch\u00e4tzung aus der Vergangenheit steht, dann bedeutet das NICHT, dass die Figur bereits im Lager in Deutschland ist. Sie ist NUR dann auf Lager in Deutschland, wenn der Text dies entsprechend sagt und\/oder die Kategorie weiter oben \u201cLagernd vor Ort\u201d hei\u00dft.<\/li>\n<\/ul>\n<p>Wie immer bei meinen Aktionen &#8211; s\u00e4mtliche Geb\u00fchren sind, im Gegensatz zu anderen Angeboten, bereits inkludiert. Versand erfolgt ausschlie\u00dflich aus Deutschland, es fallen keine Zoll- und Importgeb\u00fchren an. Ihr kauft keine Katze im Sack \ud83d\ude42<\/p>\n<p><strong>Ma\u00dfe der Statue:<\/strong><\/p>\n<ul>\n<li>Gr\u00f6\u00dfe: H44.7cm x W43cm x D36.2cm<\/li>\n<li>Gewicht : TBA, gesch\u00e4tzt: ca. 14kg<\/li>\n<\/ul>\n<p>You are not prepared! \ud83d\ude42<\/p>","protected":false},"excerpt":{"rendered":"<p>Final Fantasy &#8211; Yuffie Kisaragi | 1:4 Resin Statue | von Solar Studio EU Taxfree! I do ship EU-wide, please contact me, should questions arise. Tolle Statuen von Wutai Ninja . Wunderbar verarbeitete und sehr detaillierte Yuffie Kisaragi Statue aus Polystone &#8211; k\u00fcnstlichem Stein-Harz-Gemisch. Besonderheiten: 2 austauschbare Oberk\u00f6rper 2 austauschbare Waffen Glasaugen Displaysockel f\u00fcr austauschbaren [&hellip;]<\/p>\n","protected":false},"featured_media":29420,"comment_status":"closed","ping_status":"closed","template":"","meta":[],"product_brand":[],"product_cat":[24,197,568,81],"product_tag":[612,666,794,662,640,658,147,251,3180,199,822,823,1271,200,795,154,136,137,3179,3178],"class_list":{"0":"post-29337","1":"product","2":"type-product","3":"status-publish","4":"has-post-thumbnail","6":"product_cat-action-figuren","7":"product_cat-final-fantasy","8":"product_cat-preorder","9":"product_cat-statuen-computerspieluniversum","10":"product_tag-anime","11":"product_tag-anime-figuren-shop","12":"product_tag-anime-statue","13":"product_tag-anime-statue-shop","14":"product_tag-anime-statuen","15":"product_tag-anime-toys","16":"product_tag-collectibles","17":"product_tag-collectibles-kaufen","18":"product_tag-ff-wutai","19":"product_tag-final-fantasy-collectibles","20":"product_tag-final-fantasy-resin","21":"product_tag-final-fantasy-resin-statue","22":"product_tag-final-fantasy-sephiroth","23":"product_tag-final-fantasy-statuen","24":"product_tag-handsomecake","25":"product_tag-resin-collectibles","26":"product_tag-resin-statuen","27":"product_tag-resin-statuen-kaufen","28":"product_tag-wutai","29":"product_tag-yuffie-kisaragi","31":"first","32":"instock","33":"taxable","34":"shipping-taxable","35":"product-type-simple"},"_links":{"self":[{"href":"https:\/\/store.handsomecake.com\/en\/wp-json\/wp\/v2\/product\/29337","targetHints":{"allow":["GET"]}}],"collection":[{"href":"https:\/\/store.handsomecake.com\/en\/wp-json\/wp\/v2\/product"}],"about":[{"href":"https:\/\/store.handsomecake.com\/en\/wp-json\/wp\/v2\/types\/product"}],"replies":[{"embeddable":true,"href":"https:\/\/store.handsomecake.com\/en\/wp-json\/wp\/v2\/comments?post=29337"}],"wp:featuredmedia":[{"embeddable":true,"href":"https:\/\/store.handsomecake.com\/en\/wp-json\/wp\/v2\/media\/29420"}],"wp:attachment":[{"href":"https:\/\/store.handsomecake.com\/en\/wp-json\/wp\/v2\/media?parent=29337"}],"wp:term":[{"taxonomy":"product_brand","embeddable":true,"href":"https:\/\/store.handsomecake.com\/en\/wp-json\/wp\/v2\/product_brand?post=29337"},{"taxonomy":"product_cat","embeddable":true,"href":"https:\/\/store.handsomecake.com\/en\/wp-json\/wp\/v2\/product_cat?post=29337"},{"taxonomy":"product_tag","embeddable":true,"href":"https:\/\/store.handsomecake.com\/en\/wp-json\/wp\/v2\/product_tag?post=29337"}],"curies":[{"name":"wp","href":"https:\/\/api.w.org\/{rel}","templated":true}]}}