{"id":29257,"date":"2024-01-24T01:02:31","date_gmt":"2024-01-24T01:02:31","guid":{"rendered":"https:\/\/store.handsomecake.com\/product\/bleach-kenpachi-zaraki-16-resin-statue-von-cheng-jacksdo-studio\/"},"modified":"2024-09-21T11:11:10","modified_gmt":"2024-09-21T11:11:10","slug":"bleach-kenpachi-zaraki-16-resin-statue-von-cheng-jacksdo-studio","status":"publish","type":"product","link":"https:\/\/store.handsomecake.com\/en\/product\/bleach-kenpachi-zaraki-16-resin-statue-von-cheng-jacksdo-studio\/","title":{"rendered":"Bleach &#8211; Kenpachi Zaraki | 1:6 Resin Statue | von CHENG &amp; JacksDo Studio"},"content":{"rendered":"<p><strong>Bleach &#8211; Kenpachi Zaraki | 1:6 Resin Statue | von CHENG &amp; JacksDo Studio<\/strong><\/p>\n<p>EU Taxfree! I do ship EU-wide, please contact me, should questions arise.<\/p>\n<p>Tolle Statue von dem Kommandant der 11. Kompanie .<br \/>\nWunderbar verarbeitete und sehr detaillierte Statue von Kenpachi aus Polystone &#8211; k\u00fcnstlichem Stein-Harz-Gemisch.<\/p>\n<p><strong>Besonderheiten:<\/strong><\/p>\n<ul>\n<li>weltweit auf 188 St\u00fcck begrenzt<\/li>\n<\/ul>\n<p><strong>Release-Status:<\/strong><\/p>\n<ul>\n<li>Lagernd vor Ort in Deutschland. Versandfertig in ca. 5 Werktagen.<\/li>\n<\/ul>\n<p>Wie immer bei meinen Artikeln &#8211; s\u00e4mtliche Geb\u00fchren sind, im Gegensatz zu anderen Angeboten, bereits inkludiert. Versand erfolgt ausschlie\u00dflich aus Deutschland, es fallen keine Zoll- und Importgeb\u00fchren an. Ihr kauft keine Katze im Sack \ud83d\ude42<\/p>\n<p><strong>Ma\u00dfe der Statue:<\/strong><\/p>\n<ul>\n<li>Gr\u00f6\u00dfe: ca. H40cm x W32cm x D30cm<\/li>\n<li>Gewicht: TBA, ca. 8kg (gesch\u00e4tzt)<\/li>\n<\/ul>\n<p>You are not prepared! \ud83d\ude42<\/p>","protected":false},"excerpt":{"rendered":"<p>Bleach &#8211; Kenpachi Zaraki | 1:6 Resin Statue | von CHENG &amp; JacksDo Studio EU Taxfree! I do ship EU-wide, please contact me, should questions arise. Tolle Statue von dem Kommandant der 11. Kompanie . Wunderbar verarbeitete und sehr detaillierte Statue von Kenpachi aus Polystone &#8211; k\u00fcnstlichem Stein-Harz-Gemisch. Besonderheiten: weltweit auf 188 St\u00fcck begrenzt Release-Status: [&hellip;]<\/p>\n","protected":false},"featured_media":29275,"comment_status":"closed","ping_status":"closed","template":"","meta":[],"product_brand":[],"product_cat":[24,826,84],"product_tag":[612,659,666,658,991,992,995,993,994,996,147,251,383,553,2054,795,2052,154,136,554,379,381,552,547],"class_list":{"0":"post-29257","1":"product","2":"type-product","3":"status-publish","4":"has-post-thumbnail","6":"product_cat-action-figuren","7":"product_cat-lagernd-vor-ort","8":"product_cat-statuen-anime-comic-universum","9":"product_tag-anime","10":"product_tag-anime-figuren","11":"product_tag-anime-figuren-shop","12":"product_tag-anime-toys","13":"product_tag-bleach-statue","14":"product_tag-bleach-collectibles","15":"product_tag-bleach","16":"product_tag-bleach-resin","17":"product_tag-bleach-statues","18":"product_tag-bleach-toys","19":"product_tag-collectibles","20":"product_tag-collectibles-kaufen","21":"product_tag-collector","22":"product_tag-figure-collector","23":"product_tag-gotei-13-statues","24":"product_tag-handsomecake","25":"product_tag-kenpachi-zaraki","26":"product_tag-resin-collectibles","27":"product_tag-resin-statuen","28":"product_tag-resin-statues","29":"product_tag-statue-collectible","30":"product_tag-statue-collectibles","31":"product_tag-statue-collector","32":"product_tag-statues-collector","33":"pa_brand-cheng-studio","34":"pa_brand-jacksdo-studio","35":"pa_scale-1_to_6","37":"first","38":"outofstock","39":"taxable","40":"shipping-taxable","41":"product-type-simple"},"_links":{"self":[{"href":"https:\/\/store.handsomecake.com\/en\/wp-json\/wp\/v2\/product\/29257","targetHints":{"allow":["GET"]}}],"collection":[{"href":"https:\/\/store.handsomecake.com\/en\/wp-json\/wp\/v2\/product"}],"about":[{"href":"https:\/\/store.handsomecake.com\/en\/wp-json\/wp\/v2\/types\/product"}],"replies":[{"embeddable":true,"href":"https:\/\/store.handsomecake.com\/en\/wp-json\/wp\/v2\/comments?post=29257"}],"wp:featuredmedia":[{"embeddable":true,"href":"https:\/\/store.handsomecake.com\/en\/wp-json\/wp\/v2\/media\/29275"}],"wp:attachment":[{"href":"https:\/\/store.handsomecake.com\/en\/wp-json\/wp\/v2\/media?parent=29257"}],"wp:term":[{"taxonomy":"product_brand","embeddable":true,"href":"https:\/\/store.handsomecake.com\/en\/wp-json\/wp\/v2\/product_brand?post=29257"},{"taxonomy":"product_cat","embeddable":true,"href":"https:\/\/store.handsomecake.com\/en\/wp-json\/wp\/v2\/product_cat?post=29257"},{"taxonomy":"product_tag","embeddable":true,"href":"https:\/\/store.handsomecake.com\/en\/wp-json\/wp\/v2\/product_tag?post=29257"}],"curies":[{"name":"wp","href":"https:\/\/api.w.org\/{rel}","templated":true}]}}