{"id":29255,"date":"2024-01-24T01:00:27","date_gmt":"2024-01-24T01:00:27","guid":{"rendered":"https:\/\/store.handsomecake.com\/product\/attack-on-titan-levi-vs-beast-titan-16-resin-statue-von-hertz-studio\/"},"modified":"2024-12-09T19:36:27","modified_gmt":"2024-12-09T19:36:27","slug":"attack-on-titan-levi-vs-beast-titan-16-resin-statue-von-hertz-studio","status":"publish","type":"product","link":"https:\/\/store.handsomecake.com\/en\/product\/attack-on-titan-levi-vs-beast-titan-16-resin-statue-von-hertz-studio\/","title":{"rendered":"Attack on Titan &#8211; Levi vs. Beast Titan | 1:6 Resin Statue | von Hertz Studio"},"content":{"rendered":"<p><strong>Attack on Titan &#8211; Levi vs. Beast Titan | 1:6 Resin Statue | von Hertz Studio<\/strong><\/p>\n<p>I do ship EU-wide, please contact me, should questions arise.<\/p>\n<p>Tolle Statue aus der traumhaften Kampfszene zwischen Levi Ackerman und dem Beast Titan<br \/>\nWunderbar verarbeitete und sehr detaillierte Levi Statue aus Polystone &#8211; k\u00fcnstlichem Stein-Harz-Gemisch.<\/p>\n<p><strong>Besonderheiten<\/strong>:<\/p>\n<ul>\n<li>2 austauschbare K\u00f6pfe<\/li>\n<li>Schwertklinge aus echtem Metall<\/li>\n<li>weltweit 166 St\u00fcck<\/li>\n<li>Displaysockel f\u00fcr austauschbaren Kopf<\/li>\n<\/ul>\n<p><strong>Release-Status:<\/strong><\/p>\n<ul>\n<li>Preorder. Statue wird sch\u00e4tzungsweise Q4 2024 fertiggestellt und wir erwarten sie bei uns im Lager gegen Ende Februar 2025.<\/li>\n<li>Diese Angabe ist ohne Gew\u00e4hr! Wir leiten nur die Sch\u00e4tzung vom Hersteller weiter.<\/li>\n<li>Falls das Datum \u00fcberschritten wurde und hier immer noch eine Sch\u00e4tzung aus der Vergangenheit steht, dann bedeutet das NICHT, dass die Figur bereits im Lager in Deutschland ist. Sie ist NUR dann auf Lager in Deutschland, wenn der Text dies entsprechend sagt und\/oder die Kategorie weiter oben \u201cLagernd vor Ort\u201d hei\u00dft.<\/li>\n<\/ul>\n<p>Wie immer bei meinen Aktionen &#8211; s\u00e4mtliche Geb\u00fchren sind, im Gegensatz zu anderen Angeboten, bereits inkludiert. Versand erfolgt ausschlie\u00dflich aus Deutschland, es fallen keine Zoll- und Importgeb\u00fchren an. Ihr kauft keine Katze im Sack \ud83d\ude42<\/p>\n<p><strong>Ma\u00dfe der Statue:<\/strong><\/p>\n<ul>\n<li>Gr\u00f6\u00dfe: ca. H69cm x W70cm x D45cm<\/li>\n<li>Gewicht: TBA, gesch\u00e4tzt: ca. 16kg<\/li>\n<\/ul>\n<p>You are not prepared! \ud83d\ude42<\/p>","protected":false},"excerpt":{"rendered":"<p>Attack on Titan &#8211; Levi vs. Beast Titan | 1:6 Resin Statue | von Hertz Studio I do ship EU-wide, please contact me, should questions arise. Tolle Statue aus der traumhaften Kampfszene zwischen Levi Ackerman und dem Beast Titan Wunderbar verarbeitete und sehr detaillierte Levi Statue aus Polystone &#8211; k\u00fcnstlichem Stein-Harz-Gemisch. Besonderheiten: 2 austauschbare K\u00f6pfe [&hellip;]<\/p>\n","protected":false},"featured_media":29288,"comment_status":"closed","ping_status":"closed","template":"","meta":[],"product_brand":[],"product_cat":[24,714,568,84],"product_tag":[612,656,659,666,708,1185,1186,1188,1008,709,1184,710,712,713,850,795,704,707,706,705,711,1187,379,381,665,380,382,547],"class_list":{"0":"post-29255","1":"product","2":"type-product","3":"status-publish","4":"has-post-thumbnail","6":"product_cat-action-figuren","7":"product_cat-attack-on-titan","8":"product_cat-preorder","9":"product_cat-statuen-anime-comic-universum","10":"product_tag-anime","11":"product_tag-anime-collectibles","12":"product_tag-anime-figuren","13":"product_tag-anime-figuren-shop","14":"product_tag-anime-statuen-shop","15":"product_tag-aot-eren","16":"product_tag-aot-eren-jaeger","17":"product_tag-aot-figurine","18":"product_tag-aot-toys","19":"product_tag-attack-on-titan","20":"product_tag-attack-on-titan-eren","21":"product_tag-attack-on-titan-figure","22":"product_tag-attack-on-titan-levi","23":"product_tag-beast-titan","24":"product_tag-eren-jaeger","25":"product_tag-handsomecake","26":"product_tag-kitsune","27":"product_tag-kitsune-collectibles","28":"product_tag-kitsune-figure","29":"product_tag-kitsune-statue","30":"product_tag-levi","31":"product_tag-levi-ackerman","32":"product_tag-statue-collectible","33":"product_tag-statue-collectibles","34":"product_tag-statuen-shop","35":"product_tag-statues-collectible","36":"product_tag-statues-collectibles","37":"product_tag-statues-collector","38":"pa_brand-hertz-studio","39":"pa_scale-1_to_6","41":"first","42":"outofstock","43":"taxable","44":"shipping-taxable","45":"product-type-simple"},"_links":{"self":[{"href":"https:\/\/store.handsomecake.com\/en\/wp-json\/wp\/v2\/product\/29255","targetHints":{"allow":["GET"]}}],"collection":[{"href":"https:\/\/store.handsomecake.com\/en\/wp-json\/wp\/v2\/product"}],"about":[{"href":"https:\/\/store.handsomecake.com\/en\/wp-json\/wp\/v2\/types\/product"}],"replies":[{"embeddable":true,"href":"https:\/\/store.handsomecake.com\/en\/wp-json\/wp\/v2\/comments?post=29255"}],"wp:featuredmedia":[{"embeddable":true,"href":"https:\/\/store.handsomecake.com\/en\/wp-json\/wp\/v2\/media\/29288"}],"wp:attachment":[{"href":"https:\/\/store.handsomecake.com\/en\/wp-json\/wp\/v2\/media?parent=29255"}],"wp:term":[{"taxonomy":"product_brand","embeddable":true,"href":"https:\/\/store.handsomecake.com\/en\/wp-json\/wp\/v2\/product_brand?post=29255"},{"taxonomy":"product_cat","embeddable":true,"href":"https:\/\/store.handsomecake.com\/en\/wp-json\/wp\/v2\/product_cat?post=29255"},{"taxonomy":"product_tag","embeddable":true,"href":"https:\/\/store.handsomecake.com\/en\/wp-json\/wp\/v2\/product_tag?post=29255"}],"curies":[{"name":"wp","href":"https:\/\/api.w.org\/{rel}","templated":true}]}}