{"id":2917,"date":"2021-04-21T10:11:45","date_gmt":"2021-04-21T10:11:45","guid":{"rendered":"https:\/\/store.handsomecake.com\/product\/dragon-ball-z-kid-buu-vs-ss3-goku-14-resin-statue-von-xt-studio\/"},"modified":"2024-06-12T14:45:43","modified_gmt":"2024-06-12T14:45:43","slug":"dragon-ball-z-kid-buu-vs-ss3-goku-14-resin-statue-von-xt-studio","status":"publish","type":"product","link":"https:\/\/store.handsomecake.com\/en\/product\/dragon-ball-z-kid-buu-vs-ss3-goku-14-resin-statue-von-xt-studio\/","title":{"rendered":"Dragon Ball Z &#8211; Kid Buu Vs. SS3 Goku | 1:4 Resin Statue | von XT Studio"},"content":{"rendered":"<p>Dragon Ball Z &#8211; Kid Buu Vs. SS3 Goku &#8218; 1:4 Resin Statue &#8218; von XT Studio<\/p>\n<p>EU Taxfree! I do ship EU-wide, please contact me, should questions arise.<br \/>\nEU shipping costs are more an estimate and will be recalculated (and you will receive a refund, if shippings costs turn out to be lower in the end).<br \/>\nExample &#8211; some statues are stated as 58cm width. Until they arrive we can&#8217;t guarantee if its the width WITH packaging or without. If it&#8217;s WITH, we fit under the 60cm rule and if the weight is under 31.5kg as well, shipping will be as low as 43.86\u20ac (current DHL price), if the statue is over 60cm with packaging, we will need to engage a hauling company&#8230;<\/p>\n<p>Tolle Statue der dynamischen Kampfszene zwischen Kid Boo und Son Goku<\/p>\n<p>Wunderbar verarbeitete und sehr detaillierte Statue von Kid Buu und SS3 Goku aus Polystone &#8211; k\u00fcnstlichem Stein-Harz-Gemisch.<\/p>\n<p>Besonderheiten:<\/p>\n<ul>\n<li>nur f\u00fcr kurze Zeit &#8211; Vorbesteller bekommen das &#8222;Hatch&#8220;-Ei von Boo<\/li>\n<li>weltweit auf 288 St\u00fcck begrenzt<\/li>\n<\/ul>\n<p>Release-Status:<\/p>\n<ul>\n<li>Preorder. Statue wird sch\u00e4tzungsweise Q4 2021 released. Wir erwarten sie bei uns im Lager gegen Ende Februar 2022.<\/li>\n<\/ul>\n<p>Wie immer bei meinen Aktionen &#8211; s\u00e4mtliche Geb\u00fchren sind, im Gegensatz zu anderen Angeboten, bereits inkludiert. Versand erfolgt ausschlie\u00dflich aus Deutschland, es fallen keine Zoll- und Importgeb\u00fchren an. Ihr kauft keine Katze im Sack \ud83d\ude42<\/p>\n<p>Preis-Hinweis:<br \/>\nSolltet ihr die Statue direkt \u00fcber unseren Online-Shop (einfach den Benutzernamen googeln) kaufen, so erhaltet ihr auf jeden Fall die Tiefstpreisgarantie &#8211; sollte beispielsweise der Versand, Zoll oder die Einfuhrumsatzsteuer am Ende, also wenn die Statue bei uns im Warenlager angekommen ist, geringer ausfallen, so leiten wir die Preisreduzierung 1:1 an euch weiter! Der Catfish Arthas war z.b. urspr\u00fcnglich f\u00fcr 1850\u20ac drin, Endpreis war 1569\u20ac.<\/p>\n<p>Ma\u00dfe der Statue:<br \/>\nGr\u00f6\u00dfe: 37cm x 39cm x 55cm<br \/>\nGewicht: TBA, gesch\u00e4tzt: ca. 18 kg<\/p>\n<p>You are not prepared! \ud83d\ude42<\/p>","protected":false},"excerpt":{"rendered":"<p>Dragon Ball Z &#8211; Kid Buu Vs. SS3 Goku &#8218; 1:4 Resin Statue &#8218; von XT Studio EU Taxfree! I do ship EU-wide, please contact me, should questions arise. EU shipping costs are more an estimate and will be recalculated (and you will receive a refund, if shippings costs turn out to be lower in [&hellip;]<\/p>\n","protected":false},"featured_media":2918,"comment_status":"closed","ping_status":"closed","template":"","meta":[],"product_brand":[],"product_cat":[87,568,84],"product_tag":[666,717,640,658,479,147,251,738,190,171,740,741,739,742,743,154,255,136,137,736,624,735,623,737,379,381,552,380,382,547,718],"class_list":{"0":"post-2917","1":"product","2":"type-product","3":"status-publish","4":"has-post-thumbnail","6":"product_cat-dragon-ball","7":"product_cat-preorder","8":"product_cat-statuen-anime-comic-universum","9":"product_tag-anime-figuren-shop","10":"product_tag-anime-shop","11":"product_tag-anime-statuen","12":"product_tag-anime-toys","13":"product_tag-collectible","14":"product_tag-collectibles","15":"product_tag-collectibles-kaufen","16":"product_tag-dragon-ball","17":"product_tag-dragon-ball-collectibles","18":"product_tag-dragon-ball-son-goku","19":"product_tag-dragon-ball-son-goku-toy","20":"product_tag-dragon-ball-statuen","21":"product_tag-dragon-ball-z","22":"product_tag-majin-boo","23":"product_tag-majin-buu","24":"product_tag-resin-collectibles","25":"product_tag-resin-collectibles-kaufen","26":"product_tag-resin-statuen","27":"product_tag-resin-statuen-kaufen","28":"product_tag-son-goku","29":"product_tag-son-goku-collectible","30":"product_tag-son-goku-figur","31":"product_tag-son-goku-figurine","32":"product_tag-son-goku-toys","33":"product_tag-statue-collectible","34":"product_tag-statue-collectibles","35":"product_tag-statue-collector","36":"product_tag-statues-collectible","37":"product_tag-statues-collectibles","38":"product_tag-statues-collector","39":"product_tag-toys","40":"pa_brand-xt-studio","41":"pa_scale-1_to_4","43":"first","44":"instock","45":"product-type-variable"},"_links":{"self":[{"href":"https:\/\/store.handsomecake.com\/en\/wp-json\/wp\/v2\/product\/2917","targetHints":{"allow":["GET"]}}],"collection":[{"href":"https:\/\/store.handsomecake.com\/en\/wp-json\/wp\/v2\/product"}],"about":[{"href":"https:\/\/store.handsomecake.com\/en\/wp-json\/wp\/v2\/types\/product"}],"replies":[{"embeddable":true,"href":"https:\/\/store.handsomecake.com\/en\/wp-json\/wp\/v2\/comments?post=2917"}],"wp:featuredmedia":[{"embeddable":true,"href":"https:\/\/store.handsomecake.com\/en\/wp-json\/wp\/v2\/media\/2918"}],"wp:attachment":[{"href":"https:\/\/store.handsomecake.com\/en\/wp-json\/wp\/v2\/media?parent=2917"}],"wp:term":[{"taxonomy":"product_brand","embeddable":true,"href":"https:\/\/store.handsomecake.com\/en\/wp-json\/wp\/v2\/product_brand?post=2917"},{"taxonomy":"product_cat","embeddable":true,"href":"https:\/\/store.handsomecake.com\/en\/wp-json\/wp\/v2\/product_cat?post=2917"},{"taxonomy":"product_tag","embeddable":true,"href":"https:\/\/store.handsomecake.com\/en\/wp-json\/wp\/v2\/product_tag?post=2917"}],"curies":[{"name":"wp","href":"https:\/\/api.w.org\/{rel}","templated":true}]}}