{"id":28742,"date":"2024-01-16T00:46:42","date_gmt":"2024-01-16T00:46:42","guid":{"rendered":"https:\/\/store.handsomecake.com\/product\/final-fantasy-sephiroth-13-resin-statue-von-fanart-studio\/"},"modified":"2025-08-27T23:27:27","modified_gmt":"2025-08-27T23:27:27","slug":"final-fantasy-sephiroth-13-resin-statue-von-fanart-studio","status":"publish","type":"product","link":"https:\/\/store.handsomecake.com\/en\/product\/final-fantasy-sephiroth-13-resin-statue-von-fanart-studio\/","title":{"rendered":"Final Fantasy &#8211; Sephiroth | 1:3 Resin Statue | von FanArt Studio"},"content":{"rendered":"<p><strong>Final Fantasy &#8211; Sephiroth | 1:3 Resin Statue | von FanArt Studio<\/strong><\/p>\n<p>EU Taxfree! I do ship EU-wide, please contact me, should questions arise.<\/p>\n<p><span style=\"color: #ffffff;\"><em><span style=\"background-color: #2c3e50;\">\u00a0&#8220; That Which Lies Ahead Does Not Yet Exist. Our World Will Become A Part Of It One Day But I Will Not End, Nor Will I Have You End. &#8220; <\/span><\/em><\/span><\/p>\n<p>Tolle Statue des charismatischen Antagonisten aus Final Fantasy 7.<br \/>\nWunderbar verarbeitete und sehr detaillierte Sephiroth Statue aus Polystone &#8211; k\u00fcnstlichem Stein-Harz-Gemisch.<\/p>\n<p><strong>Besonderheiten:<\/strong><\/p>\n<ul>\n<li>weltweit nur 78 St\u00fcck<\/li>\n<\/ul>\n<p><strong>Release-Status:<\/strong><\/p>\n<ul>\n<li>Preorder. Statue wird voraussichtlich Q1 2025 released. Wir erwarten sie bei uns gegen Ende Februar 2025.<\/li>\n<li>Diese Angabe ist ohne Gew\u00e4hr! Wir leiten nur die Sch\u00e4tzung vom Hersteller weiter.<\/li>\n<li>Falls das Datum \u00fcberschritten wurde und hier immer noch eine Sch\u00e4tzung aus der Vergangenheit steht, dann bedeutet das NICHT, dass die Figur bereits im Lager in Deutschland ist. Sie ist NUR dann auf Lager in Deutschland, wenn der Text dies entsprechend sagt und\/oder die Kategorie weiter oben &#8222;Lagernd vor Ort&#8220; hei\u00dft.<\/li>\n<\/ul>\n<p>Wie immer bei meinen Aktionen &#8211; s\u00e4mtliche Geb\u00fchren sind, im Gegensatz zu anderen Angeboten, bereits inkludiert. Versand erfolgt ausschlie\u00dflich aus Deutschland, es fallen keine Zoll- und Importgeb\u00fchren an. Ihr kauft keine Katze im Sack \ud83d\ude42<\/p>\n<p>Ma\u00dfe der Statue:<\/p>\n<ul>\n<li>Gr\u00f6\u00dfe: H87cm x W70cm x D40cm<\/li>\n<li>Gewicht: TBA, gesch\u00e4tzt: ca. 25kg<\/li>\n<\/ul>\n<p>You are not prepared! \ud83d\ude42<\/p>","protected":false},"excerpt":{"rendered":"<p>Final Fantasy &#8211; Sephiroth | 1:3 Resin Statue | von FanArt Studio EU Taxfree! I do ship EU-wide, please contact me, should questions arise. \u00a0&#8220; That Which Lies Ahead Does Not Yet Exist. Our World Will Become A Part Of It One Day But I Will Not End, Nor Will I Have You End. &#8220; [&hellip;]<\/p>\n","protected":false},"featured_media":28743,"comment_status":"closed","ping_status":"closed","template":"","meta":[],"product_brand":[],"product_cat":[24,197,568,81],"product_tag":[612,666,794,662,640,658,147,251,1269,198,201,199,822,823,1271,200,795,154,136,137,1268,1272,1270,379,381,665,380,382,718],"class_list":{"0":"post-28742","1":"product","2":"type-product","3":"status-publish","4":"has-post-thumbnail","6":"product_cat-action-figuren","7":"product_cat-final-fantasy","8":"product_cat-preorder","9":"product_cat-statuen-computerspieluniversum","10":"product_tag-anime","11":"product_tag-anime-figuren-shop","12":"product_tag-anime-statue","13":"product_tag-anime-statue-shop","14":"product_tag-anime-statuen","15":"product_tag-anime-toys","16":"product_tag-collectibles","17":"product_tag-collectibles-kaufen","18":"product_tag-ff7-sephiroth","19":"product_tag-final-fantasy","20":"product_tag-final-fantasy-7-remake","21":"product_tag-final-fantasy-collectibles","22":"product_tag-final-fantasy-resin","23":"product_tag-final-fantasy-resin-statue","24":"product_tag-final-fantasy-sephiroth","25":"product_tag-final-fantasy-statuen","26":"product_tag-handsomecake","27":"product_tag-resin-collectibles","28":"product_tag-resin-statuen","29":"product_tag-resin-statuen-kaufen","30":"product_tag-sephiroth","31":"product_tag-sephiroth-collectible","32":"product_tag-sephiroth-statue","33":"product_tag-statue-collectible","34":"product_tag-statue-collectibles","35":"product_tag-statuen-shop","36":"product_tag-statues-collectible","37":"product_tag-statues-collectibles","38":"product_tag-toys","39":"pa_brand-fanart-studio","40":"pa_scale-1_to_3","42":"first","43":"instock","44":"taxable","45":"shipping-taxable","46":"product-type-simple"},"_links":{"self":[{"href":"https:\/\/store.handsomecake.com\/en\/wp-json\/wp\/v2\/product\/28742","targetHints":{"allow":["GET"]}}],"collection":[{"href":"https:\/\/store.handsomecake.com\/en\/wp-json\/wp\/v2\/product"}],"about":[{"href":"https:\/\/store.handsomecake.com\/en\/wp-json\/wp\/v2\/types\/product"}],"replies":[{"embeddable":true,"href":"https:\/\/store.handsomecake.com\/en\/wp-json\/wp\/v2\/comments?post=28742"}],"wp:featuredmedia":[{"embeddable":true,"href":"https:\/\/store.handsomecake.com\/en\/wp-json\/wp\/v2\/media\/28743"}],"wp:attachment":[{"href":"https:\/\/store.handsomecake.com\/en\/wp-json\/wp\/v2\/media?parent=28742"}],"wp:term":[{"taxonomy":"product_brand","embeddable":true,"href":"https:\/\/store.handsomecake.com\/en\/wp-json\/wp\/v2\/product_brand?post=28742"},{"taxonomy":"product_cat","embeddable":true,"href":"https:\/\/store.handsomecake.com\/en\/wp-json\/wp\/v2\/product_cat?post=28742"},{"taxonomy":"product_tag","embeddable":true,"href":"https:\/\/store.handsomecake.com\/en\/wp-json\/wp\/v2\/product_tag?post=28742"}],"curies":[{"name":"wp","href":"https:\/\/api.w.org\/{rel}","templated":true}]}}