{"id":28738,"date":"2024-01-16T00:38:26","date_gmt":"2024-01-16T00:38:26","guid":{"rendered":"https:\/\/store.handsomecake.com\/product\/metroid-samus-aran-14-resin-statue-von-creation-studio\/"},"modified":"2025-10-29T13:14:01","modified_gmt":"2025-10-29T13:14:01","slug":"metroid-samus-aran-14-resin-statue-von-creation-studio","status":"publish","type":"product","link":"https:\/\/store.handsomecake.com\/en\/product\/metroid-samus-aran-14-resin-statue-von-creation-studio\/","title":{"rendered":"Metroid &#8211; Samus Aran | 1:4 Resin Statue | von Creation Studio"},"content":{"rendered":"<p><strong>Metroid &#8211; Samus Aran | 1:4 Resin Statue | von Creation Studio<\/strong><\/p>\n<p>EU Taxfree! I do ship EU-wide, please contact me, should questions arise.<\/p>\n<p><span style=\"color: #ffffff;\"><em><span style=\"background-color: #2c3e50;\">\u00a0&#8220; Don&#8217;t worry&#8230; I&#8217;ll end this. Once and for all.&#8220; <\/span><\/em><\/span><\/p>\n<p>Tolle Statue der Kopfgeldj\u00e4gerin der Spiele von Metroid-Reihe (Metroid Dread).<br \/>\nWunderbar verarbeitete und sehr detaillierte Samus Aran Statue aus Polystone &#8211; k\u00fcnstlichem Stein-Harz-Gemisch.<\/p>\n<p><strong>Besonderheiten:<\/strong><\/p>\n<ul>\n<li>Versionen:\n<ul>\n<li>A &#8211; blauer Anzug, 2 K\u00f6pfe<\/li>\n<li>B &#8211; wei\u00dfer Anzug, 2 K\u00f6pfe<\/li>\n<li>C &#8211; wei\u00dfer Anzug, semi-nackt, 2 K\u00f6pfe<\/li>\n<li>Deluxe Version &#8211;\n<ul>\n<li>2 austauschbare K\u00f6pfe<\/li>\n<li>3 austauschbare K\u00f6rper ( blau, wei\u00df, semi-nackt)<\/li>\n<\/ul>\n<\/li>\n<\/ul>\n<\/li>\n<\/ul>\n<p><strong>Release-Status:<\/strong><\/p>\n<ul>\n<li>Released. Ab Bestellzeitpunkt in ca. 3-4 Monaten bei euch.<\/li>\n<\/ul>\n<p>Wie immer bei meinen Artikeln &#8211; s\u00e4mtliche Geb\u00fchren sind, im Gegensatz zu anderen Angeboten, bereits inkludiert. Versand erfolgt ausschlie\u00dflich aus Deutschland, es fallen keine Zoll- und Importgeb\u00fchren an. Ihr kauft keine Katze im Sack \ud83d\ude42<\/p>\n<p><strong>Ma\u00dfe der Statue:<\/strong><\/p>\n<ul>\n<li>Gr\u00f6\u00dfe : ca. H55cm x W28.7cm x D26.5cm<\/li>\n<li>Gewicht: ca. 12kg (gesch\u00e4tzt)<\/li>\n<\/ul>\n<p>You are not prepared! \ud83d\ude42<\/p>","protected":false},"excerpt":{"rendered":"<p>Metroid &#8211; Samus Aran | 1:4 Resin Statue | von Creation Studio EU Taxfree! I do ship EU-wide, please contact me, should questions arise. \u00a0&#8220; Don&#8217;t worry&#8230; I&#8217;ll end this. Once and for all.&#8220; Tolle Statue der Kopfgeldj\u00e4gerin der Spiele von Metroid-Reihe (Metroid Dread). Wunderbar verarbeitete und sehr detaillierte Samus Aran Statue aus Polystone &#8211; [&hellip;]<\/p>\n","protected":false},"featured_media":28739,"comment_status":"closed","ping_status":"closed","template":"","meta":[],"product_brand":[],"product_cat":[24,81,567],"product_tag":[612,656,659,666,708,795,1727,1726,1728,1730,1729,1731,379,381,665,380,382,547],"class_list":{"0":"post-28738","1":"product","2":"type-product","3":"status-publish","4":"has-post-thumbnail","6":"product_cat-action-figuren","7":"product_cat-statuen-computerspieluniversum","8":"product_cat-in_stock_warehouse_china","9":"product_tag-anime","10":"product_tag-anime-collectibles","11":"product_tag-anime-figuren","12":"product_tag-anime-figuren-shop","13":"product_tag-anime-statuen-shop","14":"product_tag-handsomecake","15":"product_tag-metroid","16":"product_tag-metroid-figure","17":"product_tag-metroid-samus-aran","18":"product_tag-samus-aran","19":"product_tag-samus-aran-figure","20":"product_tag-samus-aran-statue","21":"product_tag-statue-collectible","22":"product_tag-statue-collectibles","23":"product_tag-statuen-shop","24":"product_tag-statues-collectible","25":"product_tag-statues-collectibles","26":"product_tag-statues-collector","27":"pa_brand-creation-studio","28":"pa_scale-1_to_4","30":"first","31":"outofstock","32":"sale","33":"taxable","34":"shipping-taxable","35":"product-type-variable"},"_links":{"self":[{"href":"https:\/\/store.handsomecake.com\/en\/wp-json\/wp\/v2\/product\/28738","targetHints":{"allow":["GET"]}}],"collection":[{"href":"https:\/\/store.handsomecake.com\/en\/wp-json\/wp\/v2\/product"}],"about":[{"href":"https:\/\/store.handsomecake.com\/en\/wp-json\/wp\/v2\/types\/product"}],"replies":[{"embeddable":true,"href":"https:\/\/store.handsomecake.com\/en\/wp-json\/wp\/v2\/comments?post=28738"}],"wp:featuredmedia":[{"embeddable":true,"href":"https:\/\/store.handsomecake.com\/en\/wp-json\/wp\/v2\/media\/28739"}],"wp:attachment":[{"href":"https:\/\/store.handsomecake.com\/en\/wp-json\/wp\/v2\/media?parent=28738"}],"wp:term":[{"taxonomy":"product_brand","embeddable":true,"href":"https:\/\/store.handsomecake.com\/en\/wp-json\/wp\/v2\/product_brand?post=28738"},{"taxonomy":"product_cat","embeddable":true,"href":"https:\/\/store.handsomecake.com\/en\/wp-json\/wp\/v2\/product_cat?post=28738"},{"taxonomy":"product_tag","embeddable":true,"href":"https:\/\/store.handsomecake.com\/en\/wp-json\/wp\/v2\/product_tag?post=28738"}],"curies":[{"name":"wp","href":"https:\/\/api.w.org\/{rel}","templated":true}]}}