{"id":28732,"date":"2024-01-16T00:33:09","date_gmt":"2024-01-16T00:33:09","guid":{"rendered":"https:\/\/store.handsomecake.com\/product\/legend-of-zelda-ganondorf-14-resin-statue-von-dream-studio\/"},"modified":"2025-12-09T11:49:36","modified_gmt":"2025-12-09T11:49:36","slug":"legend-of-zelda-ganondorf-14-resin-statue-von-dream-studio","status":"publish","type":"product","link":"https:\/\/store.handsomecake.com\/en\/product\/legend-of-zelda-ganondorf-14-resin-statue-von-dream-studio\/","title":{"rendered":"Legend of Zelda &#8211; Ganondorf | 1:4 Resin Statue | von Dream Studio"},"content":{"rendered":"<p><strong>Legend of Zelda &#8211; Ganondorf | 1:4 Resin Statue | von Dream Studio<\/strong><\/p>\n<p>EU Taxfree! I do ship EU-wide, please contact me, should questions arise.<\/p>\n<p>Tolle Statue von dem K\u00f6nig der Gerudo.<br \/>\nWunderbar verarbeitete und sehr detaillierte Ganondorf Statue aus Polystone &#8211; k\u00fcnstlichem Stein-Harz-Gemisch.<\/p>\n<p><strong>Besonderheiten:<\/strong><\/p>\n<ul>\n<li>1:4 und 1:6 Gr\u00f6\u00dfen verf\u00fcgbar<\/li>\n<\/ul>\n<p><strong>Release-Status:<\/strong><\/p>\n<ul>\n<li>Pre order. Release ca. Ende Q4 2024 erwartet, bei uns im Lager voraussichtlich Ende Februar 2025.<\/li>\n<li>Diese Angabe ist ohne Gew\u00e4hr! Wir leiten nur die Sch\u00e4tzung vom Hersteller weiter.<\/li>\n<li>Falls das Datum \u00fcberschritten wurde und hier immer noch eine Sch\u00e4tzung aus der Vergangenheit steht, dann bedeutet das NICHT, dass die Figur bereits im Lager in Deutschland ist. Sie ist NUR dann auf Lager in Deutschland, wenn der Text dies entsprechend sagt und\/oder die Kategorie weiter oben &#8222;Lagernd vor Ort&#8220; hei\u00dft.<\/li>\n<\/ul>\n<p>Wie immer bei meinen Artikeln &#8211; s\u00e4mtliche Geb\u00fchren sind, im Gegensatz zu anderen Angeboten, bereits inkludiert. Versand erfolgt ausschlie\u00dflich aus Deutschland, es fallen keine Zoll- und Importgeb\u00fchren an. Ihr kauft keine Katze im Sack \ud83d\ude42<\/p>\n<p><strong>Ma\u00dfe der Statue:<\/strong><\/p>\n<ul>\n<li>Gr\u00f6\u00dfe(1:4): ca. H60cm x W41cm x D39cm<\/li>\n<li>Gr\u00f6\u00dfe(1:6): ca. H40cm x W27cm x D26cm<\/li>\n<li>Gewicht: ca. 16kg (gesch\u00e4tzt)<\/li>\n<\/ul>\n<p>You are not prepared! \ud83d\ude42<\/p>","protected":false},"excerpt":{"rendered":"<p>Legend of Zelda &#8211; Ganondorf | 1:4 Resin Statue | von Dream Studio EU Taxfree! I do ship EU-wide, please contact me, should questions arise. Tolle Statue von dem K\u00f6nig der Gerudo. Wunderbar verarbeitete und sehr detaillierte Ganondorf Statue aus Polystone &#8211; k\u00fcnstlichem Stein-Harz-Gemisch. Besonderheiten: 1:4 und 1:6 Gr\u00f6\u00dfen verf\u00fcgbar Release-Status: Pre order. Release ca. [&hellip;]<\/p>\n","protected":false},"featured_media":28830,"comment_status":"closed","ping_status":"closed","template":"","meta":[],"product_brand":[],"product_cat":[24,1207,568,81],"product_tag":[612,659,666,658,147,251,383,553,3171,3170,3172,795,1215,154,136,554,379,381,552,547,1216,1218,1217],"class_list":{"0":"post-28732","1":"product","2":"type-product","3":"status-publish","4":"has-post-thumbnail","6":"product_cat-action-figuren","7":"product_cat-legend-of-zelda","8":"product_cat-preorder","9":"product_cat-statuen-computerspieluniversum","10":"product_tag-anime","11":"product_tag-anime-figuren","12":"product_tag-anime-figuren-shop","13":"product_tag-anime-toys","14":"product_tag-collectibles","15":"product_tag-collectibles-kaufen","16":"product_tag-collector","17":"product_tag-figure-collector","18":"product_tag-ganon","19":"product_tag-ganondorf","20":"product_tag-ganondorf-statue","21":"product_tag-handsomecake","22":"product_tag-legend-of-zelda","23":"product_tag-resin-collectibles","24":"product_tag-resin-statuen","25":"product_tag-resin-statues","26":"product_tag-statue-collectible","27":"product_tag-statue-collectibles","28":"product_tag-statue-collector","29":"product_tag-statues-collector","30":"product_tag-the-legend-of-zelda","31":"product_tag-zelda-collectibles","32":"product_tag-zelda-toys","33":"pa_brand-dream-studio","34":"pa_scale-1_to_4","36":"first","37":"instock","38":"taxable","39":"shipping-taxable","40":"product-type-variable"},"_links":{"self":[{"href":"https:\/\/store.handsomecake.com\/en\/wp-json\/wp\/v2\/product\/28732","targetHints":{"allow":["GET"]}}],"collection":[{"href":"https:\/\/store.handsomecake.com\/en\/wp-json\/wp\/v2\/product"}],"about":[{"href":"https:\/\/store.handsomecake.com\/en\/wp-json\/wp\/v2\/types\/product"}],"replies":[{"embeddable":true,"href":"https:\/\/store.handsomecake.com\/en\/wp-json\/wp\/v2\/comments?post=28732"}],"wp:featuredmedia":[{"embeddable":true,"href":"https:\/\/store.handsomecake.com\/en\/wp-json\/wp\/v2\/media\/28830"}],"wp:attachment":[{"href":"https:\/\/store.handsomecake.com\/en\/wp-json\/wp\/v2\/media?parent=28732"}],"wp:term":[{"taxonomy":"product_brand","embeddable":true,"href":"https:\/\/store.handsomecake.com\/en\/wp-json\/wp\/v2\/product_brand?post=28732"},{"taxonomy":"product_cat","embeddable":true,"href":"https:\/\/store.handsomecake.com\/en\/wp-json\/wp\/v2\/product_cat?post=28732"},{"taxonomy":"product_tag","embeddable":true,"href":"https:\/\/store.handsomecake.com\/en\/wp-json\/wp\/v2\/product_tag?post=28732"}],"curies":[{"name":"wp","href":"https:\/\/api.w.org\/{rel}","templated":true}]}}