{"id":28676,"date":"2024-01-14T01:44:24","date_gmt":"2024-01-14T01:44:24","guid":{"rendered":"https:\/\/store.handsomecake.com\/product\/elden-ring-malenia-11-resin-bust-von-haregumo-studio\/"},"modified":"2025-05-29T00:16:35","modified_gmt":"2025-05-29T00:16:35","slug":"elden-ring-malenia-11-resin-bust-von-haregumo-studio","status":"publish","type":"product","link":"https:\/\/store.handsomecake.com\/en\/product\/elden-ring-malenia-11-resin-bust-von-haregumo-studio\/","title":{"rendered":"Elden Ring &#8211; Malenia | 1:1 Resin Bust | von Haregumo Studio"},"content":{"rendered":"<p><strong>Elden Ring &#8211; Malenia | 1:1 Resin Bust | von Haregumo Studio<\/strong><\/p>\n<p>EU Taxfree! I do ship EU-wide, please contact me, should questions arise.<\/p>\n<p>Tolle B\u00fcste von einem der schwersten Bosse in Elden Ring<\/p>\n<p><span style=\"color: #ffffff;\"><em><span style=\"background-color: #2c3e50;\">\u00a0&#8222;&#8230;Heed my words. I am Malenia. Blade of Miquella. And I have never known defeat.&#8220;\u00a0 <\/span><\/em><\/span><\/p>\n<p>Wunderbar verarbeitete und sehr detaillierte Malenia B\u00fcste aus Polystone &#8211; k\u00fcnstlichem Stein-Harz-Gemisch.<\/p>\n<p><strong>Besonderheiten:<\/strong><\/p>\n<ul>\n<li>weltweit 99 St\u00fcck jeder Gr\u00f6\u00dfe<\/li>\n<li>A Version: mit Kleidung<\/li>\n<li>B Version: Brustpanzerversion<\/li>\n<\/ul>\n<p><strong>Release-Status:<\/strong><\/p>\n<ul>\n<li>Preorder. Voraussichtlicher Release-Termin: Ende Q4 2024, voraussichtlich bei uns im Lager: Februar 2025.<\/li>\n<li>Diese Angabe ist ohne Gew\u00e4hr! Wir leiten nur die Sch\u00e4tzung vom Hersteller weiter.<\/li>\n<li>Falls das Datum \u00fcberschritten wurde und hier immer noch eine Sch\u00e4tzung aus der Vergangenheit steht, dann bedeutet das _NICHT_, dass die Figur bereits im Lager in Deutschland ist. Sie ist _NUR_ dann auf Lager in Deutschland, wenn der Text dies entsprechend sagt und\/oder die Kategorie weiter oben &#8222;Lagernd vor Ort&#8220; hei\u00dft.<\/li>\n<\/ul>\n<p>Wie immer bei meinen Aktionen &#8211; s\u00e4mtliche Geb\u00fchren sind, im Gegensatz zu anderen Angeboten, bereits inkludiert. Versand erfolgt ausschlie\u00dflich aus Deutschland, es fallen keine Zoll- und Importgeb\u00fchren an. Ihr kauft keine Katze im Sack \ud83d\ude42<\/p>\n<p><strong>Ma\u00dfe der Statue:<\/strong><\/p>\n<ul>\n<li>Gr\u00f6\u00dfe (1:1): ca. H60cm x W30.5cm x L26.5cm<\/li>\n<li>Gr\u00f6\u00dfe (1:2): ca. H30cm x W15.2cm x L13.2cm<\/li>\n<li>Gewicht: ca. 12 kg (gesch\u00e4tzt)<\/li>\n<\/ul>\n<p>You are not prepared! \ud83d\ude42<\/p>","protected":false},"excerpt":{"rendered":"<p>Elden Ring &#8211; Malenia | 1:1 Resin Bust | von Haregumo Studio EU Taxfree! I do ship EU-wide, please contact me, should questions arise. Tolle B\u00fcste von einem der schwersten Bosse in Elden Ring \u00a0&#8222;&#8230;Heed my words. I am Malenia. Blade of Miquella. And I have never known defeat.&#8220;\u00a0 Wunderbar verarbeitete und sehr detaillierte Malenia [&hellip;]<\/p>\n","protected":false},"featured_media":28681,"comment_status":"closed","ping_status":"closed","template":"","meta":[],"product_brand":[],"product_cat":[24,1775,568,81],"product_tag":[658,147,251,1332,1329,2489,1330,1331,2490,1333,795,1777,1778,1779,154,136,137,379,381,665,380,382,718],"class_list":{"0":"post-28676","1":"product","2":"type-product","3":"status-publish","4":"has-post-thumbnail","6":"product_cat-action-figuren","7":"product_cat-elden-ring","8":"product_cat-preorder","9":"product_cat-statuen-computerspieluniversum","10":"product_tag-anime-toys","11":"product_tag-collectibles","12":"product_tag-collectibles-kaufen","13":"product_tag-elden-ring","14":"product_tag-elden-ring-collectibles","15":"product_tag-elden-ring-figur","16":"product_tag-elden-ring-resin","17":"product_tag-elden-ring-resin-statue","18":"product_tag-elden-ring-statue","19":"product_tag-elden-ring-statuen","20":"product_tag-handsomecake","21":"product_tag-malenia","22":"product_tag-malenia-collectible","23":"product_tag-malenia-statue","24":"product_tag-resin-collectibles","25":"product_tag-resin-statuen","26":"product_tag-resin-statuen-kaufen","27":"product_tag-statue-collectible","28":"product_tag-statue-collectibles","29":"product_tag-statuen-shop","30":"product_tag-statues-collectible","31":"product_tag-statues-collectibles","32":"product_tag-toys","33":"pa_brand-haregumo-studio","35":"first","36":"instock","37":"taxable","38":"shipping-taxable","39":"product-type-variable"},"_links":{"self":[{"href":"https:\/\/store.handsomecake.com\/en\/wp-json\/wp\/v2\/product\/28676","targetHints":{"allow":["GET"]}}],"collection":[{"href":"https:\/\/store.handsomecake.com\/en\/wp-json\/wp\/v2\/product"}],"about":[{"href":"https:\/\/store.handsomecake.com\/en\/wp-json\/wp\/v2\/types\/product"}],"replies":[{"embeddable":true,"href":"https:\/\/store.handsomecake.com\/en\/wp-json\/wp\/v2\/comments?post=28676"}],"wp:featuredmedia":[{"embeddable":true,"href":"https:\/\/store.handsomecake.com\/en\/wp-json\/wp\/v2\/media\/28681"}],"wp:attachment":[{"href":"https:\/\/store.handsomecake.com\/en\/wp-json\/wp\/v2\/media?parent=28676"}],"wp:term":[{"taxonomy":"product_brand","embeddable":true,"href":"https:\/\/store.handsomecake.com\/en\/wp-json\/wp\/v2\/product_brand?post=28676"},{"taxonomy":"product_cat","embeddable":true,"href":"https:\/\/store.handsomecake.com\/en\/wp-json\/wp\/v2\/product_cat?post=28676"},{"taxonomy":"product_tag","embeddable":true,"href":"https:\/\/store.handsomecake.com\/en\/wp-json\/wp\/v2\/product_tag?post=28676"}],"curies":[{"name":"wp","href":"https:\/\/api.w.org\/{rel}","templated":true}]}}