{"id":28664,"date":"2024-01-14T01:42:21","date_gmt":"2024-01-14T01:42:21","guid":{"rendered":"https:\/\/store.handsomecake.com\/product\/berserk-guts-14-resin-statue-von-hundian-studio\/"},"modified":"2025-10-17T19:51:06","modified_gmt":"2025-10-17T19:51:06","slug":"berserk-guts-14-resin-statue-von-hundian-studio","status":"publish","type":"product","link":"https:\/\/store.handsomecake.com\/en\/product\/berserk-guts-14-resin-statue-von-hundian-studio\/","title":{"rendered":"Berserk &#8211; Guts | 1:4 Resin Statue | von HunDian Studio"},"content":{"rendered":"<p><strong>Berserk &#8211; Guts | 1:4 Resin Statue | von HunDian Studio<\/strong><\/p>\n<p>EU Taxfree! I do ship EU-wide, please contact me, should questions arise.<\/p>\n<p>Tolle Statue des &#8222;Black Swordsman&#8220;.<br \/>\nWunderbar verarbeitete und sehr detaillierte Statue von Guts in seiner Berserkerr\u00fcstung aus Polystone &#8211; k\u00fcnstlichem Stein-Harz-Gemisch.<\/p>\n<p><strong>Besonderheiten:<\/strong><\/p>\n<ul>\n<li>mit 2 austauschbaren Kopfvarianten<\/li>\n<\/ul>\n<p><strong>Release-Status:<\/strong><\/p>\n<ul>\n<li>Preorder. Statue wird voraussichtlich Q2 2024 erscheinen und wir erwarten sie voraussichtlich Ende August 2024 im Warenlager.<\/li>\n<li>Diese Angabe ist ohne Gew\u00e4hr! Wir leiten nur die Sch\u00e4tzung vom Hersteller weiter.<\/li>\n<li>Falls das Datum \u00fcberschritten wurde und hier immer noch eine Sch\u00e4tzung aus der Vergangenheit steht, dann bedeutet das _NICHT_, dass die Figur bereits im Lager in Deutschland ist. Sie ist _NUR_ dann auf Lager in Deutschland, wenn der Text dies entsprechend sagt und\/oder die Kategorie weiter oben &#8222;Lagernd vor Ort&#8220; hei\u00dft.<\/li>\n<\/ul>\n<p>Wie immer bei meinen Artikeln &#8211; s\u00e4mtliche Geb\u00fchren sind, im Gegensatz zu anderen Angeboten, bereits inkludiert. Versand erfolgt ausschlie\u00dflich aus Deutschland, es fallen keine Zoll- und Importgeb\u00fchren an. Ihr kauft keine Katze im Sack \ud83d\ude42<\/p>\n<p><strong>Ma\u00dfe der Statue:<\/strong><\/p>\n<ul>\n<li>Gr\u00f6\u00dfe: ca. H82cm x W48cm x D48cm<\/li>\n<li>Gewicht: ca. 26kg (gesch\u00e4tzt)<\/li>\n<\/ul>\n<p>You are not prepared! \ud83d\ude42<\/p>","protected":false},"excerpt":{"rendered":"<p>Berserk &#8211; Guts | 1:4 Resin Statue | von HunDian Studio EU Taxfree! I do ship EU-wide, please contact me, should questions arise. Tolle Statue des &#8222;Black Swordsman&#8220;. Wunderbar verarbeitete und sehr detaillierte Statue von Guts in seiner Berserkerr\u00fcstung aus Polystone &#8211; k\u00fcnstlichem Stein-Harz-Gemisch. Besonderheiten: mit 2 austauschbaren Kopfvarianten Release-Status: Preorder. Statue wird voraussichtlich Q2 [&hellip;]<\/p>\n","protected":false},"featured_media":28690,"comment_status":"closed","ping_status":"closed","template":"","meta":[],"product_brand":[],"product_cat":[24,568,84],"product_tag":[612,666,717,640,658,962,963,956,959,958,957,964,479,147,251,383,553,955,960,961,795,913,916,915,914,917,154,255,136,137,554,379,381,552,380,382,547],"class_list":{"0":"post-28664","1":"product","2":"type-product","3":"status-publish","4":"has-post-thumbnail","6":"product_cat-action-figuren","7":"product_cat-preorder","8":"product_cat-statuen-anime-comic-universum","9":"product_tag-anime","10":"product_tag-anime-figuren-shop","11":"product_tag-anime-shop","12":"product_tag-anime-statuen","13":"product_tag-anime-toys","14":"product_tag-berserk","15":"product_tag-berserk-collectibles","16":"product_tag-berserk-guts","17":"product_tag-berserk-guts-figurine","18":"product_tag-berserk-guts-statue","19":"product_tag-berserk-guts-toy","20":"product_tag-berserk-statuen","21":"product_tag-collectible","22":"product_tag-collectibles","23":"product_tag-collectibles-kaufen","24":"product_tag-collector","25":"product_tag-figure-collector","26":"product_tag-guts-figurine","27":"product_tag-guts-toy","28":"product_tag-guts-toys","29":"product_tag-handsomecake","30":"product_tag-prime-1","31":"product_tag-prime-1-figures","32":"product_tag-prime-1-statues","33":"product_tag-prime-1-studio","34":"product_tag-prime-1-toys","35":"product_tag-resin-collectibles","36":"product_tag-resin-collectibles-kaufen","37":"product_tag-resin-statuen","38":"product_tag-resin-statuen-kaufen","39":"product_tag-resin-statues","40":"product_tag-statue-collectible","41":"product_tag-statue-collectibles","42":"product_tag-statue-collector","43":"product_tag-statues-collectible","44":"product_tag-statues-collectibles","45":"product_tag-statues-collector","46":"pa_brand-hun-dian-studio","47":"pa_scale-1_to_4","49":"first","50":"outofstock","51":"taxable","52":"shipping-taxable","53":"product-type-simple"},"_links":{"self":[{"href":"https:\/\/store.handsomecake.com\/en\/wp-json\/wp\/v2\/product\/28664","targetHints":{"allow":["GET"]}}],"collection":[{"href":"https:\/\/store.handsomecake.com\/en\/wp-json\/wp\/v2\/product"}],"about":[{"href":"https:\/\/store.handsomecake.com\/en\/wp-json\/wp\/v2\/types\/product"}],"replies":[{"embeddable":true,"href":"https:\/\/store.handsomecake.com\/en\/wp-json\/wp\/v2\/comments?post=28664"}],"wp:featuredmedia":[{"embeddable":true,"href":"https:\/\/store.handsomecake.com\/en\/wp-json\/wp\/v2\/media\/28690"}],"wp:attachment":[{"href":"https:\/\/store.handsomecake.com\/en\/wp-json\/wp\/v2\/media?parent=28664"}],"wp:term":[{"taxonomy":"product_brand","embeddable":true,"href":"https:\/\/store.handsomecake.com\/en\/wp-json\/wp\/v2\/product_brand?post=28664"},{"taxonomy":"product_cat","embeddable":true,"href":"https:\/\/store.handsomecake.com\/en\/wp-json\/wp\/v2\/product_cat?post=28664"},{"taxonomy":"product_tag","embeddable":true,"href":"https:\/\/store.handsomecake.com\/en\/wp-json\/wp\/v2\/product_tag?post=28664"}],"curies":[{"name":"wp","href":"https:\/\/api.w.org\/{rel}","templated":true}]}}