{"id":28654,"date":"2024-01-14T01:35:46","date_gmt":"2024-01-14T01:35:46","guid":{"rendered":"https:\/\/store.handsomecake.com\/product\/ghostblade-princess-lylian-11-resin-bust-von-manyou-studio\/"},"modified":"2024-06-12T16:21:47","modified_gmt":"2024-06-12T16:21:47","slug":"ghostblade-princess-lylian-11-resin-bust-von-manyou-studio","status":"publish","type":"product","link":"https:\/\/store.handsomecake.com\/en\/product\/ghostblade-princess-lylian-11-resin-bust-von-manyou-studio\/","title":{"rendered":"GhostBlade &#8211; Princess Lylian | 1:1 Resin Bust | von ManYou Studio"},"content":{"rendered":"<p><strong>GhostBlade &#8211; Princess Lylian | 1:1 Resin Bust | von ManYou Studio<\/strong><\/p>\n<p>EU Taxfree! I do ship EU-wide, please contact me, should questions arise.<\/p>\n<p>Tolle B\u00fcste von Prinzessin des Himmelreichs.<br \/>\nWunderbar verarbeitete und sehr detaillierte Lylian B\u00fcste aus Polystone &#8211; k\u00fcnstlichem Stein-Harz-Gemisch.<\/p>\n<p><strong>Besonderheiten<\/strong>:<\/p>\n<ul>\n<li>Gr\u00f6\u00dfen 1:2 (weltweit 299 St\u00fcck) und 1:1 (weltweit 199 St\u00fcck) verf\u00fcgbar<\/li>\n<\/ul>\n<p><strong>Release-Status:<\/strong><\/p>\n<ul>\n<li>Preorder. Voraussichtlicher Release-Termin: Ende Q3 2024, voraussichtlich bei uns im Lager: Oktober 2024.<\/li>\n<li>Diese Angabe ist ohne Gew\u00e4hr! Wir leiten nur die Sch\u00e4tzung vom Hersteller weiter.<\/li>\n<li>Falls das Datum \u00fcberschritten wurde und hier immer noch eine Sch\u00e4tzung aus der Vergangenheit steht, dann bedeutet das _NICHT_, dass die Figur bereits im Lager in Deutschland ist. Sie ist _NUR_ dann auf Lager in Deutschland, wenn der Text dies entsprechend sagt und\/oder die Kategorie weiter oben &#8222;Lagernd vor Ort&#8220; hei\u00dft.<\/li>\n<\/ul>\n<p>Wie immer bei meinen Aktionen &#8211; s\u00e4mtliche Geb\u00fchren sind, im Gegensatz zu anderen Angeboten, bereits inkludiert. Versand erfolgt ausschlie\u00dflich aus Deutschland, es fallen keine Zoll- und Importgeb\u00fchren an. Ihr kauft keine Katze im Sack \ud83d\ude42<\/p>\n<p><strong>Ma\u00dfe der Statue:<\/strong><\/p>\n<ul>\n<li>Gr\u00f6\u00dfe (1:1): ca. H75cm x W35cm x D37cm<\/li>\n<li>Gr\u00f6\u00dfe (1:2): ca. H56cm x W26cm x D28cm<\/li>\n<li>Gewicht: ca. 15 kg (gesch\u00e4tzt)<\/li>\n<\/ul>\n<p>You are not prepared! \ud83d\ude42<\/p>","protected":false},"excerpt":{"rendered":"<p>GhostBlade &#8211; Princess Lylian | 1:1 Resin Bust | von ManYou Studio EU Taxfree! I do ship EU-wide, please contact me, should questions arise. Tolle B\u00fcste von Prinzessin des Himmelreichs. Wunderbar verarbeitete und sehr detaillierte Lylian B\u00fcste aus Polystone &#8211; k\u00fcnstlichem Stein-Harz-Gemisch. Besonderheiten: Gr\u00f6\u00dfen 1:2 (weltweit 299 St\u00fcck) und 1:1 (weltweit 199 St\u00fcck) verf\u00fcgbar Release-Status: [&hellip;]<\/p>\n","protected":false},"featured_media":28657,"comment_status":"closed","ping_status":"closed","template":"","meta":[],"product_brand":[],"product_cat":[24,568,84],"product_tag":[666,717,640,658,479,147,251,383,553,1442,1446,1448,795,3156,3157,3158,3161,3160,3159,154,255,136,137,554,379,2115],"class_list":{"0":"post-28654","1":"product","2":"type-product","3":"status-publish","4":"has-post-thumbnail","6":"product_cat-action-figuren","7":"product_cat-preorder","8":"product_cat-statuen-anime-comic-universum","9":"product_tag-anime-figuren-shop","10":"product_tag-anime-shop","11":"product_tag-anime-statuen","12":"product_tag-anime-toys","13":"product_tag-collectible","14":"product_tag-collectibles","15":"product_tag-collectibles-kaufen","16":"product_tag-collector","17":"product_tag-figure-collector","18":"product_tag-ghost-blade","19":"product_tag-ghost-blade-collectibles","20":"product_tag-ghost-blade-toys","21":"product_tag-handsomecake","22":"product_tag-lylian","23":"product_tag-lylian-ghost-blade","24":"product_tag-lylian-statue","25":"product_tag-manyou-studio","26":"product_tag-princess-lylian","27":"product_tag-princess-lylian-collectible","28":"product_tag-resin-collectibles","29":"product_tag-resin-collectibles-kaufen","30":"product_tag-resin-statuen","31":"product_tag-resin-statuen-kaufen","32":"product_tag-resin-statues","33":"product_tag-statue-collectible","34":"product_tag-wlop","35":"pa_brand-manyou-studio","37":"first","38":"instock","39":"taxable","40":"shipping-taxable","41":"product-type-variable"},"_links":{"self":[{"href":"https:\/\/store.handsomecake.com\/en\/wp-json\/wp\/v2\/product\/28654","targetHints":{"allow":["GET"]}}],"collection":[{"href":"https:\/\/store.handsomecake.com\/en\/wp-json\/wp\/v2\/product"}],"about":[{"href":"https:\/\/store.handsomecake.com\/en\/wp-json\/wp\/v2\/types\/product"}],"replies":[{"embeddable":true,"href":"https:\/\/store.handsomecake.com\/en\/wp-json\/wp\/v2\/comments?post=28654"}],"wp:featuredmedia":[{"embeddable":true,"href":"https:\/\/store.handsomecake.com\/en\/wp-json\/wp\/v2\/media\/28657"}],"wp:attachment":[{"href":"https:\/\/store.handsomecake.com\/en\/wp-json\/wp\/v2\/media?parent=28654"}],"wp:term":[{"taxonomy":"product_brand","embeddable":true,"href":"https:\/\/store.handsomecake.com\/en\/wp-json\/wp\/v2\/product_brand?post=28654"},{"taxonomy":"product_cat","embeddable":true,"href":"https:\/\/store.handsomecake.com\/en\/wp-json\/wp\/v2\/product_cat?post=28654"},{"taxonomy":"product_tag","embeddable":true,"href":"https:\/\/store.handsomecake.com\/en\/wp-json\/wp\/v2\/product_tag?post=28654"}],"curies":[{"name":"wp","href":"https:\/\/api.w.org\/{rel}","templated":true}]}}