{"id":28645,"date":"2024-01-14T01:32:51","date_gmt":"2024-01-14T01:32:51","guid":{"rendered":"https:\/\/store.handsomecake.com\/product\/final-fantasy-garnet-till-alexandros-xvii-14-resin-statue-von-solar-studio\/"},"modified":"2024-07-19T21:06:01","modified_gmt":"2024-07-19T21:06:01","slug":"final-fantasy-garnet-till-alexandros-xvii-14-resin-statue-von-solar-studio","status":"publish","type":"product","link":"https:\/\/store.handsomecake.com\/en\/product\/final-fantasy-garnet-till-alexandros-xvii-14-resin-statue-von-solar-studio\/","title":{"rendered":"Final Fantasy &#8211; Garnet Till Alexandros XVII | 1:4 Resin Statue | von Solar Studio"},"content":{"rendered":"<p><strong>Final Fantasy &#8211; Garnet Till Alexandros XVII | 1:4 Resin Statue | von Solar Studio<\/strong><\/p>\n<p>EU Taxfree! I do ship EU-wide, please contact me, should questions arise.<\/p>\n<p><span style=\"color: #ffffff;\"><em><span style=\"background-color: #2c3e50;\">\u00a0&#8220; Devotion &#8211; Someday I will be Queen, but I will always be myself. &#8220;\u00a0 <\/span><\/em><\/span><\/p>\n<p>Tolle Statuen von der Prinzessin des K\u00f6nigreiches Alexandria in Final Fantasy IX.<br \/>\nWunderbar verarbeitete und sehr detaillierte Garnet aus Polystone &#8211; k\u00fcnstlichem Stein-Harz-Gemisch.<\/p>\n<p><strong>Besonderheiten:<\/strong><\/p>\n<ul>\n<li>die Halskette ist aus Metall gefertigt.<\/li>\n<li>der Anh\u00e4nger der Halskette besteht aus klarem Harz<\/li>\n<li>2 austauschbare K\u00f6pfe mit langen und kurzen Haaren<\/li>\n<li>2 austauschbare Waffen<\/li>\n<\/ul>\n<p><strong>Release-Status:<\/strong><\/p>\n<ul>\n<li>\n<p class=\"p1\">Lagernd vor Ort \/ In Stock in Germany. Versandfertig in ca. 5 Werktagen.<\/p>\n<\/li>\n<\/ul>\n<p>Wie immer bei meinen Aktionen &#8211; s\u00e4mtliche Geb\u00fchren sind, im Gegensatz zu anderen Angeboten, bereits inkludiert. Versand erfolgt ausschlie\u00dflich aus Deutschland, es fallen keine Zoll- und Importgeb\u00fchren an. Ihr kauft keine Katze im Sack \ud83d\ude42<\/p>\n<p><strong>Ma\u00dfe der Statue:<\/strong><\/p>\n<ul>\n<li>Gr\u00f6\u00dfe: H49cm x 35.7cm x 31.7cm<\/li>\n<li>Gewicht : TBA, gesch\u00e4tzt: ca. 12kg<\/li>\n<\/ul>\n<p>You are not prepared! \ud83d\ude42<\/p>","protected":false},"excerpt":{"rendered":"<p>Final Fantasy &#8211; Garnet Till Alexandros XVII | 1:4 Resin Statue | von Solar Studio EU Taxfree! I do ship EU-wide, please contact me, should questions arise. \u00a0&#8220; Devotion &#8211; Someday I will be Queen, but I will always be myself. &#8220;\u00a0 Tolle Statuen von der Prinzessin des K\u00f6nigreiches Alexandria in Final Fantasy IX. Wunderbar [&hellip;]<\/p>\n","protected":false},"featured_media":28646,"comment_status":"closed","ping_status":"closed","template":"","meta":[],"product_brand":[],"product_cat":[24,197,826,81],"product_tag":[198,3148,199,3149,3150,822,200,3145,3146,3147,795,154,255,136,137,379,381,552,665,380,382,547],"class_list":{"0":"post-28645","1":"product","2":"type-product","3":"status-publish","4":"has-post-thumbnail","6":"product_cat-action-figuren","7":"product_cat-final-fantasy","8":"product_cat-lagernd-vor-ort","9":"product_cat-statuen-computerspieluniversum","10":"product_tag-final-fantasy","11":"product_tag-final-fantasy-9","12":"product_tag-final-fantasy-collectibles","13":"product_tag-final-fantasy-garnet","14":"product_tag-final-fantasy-garnet-toy","15":"product_tag-final-fantasy-resin","16":"product_tag-final-fantasy-statuen","17":"product_tag-garnet","18":"product_tag-garnet-collectible","19":"product_tag-garnet-statue","20":"product_tag-handsomecake","21":"product_tag-resin-collectibles","22":"product_tag-resin-collectibles-kaufen","23":"product_tag-resin-statuen","24":"product_tag-resin-statuen-kaufen","25":"product_tag-statue-collectible","26":"product_tag-statue-collectibles","27":"product_tag-statue-collector","28":"product_tag-statuen-shop","29":"product_tag-statues-collectible","30":"product_tag-statues-collectibles","31":"product_tag-statues-collector","32":"pa_brand-solar-eclipse-studio","33":"pa_scale-1_to_4","35":"first","36":"instock","37":"taxable","38":"shipping-taxable","39":"product-type-simple"},"_links":{"self":[{"href":"https:\/\/store.handsomecake.com\/en\/wp-json\/wp\/v2\/product\/28645","targetHints":{"allow":["GET"]}}],"collection":[{"href":"https:\/\/store.handsomecake.com\/en\/wp-json\/wp\/v2\/product"}],"about":[{"href":"https:\/\/store.handsomecake.com\/en\/wp-json\/wp\/v2\/types\/product"}],"replies":[{"embeddable":true,"href":"https:\/\/store.handsomecake.com\/en\/wp-json\/wp\/v2\/comments?post=28645"}],"wp:featuredmedia":[{"embeddable":true,"href":"https:\/\/store.handsomecake.com\/en\/wp-json\/wp\/v2\/media\/28646"}],"wp:attachment":[{"href":"https:\/\/store.handsomecake.com\/en\/wp-json\/wp\/v2\/media?parent=28645"}],"wp:term":[{"taxonomy":"product_brand","embeddable":true,"href":"https:\/\/store.handsomecake.com\/en\/wp-json\/wp\/v2\/product_brand?post=28645"},{"taxonomy":"product_cat","embeddable":true,"href":"https:\/\/store.handsomecake.com\/en\/wp-json\/wp\/v2\/product_cat?post=28645"},{"taxonomy":"product_tag","embeddable":true,"href":"https:\/\/store.handsomecake.com\/en\/wp-json\/wp\/v2\/product_tag?post=28645"}],"curies":[{"name":"wp","href":"https:\/\/api.w.org\/{rel}","templated":true}]}}