{"id":28631,"date":"2024-01-14T01:28:30","date_gmt":"2024-01-14T01:28:30","guid":{"rendered":"https:\/\/store.handsomecake.com\/product\/legend-of-zelda-makeela-riju-14-resin-statue-von-wake-studio\/"},"modified":"2024-06-12T16:21:02","modified_gmt":"2024-06-12T16:21:02","slug":"legend-of-zelda-makeela-riju-14-resin-statue-von-wake-studio","status":"publish","type":"product","link":"https:\/\/store.handsomecake.com\/en\/product\/legend-of-zelda-makeela-riju-14-resin-statue-von-wake-studio\/","title":{"rendered":"Legend of Zelda &#8211; Makeela Riju | 1:4 Resin Statue | von Wake Studio"},"content":{"rendered":"<p><strong>Legend of Zelda &#8211; Makeela Riju | 1:4 Resin Statue | von Wake Studio<\/strong><\/p>\n<p>EU Taxfree! I do ship EU-wide, please contact me, should questions arise.<\/p>\n<p>Tolle Statue von der Anf\u00fchrerin des Gerudo-Volkes.<br \/>\nWunderbar verarbeitete und sehr detaillierte Statue von Link aus Polystone &#8211; k\u00fcnstlichem Stein-Harz-Gemisch.<\/p>\n<p><strong>Besonderheiten<\/strong>:<\/p>\n<ul>\n<li>100 St\u00fcck weltweit<\/li>\n<\/ul>\n<p><strong>Release-Status:<\/strong><\/p>\n<ul>\n<li>Pre order. Release ca. Ende Q3 2024 erwartet, bei uns im Lager voraussichtlich Ende Oktober 2024.<\/li>\n<li>Diese Angabe ist ohne Gew\u00e4hr! Wir leiten nur die Sch\u00e4tzung vom Hersteller weiter.<\/li>\n<li>Falls das Datum \u00fcberschritten wurde und hier immer noch eine Sch\u00e4tzung aus der Vergangenheit steht, dann bedeutet das _NICHT_, dass die Figur bereits im Lager in Deutschland ist. Sie ist _NUR_ dann auf Lager in Deutschland, wenn der Text dies entsprechend sagt und\/oder die Kategorie weiter oben &#8222;Lagernd vor Ort&#8220; hei\u00dft.<\/li>\n<\/ul>\n<p>Wie immer bei meinen Artikeln &#8211; s\u00e4mtliche Geb\u00fchren sind, im Gegensatz zu anderen Angeboten, bereits inkludiert. Versand erfolgt ausschlie\u00dflich aus Deutschland, es fallen keine Zoll- und Importgeb\u00fchren an. Ihr kauft keine Katze im Sack \ud83d\ude42<\/p>\n<p><strong>Ma\u00dfe der Statue:<\/strong><\/p>\n<ul>\n<li>Gr\u00f6\u00dfe : ca. H42cm x W42.5cm x L31cm<\/li>\n<li>Gewicht: ca. 14kg (gesch\u00e4tzt)<\/li>\n<\/ul>\n<p>You are not prepared! \ud83d\ude42<\/p>","protected":false},"excerpt":{"rendered":"<p>Legend of Zelda &#8211; Makeela Riju | 1:4 Resin Statue | von Wake Studio EU Taxfree! I do ship EU-wide, please contact me, should questions arise. Tolle Statue von der Anf\u00fchrerin des Gerudo-Volkes. Wunderbar verarbeitete und sehr detaillierte Statue von Link aus Polystone &#8211; k\u00fcnstlichem Stein-Harz-Gemisch. Besonderheiten: 100 St\u00fcck weltweit Release-Status: Pre order. Release ca. [&hellip;]<\/p>\n","protected":false},"featured_media":28632,"comment_status":"closed","ping_status":"closed","template":"","meta":[],"product_brand":[],"product_cat":[24,1207,568,81],"product_tag":[612,659,666,658,147,251,383,553,795,1215,3155,3153,3154,154,136,554,3152,3151,379,381,552,547,1216,1218,1217],"class_list":{"0":"post-28631","1":"product","2":"type-product","3":"status-publish","4":"has-post-thumbnail","6":"product_cat-action-figuren","7":"product_cat-legend-of-zelda","8":"product_cat-preorder","9":"product_cat-statuen-computerspieluniversum","10":"product_tag-anime","11":"product_tag-anime-figuren","12":"product_tag-anime-figuren-shop","13":"product_tag-anime-toys","14":"product_tag-collectibles","15":"product_tag-collectibles-kaufen","16":"product_tag-collector","17":"product_tag-figure-collector","18":"product_tag-handsomecake","19":"product_tag-legend-of-zelda","20":"product_tag-makeela-riju","21":"product_tag-makeela-riju-resin","22":"product_tag-makeela-riju-statue","23":"product_tag-resin-collectibles","24":"product_tag-resin-statuen","25":"product_tag-resin-statues","26":"product_tag-riju-collectibles","27":"product_tag-riju-makeela","28":"product_tag-statue-collectible","29":"product_tag-statue-collectibles","30":"product_tag-statue-collector","31":"product_tag-statues-collector","32":"product_tag-the-legend-of-zelda","33":"product_tag-zelda-collectibles","34":"product_tag-zelda-toys","35":"pa_brand-wake-studio","36":"pa_scale-1_to_4","38":"first","39":"instock","40":"taxable","41":"shipping-taxable","42":"product-type-simple"},"_links":{"self":[{"href":"https:\/\/store.handsomecake.com\/en\/wp-json\/wp\/v2\/product\/28631","targetHints":{"allow":["GET"]}}],"collection":[{"href":"https:\/\/store.handsomecake.com\/en\/wp-json\/wp\/v2\/product"}],"about":[{"href":"https:\/\/store.handsomecake.com\/en\/wp-json\/wp\/v2\/types\/product"}],"replies":[{"embeddable":true,"href":"https:\/\/store.handsomecake.com\/en\/wp-json\/wp\/v2\/comments?post=28631"}],"wp:featuredmedia":[{"embeddable":true,"href":"https:\/\/store.handsomecake.com\/en\/wp-json\/wp\/v2\/media\/28632"}],"wp:attachment":[{"href":"https:\/\/store.handsomecake.com\/en\/wp-json\/wp\/v2\/media?parent=28631"}],"wp:term":[{"taxonomy":"product_brand","embeddable":true,"href":"https:\/\/store.handsomecake.com\/en\/wp-json\/wp\/v2\/product_brand?post=28631"},{"taxonomy":"product_cat","embeddable":true,"href":"https:\/\/store.handsomecake.com\/en\/wp-json\/wp\/v2\/product_cat?post=28631"},{"taxonomy":"product_tag","embeddable":true,"href":"https:\/\/store.handsomecake.com\/en\/wp-json\/wp\/v2\/product_tag?post=28631"}],"curies":[{"name":"wp","href":"https:\/\/api.w.org\/{rel}","templated":true}]}}