{"id":2863,"date":"2021-04-15T20:58:37","date_gmt":"2021-04-15T20:58:37","guid":{"rendered":"https:\/\/store.handsomecake.com\/product\/dc-comics-harley-quinn-life-size-bust-11-resin-statue-von-infinity-studio\/"},"modified":"2024-06-27T22:10:22","modified_gmt":"2024-06-27T22:10:22","slug":"dc-comics-harley-quinn-life-size-bust-11-resin-statue-von-infinity-studio","status":"publish","type":"product","link":"https:\/\/store.handsomecake.com\/en\/product\/dc-comics-harley-quinn-life-size-bust-11-resin-statue-von-infinity-studio\/","title":{"rendered":"DC Comics &#8211; Harley Quinn Life Size Bust | 1:1 Resin Statue | von Infinity Studio"},"content":{"rendered":"<p>DC Comics &#8211; Harley Quinn Life Size Bust &#8218; 1:1 Resin Statue &#8218; von Infinity Studio<br \/>\nI do ship EU-wide, please contact me, should questions arise.<\/p>\n<p>Tolle B\u00fcste von Jokers treuer Begleiterin<br \/>\nWunderbar verarbeitete und sehr detaillierte Batman B\u00fcste aus Polystone &#8211; k\u00fcnstlichem Stein-Harz-Gemisch.<\/p>\n<p>Besonderheiten:<\/p>\n<ul>\n<li>weltweit 400 St\u00fcck<\/li>\n<\/ul>\n<p>Release-Status:<\/p>\n<ul>\n<li>Released. Ab Bestellzeitpunkt in ca. 3-4 Monaten bei euch.<\/li>\n<\/ul>\n<p>Wie immer bei meinen Aktionen &#8211; s\u00e4mtliche Geb\u00fchren sind, im Gegensatz zu anderen Angeboten, bereits inkludiert. Versand erfolgt ausschlie\u00dflich aus Deutschland, es fallen keine Zoll- und Importgeb\u00fchren an. Ihr kauft keine Katze im Sack \ud83d\ude42<\/p>\n<p>Ma\u00dfe der Statue:<br \/>\nGr\u00f6\u00dfe: ca. 88cm x 77cm x 47cm<br \/>\nGewicht: TBA, gesch\u00e4tzt 80kg<\/p>\n<p>You are not prepared! \ud83d\ude42<\/p>","protected":false},"excerpt":{"rendered":"<p>DC Comics &#8211; Harley Quinn Life Size Bust &#8218; 1:1 Resin Statue &#8218; von Infinity Studio I do ship EU-wide, please contact me, should questions arise. Tolle B\u00fcste von Jokers treuer Begleiterin Wunderbar verarbeitete und sehr detaillierte Batman B\u00fcste aus Polystone &#8211; k\u00fcnstlichem Stein-Harz-Gemisch. Besonderheiten: weltweit 400 St\u00fcck Release-Status: Released. Ab Bestellzeitpunkt in ca. 3-4 [&hellip;]<\/p>\n","protected":false},"featured_media":2864,"comment_status":"closed","ping_status":"closed","template":"","meta":[],"product_brand":[],"product_cat":[268,568,84],"product_tag":[514,469,470],"class_list":{"0":"post-2863","1":"product","2":"type-product","3":"status-publish","4":"has-post-thumbnail","6":"product_cat-dc","7":"product_cat-preorder","8":"product_cat-statuen-anime-comic-universum","9":"product_tag-lifesize","10":"product_tag-lifesize-collectibles","11":"product_tag-lifesize-statuen","12":"pa_brand-infinity-studio","13":"pa_scale-1_to_1","15":"first","16":"outofstock","17":"taxable","18":"shipping-taxable","19":"product-type-simple"},"_links":{"self":[{"href":"https:\/\/store.handsomecake.com\/en\/wp-json\/wp\/v2\/product\/2863","targetHints":{"allow":["GET"]}}],"collection":[{"href":"https:\/\/store.handsomecake.com\/en\/wp-json\/wp\/v2\/product"}],"about":[{"href":"https:\/\/store.handsomecake.com\/en\/wp-json\/wp\/v2\/types\/product"}],"replies":[{"embeddable":true,"href":"https:\/\/store.handsomecake.com\/en\/wp-json\/wp\/v2\/comments?post=2863"}],"wp:featuredmedia":[{"embeddable":true,"href":"https:\/\/store.handsomecake.com\/en\/wp-json\/wp\/v2\/media\/2864"}],"wp:attachment":[{"href":"https:\/\/store.handsomecake.com\/en\/wp-json\/wp\/v2\/media?parent=2863"}],"wp:term":[{"taxonomy":"product_brand","embeddable":true,"href":"https:\/\/store.handsomecake.com\/en\/wp-json\/wp\/v2\/product_brand?post=2863"},{"taxonomy":"product_cat","embeddable":true,"href":"https:\/\/store.handsomecake.com\/en\/wp-json\/wp\/v2\/product_cat?post=2863"},{"taxonomy":"product_tag","embeddable":true,"href":"https:\/\/store.handsomecake.com\/en\/wp-json\/wp\/v2\/product_tag?post=2863"}],"curies":[{"name":"wp","href":"https:\/\/api.w.org\/{rel}","templated":true}]}}